{"id":96,"date":"2023-01-09T14:40:21","date_gmt":"2023-01-09T13:40:21","guid":{"rendered":"https:\/\/automotoecoledestoril.fr\/one-page-express-pro\/"},"modified":"2025-03-22T11:09:35","modified_gmt":"2025-03-22T10:09:35","slug":"one-page-express-pro","status":"publish","type":"page","link":"https:\/\/automotoecoledestoril.fr\/","title":{"rendered":"Page d&rsquo;accueil"},"content":{"rendered":"<p >TOUTE L\u2019\u00c9QUIPE DE L\u2019AUTO-\u00c9COLE D\u2019ESTORIL VOUS SOUHAITE LA BIENVENUE POUR  L\u2019APPRENTISSAGE DE LA CONDUITE ET DE LA S\u00c9CURIT\u00c9 ROUTI\u00c8RE!<\/p><p >Que ce soit au code ou pour la conduite, nous sommes l\u00e0 pour vous accompagner vers votre r\u00e9ussite!<\/p><figure  class=\"wp-block-image size-full\"><a  href=\"https:\/\/automotoecoledestoril.fr\/wp-content\/uploads\/2025\/03\/image.png\" class=\"\"><img decoding=\"async\" width=\"640\" height=\"360\"   alt=\"\" class=\"wp-image-366 lws-optimize-lazyload\" srcset=\"https:\/\/automotoecoledestoril.fr\/wp-content\/uploads\/2025\/03\/image.png 640w, https:\/\/automotoecoledestoril.fr\/wp-content\/uploads\/2025\/03\/image-300x169.png 300w\" sizes=\"(max-width: 640px) 100vw, 640px\" data-src=\"https:\/\/automotoecoledestoril.fr\/wp-content\/uploads\/2025\/03\/image.png\"><\/a><\/figure><p ><strong ><u >HORAIRES D\u2019OUVERTURE<\/u><\/strong><\/p><figure  class=\"wp-block-table\"><table ><tbody ><tr ><td >&nbsp;<\/td><td >CODE<\/td><td >CONDUITE<\/td><\/tr><tr ><td >Lundi<\/td><td >Ferm\u00e9<\/td><td >Ferm\u00e9<\/td><\/tr><tr ><td >Mardi<\/td><td >15h00-19h00<\/td><td >9h00-20h00<\/td><\/tr><tr ><td >Mercredi&nbsp;<\/td><td >15h00-19h00<\/td><td >9h00-20h00<\/td><\/tr><tr ><td >Jeudi<\/td><td >15h00-19h00<\/td><td >9h00-20h00<\/td><\/tr><tr ><td >Vendredi<\/td><td >15h00-19h00<\/td><td >9h00-20h00<\/td><\/tr><tr ><td >Samedi<\/td><td >10h00-12h00\/14h00-16h00<\/td><td >9h00-18h00<\/td><\/tr><\/tbody><\/table><\/figure><div  id=\"about-us-2\" class=\"about-image-section-pro\" style=\"background-color: #ffffff; background-image: none;\" data-label=\"About us\" data-id=\"about-image-section-pro\" data-category=\"about\" data-ovid=\"ovid-about-us-2-293\">\n<div  class=\"gridContainer\">\n<div  class=\"row about-image-gridcol-pro\">\n<div  class=\"\" data-type=\"column\">&nbsp;<\/div>\n<\/div>\n<\/div>\n<\/div><div  id=\"overlapable-3\" class=\"features-image-cards-section stripped-features-image-cards-section\" style=\"background-color: #ffffff;\" data-label=\"Overlapable\" data-id=\"stripped-features-image-cards-section\" data-category=\"overlapable\" data-=\"\" data-overlap=\"true\">\n<div  class=\"gridContainer\">\n<div  class=\"features-image-cards-innerrow flexbox-list\" data-type=\"row\">\n<div  class=\"features-image-cards-cardcol cp4cols cp6cols-tablet\">\n<div  class=\"features-image-cards-cardrow\"><img decoding=\"async\"  class=\"features-image-cards-featimg lws-optimize-lazyload\"  alt=\"\" data-src=\"https:\/\/automotoecoledestoril.fr\/wp-content\/uploads\/2023\/01\/ae1.png\">\n<div  class=\"features-image-cards-cardtextrow\" data-type=\"column\"><hr  class=\"features-image-cards-separator\"><\/div>\n<\/div>\n<\/div>\n<div  class=\"features-image-cards-cardcol cp4cols cp6cols-tablet\">\n<div  class=\"features-image-cards-cardrow\"><img decoding=\"async\"  class=\"features-image-cards-featimg lws-optimize-lazyload\"  alt=\"\" data-src=\"https:\/\/automotoecoledestoril.fr\/wp-content\/uploads\/2023\/01\/ae2.png\">\n<div  class=\"features-image-cards-cardtextrow\" data-type=\"column\"><hr  class=\"features-image-cards-separator\"><\/div>\n<\/div>\n<\/div>\n<div  class=\"features-image-cards-cardcol cp4cols cp6cols-tablet\">\n<div  class=\"features-image-cards-cardrow\"><img decoding=\"async\"  class=\"features-image-cards-featimg lws-optimize-lazyload\"  alt=\"\" data-src=\"https:\/\/automotoecoledestoril.fr\/wp-content\/uploads\/2023\/01\/PERMIS-IDF.jpg\">\n<div  class=\"features-image-cards-cardtextrow\" data-type=\"column\"><hr  class=\"features-image-cards-separator\"><\/div>\n<\/div>\n<\/div>\n<\/div>\n<\/div>\n<\/div><div  id=\"contact-2\" class=\"contact-3-section\" style=\"background-color: #f6f6f6;\" data-label=\"Contact\" data-id=\"contact-3-section\" data-category=\"contact\">\n<div  class=\"gridContainer dynamic-color\">\n<div  class=\"contact-3-section-textrow\">\n<div  class=\"contact-3-section-textcol\" data-type=\"column\">\n<p  class=\"\">Pour toutes demandes de renseignements ou r\u00e9clamations, n\u2019h\u00e9sitez pas \u00e0 remplir le formulaire ci-dessous.<\/p>\n<p  class=\"\">Une r\u00e9ponse par mail ou par t\u00e9l\u00e9phone vous serez adress\u00e9e dans un d\u00e9lai de 72h (jours ouvr\u00e9s).<\/p>\n<\/div>\n<\/div>\n<div  class=\"contact-2columns-contentrow\">\n<div  class=\"contact-3-section-formrow\">\n<div  class=\"contact-3-section-formcol\" data-content-shortcode=\"one_page_express_contact_form shortcode=&quot;contact-form-7 id=&amp;amp;quot;98&amp;amp;quot; title=&amp;amp;quot;Formulaire de contact 1&amp;amp;quot;&quot;\" data-editable=\"true\">\n<div class=\"wpcf7 no-js\" id=\"wpcf7-f98-o1\" lang=\"fr-FR\" dir=\"ltr\">\n<div class=\"screen-reader-response\"><p role=\"status\" aria-live=\"polite\" aria-atomic=\"true\"><\/p> <ul><\/ul><\/div>\n<form action=\"\/index.php?rest_route=%2Fwp%2Fv2%2Fpages%2F96#wpcf7-f98-o1\" method=\"post\" class=\"wpcf7-form init\" aria-label=\"Formulaire de contact\" novalidate=\"novalidate\" data-status=\"init\">\n<div style=\"display: none;\">\n<input type=\"hidden\" name=\"_wpcf7\" value=\"98\" \/>\n<input type=\"hidden\" name=\"_wpcf7_version\" value=\"5.8.3\" \/>\n<input type=\"hidden\" name=\"_wpcf7_locale\" value=\"fr_FR\" \/>\n<input type=\"hidden\" name=\"_wpcf7_unit_tag\" value=\"wpcf7-f98-o1\" \/>\n<input type=\"hidden\" name=\"_wpcf7_container_post\" value=\"0\" \/>\n<input type=\"hidden\" name=\"_wpcf7_posted_data_hash\" value=\"\" \/>\n<\/div>\n<p><label> Votre nom<br \/>\n<span class=\"wpcf7-form-control-wrap\" data-name=\"your-name\"><input size=\"40\" class=\"wpcf7-form-control wpcf7-text wpcf7-validates-as-required\" autocomplete=\"name\" aria-required=\"true\" aria-invalid=\"false\" value=\"\" type=\"text\" name=\"your-name\" \/><\/span> <\/label>\n<\/p>\n<p><label> Votre e-mail<br \/>\n<span class=\"wpcf7-form-control-wrap\" data-name=\"your-email\"><input size=\"40\" class=\"wpcf7-form-control wpcf7-email wpcf7-validates-as-required wpcf7-text wpcf7-validates-as-email\" autocomplete=\"email\" aria-required=\"true\" aria-invalid=\"false\" value=\"\" type=\"email\" name=\"your-email\" \/><\/span> <\/label>\n<\/p>\n<p><label> Objet<br \/>\n<span class=\"wpcf7-form-control-wrap\" data-name=\"your-subject\"><input size=\"40\" class=\"wpcf7-form-control wpcf7-text wpcf7-validates-as-required\" aria-required=\"true\" aria-invalid=\"false\" value=\"\" type=\"text\" name=\"your-subject\" \/><\/span> <\/label>\n<\/p>\n<p><label> Votre message (facultatif)<br \/>\n<span class=\"wpcf7-form-control-wrap\" data-name=\"your-message\"><textarea cols=\"40\" rows=\"10\" class=\"wpcf7-form-control wpcf7-textarea\" aria-invalid=\"false\" name=\"your-message\"><\/textarea><\/span> <\/label>\n<\/p>\n<p><input class=\"wpcf7-form-control wpcf7-submit has-spinner\" type=\"submit\" value=\"Envoyer\" \/>\n<\/p><div class=\"wpcf7-response-output\" aria-hidden=\"true\"><\/div>\n<\/form>\n<\/div>\n<\/div>\n<\/div>\n<div  class=\"contact-3-section-contactcol\" data-type=\"column\">\n<div  class=\"contact-map-contactcol\">\n<div  class=\"contact-3-section-itemrow\">\n<div  class=\"contact-3-section-iconcol\" data-preview-empty=\"1\">&nbsp;<\/div>\n<div  class=\"contact-3-section-info-text\" data-preview-empty=\"1\">&nbsp;<\/div>\n<\/div>\n<div  class=\"contact-3-section-itemrow\">\n<div  class=\"contact-3-section-iconcol\" data-preview-empty=\"1\">&nbsp;<\/div>\n<div  class=\"contact-3-section-info-text\" data-preview-empty=\"1\">&nbsp;<\/div>\n<\/div>\n<div  class=\"contact-3-section-itemrow\">\n<div  class=\"contact-3-section-iconcol\" data-preview-empty=\"1\">&nbsp;<\/div>\n<div  class=\"contact-3-section-info-text\" data-preview-empty=\"1\">&nbsp;<\/div>\n<\/div>\n<div  class=\"contact-3-section-itemrow\">\n<div  class=\"contact-3-section-iconcol\" data-preview-empty=\"1\">&nbsp;<\/div>\n<div  class=\"contact-3-section-info-text\" data-preview-empty=\"1\">&nbsp;<\/div>\n<\/div>\n<\/div>\n<div  class=\"contact-3-section-map-container\" data-editable=\"true\" data-content-shortcode=\"one_page_express_maps address=&quot;Ozoir la Ferriere&quot; zoom=&quot;65&quot;\">        <div class=\"ope-google-maps\" style=\"width:100%\">\n            <iframe style=\"width:100%; height:100%;min-height:inherit;display:block;\" src=\"https:\/\/maps.google.com\/maps?q=Ozoir%20la%20Ferriere&#038;z=14&#038;output=embed&#038;iwloc=near\"><\/iframe>\n        <\/div>\n    <\/div>\n<p  class=\"\">Auto Moto Ecole d\u2019Estoril<\/p>\n<p  class=\"\">12 Av. du G\u00e9n\u00e9ral de Gaulle<\/p>\n<p  class=\"\">77330 Ozoir la Ferri\u00e8re<\/p>\n<p  class=\"\">T\u00e9l. : 01 64 40 27 97<\/p>\n<\/div>\n<\/div>\n<\/div>\n<\/div>","protected":false},"excerpt":{"rendered":"<p>TOUTE L\u2019\u00c9QUIPE DE L\u2019AUTO-\u00c9COLE D\u2019ESTORIL VOUS SOUHAITE LA BIENVENUE POUR L\u2019APPRENTISSAGE DE LA CONDUITE ET DE LA S\u00c9CURIT\u00c9 ROUTI\u00c8RE!Que ce soit au code ou pour la conduite, nous sommes l\u00e0 pour vous accompagner vers votre r\u00e9ussite!HORAIRES D\u2019OUVERTURE&nbsp;CODECONDUITELundiFerm\u00e9Ferm\u00e9Mardi15h00-19h009h00-20h00Mercredi&nbsp;15h00-19h009h00-20h00Jeudi15h00-19h009h00-20h00Vendredi15h00-19h009h00-20h00Samedi10h00-12h00\/14h00-16h009h00-18h00 &nbsp; Pour toutes demandes de renseignements ou r\u00e9clamations, n\u2019h\u00e9sitez pas \u00e0 remplir le formulaire ci-dessous. Une r\u00e9ponse par&hellip; <br \/> <a class=\"button small blue\" href=\"https:\/\/automotoecoledestoril.fr\/?p=1\">Lire la suite<\/a><\/p>\n","protected":false},"author":1,"featured_media":0,"parent":0,"menu_order":0,"comment_status":"closed","ping_status":"closed","template":"","meta":{"footnotes":""},"yoast_head":"<!-- This site is optimized with the Yoast SEO plugin v21.5 - https:\/\/yoast.com\/wordpress\/plugins\/seo\/ -->\n<title>Page d&#039;accueil - Auto Ecole d&#039;Estoril<\/title>\n<meta name=\"robots\" content=\"index, follow, max-snippet:-1, max-image-preview:large, max-video-preview:-1\" \/>\n<link rel=\"canonical\" href=\"https:\/\/automotoecoledestoril.fr\/\" \/>\n<meta property=\"og:locale\" content=\"fr_FR\" \/>\n<meta property=\"og:type\" content=\"article\" \/>\n<meta property=\"og:title\" content=\"Page d&#039;accueil - Auto Ecole d&#039;Estoril\" \/>\n<meta property=\"og:description\" content=\"TOUTE L\u2019\u00c9QUIPE DE L\u2019AUTO-\u00c9COLE D\u2019ESTORIL VOUS SOUHAITE LA BIENVENUE POUR L\u2019APPRENTISSAGE DE LA CONDUITE ET DE LA S\u00c9CURIT\u00c9 ROUTI\u00c8RE!Que ce soit au code ou pour la conduite, nous sommes l\u00e0 pour vous accompagner vers votre r\u00e9ussite!HORAIRES D\u2019OUVERTURE&nbsp;CODECONDUITELundiFerm\u00e9Ferm\u00e9Mardi15h00-19h009h00-20h00Mercredi&nbsp;15h00-19h009h00-20h00Jeudi15h00-19h009h00-20h00Vendredi15h00-19h009h00-20h00Samedi10h00-12h00\/14h00-16h009h00-18h00 &nbsp; Pour toutes demandes de renseignements ou r\u00e9clamations, n\u2019h\u00e9sitez pas \u00e0 remplir le formulaire ci-dessous. Une r\u00e9ponse par&hellip; Lire la suite\" \/>\n<meta property=\"og:url\" content=\"https:\/\/automotoecoledestoril.fr\/\" \/>\n<meta property=\"og:site_name\" content=\"Auto Ecole d&#039;Estoril\" \/>\n<meta property=\"article:modified_time\" content=\"2025-03-22T10:09:35+00:00\" \/>\n<meta property=\"og:image\" content=\"https:\/\/automotoecoledestoril.fr\/wp-content\/uploads\/2025\/03\/image.png\" \/>\n<meta name=\"twitter:label1\" content=\"Dur\u00e9e de lecture estim\u00e9e\" \/>\n\t<meta name=\"twitter:data1\" content=\"2 minutes\" \/>\n<script type=\"application\/ld+json\" class=\"yoast-schema-graph\">{\"@context\":\"https:\/\/schema.org\",\"@graph\":[{\"@type\":\"WebPage\",\"@id\":\"https:\/\/automotoecoledestoril.fr\/\",\"url\":\"https:\/\/automotoecoledestoril.fr\/\",\"name\":\"Page d'accueil - Auto Ecole d&#039;Estoril\",\"isPartOf\":{\"@id\":\"https:\/\/automotoecoledestoril.fr\/#website\"},\"datePublished\":\"2023-01-09T13:40:21+00:00\",\"dateModified\":\"2025-03-22T10:09:35+00:00\",\"inLanguage\":\"fr-FR\",\"potentialAction\":[{\"@type\":\"ReadAction\",\"target\":[\"https:\/\/automotoecoledestoril.fr\/\"]}]},{\"@type\":\"WebSite\",\"@id\":\"https:\/\/automotoecoledestoril.fr\/#website\",\"url\":\"https:\/\/automotoecoledestoril.fr\/\",\"name\":\"Auto Ecole d&#039;Estoril\",\"description\":\"\",\"publisher\":{\"@id\":\"https:\/\/automotoecoledestoril.fr\/#organization\"},\"potentialAction\":[{\"@type\":\"SearchAction\",\"target\":{\"@type\":\"EntryPoint\",\"urlTemplate\":\"https:\/\/automotoecoledestoril.fr\/?s={search_term_string}\"},\"query-input\":\"required name=search_term_string\"}],\"inLanguage\":\"fr-FR\"},{\"@type\":\"Organization\",\"@id\":\"https:\/\/automotoecoledestoril.fr\/#organization\",\"name\":\"Auto Ecole d&#039;Estoril\",\"url\":\"https:\/\/automotoecoledestoril.fr\/\",\"logo\":{\"@type\":\"ImageObject\",\"inLanguage\":\"fr-FR\",\"@id\":\"https:\/\/automotoecoledestoril.fr\/#\/schema\/logo\/image\/\",\"url\":\"https:\/\/automotoecoledestoril.fr\/wp-content\/uploads\/2023\/11\/cropped-estoril.png\",\"contentUrl\":\"https:\/\/automotoecoledestoril.fr\/wp-content\/uploads\/2023\/11\/cropped-estoril.png\",\"width\":1071,\"height\":358,\"caption\":\"Auto Ecole d&#039;Estoril\"},\"image\":{\"@id\":\"https:\/\/automotoecoledestoril.fr\/#\/schema\/logo\/image\/\"}}]}<\/script>\n<!-- \/ Yoast SEO plugin. -->","yoast_head_json":{"title":"Page d'accueil - Auto Ecole d&#039;Estoril","robots":{"index":"index","follow":"follow","max-snippet":"max-snippet:-1","max-image-preview":"max-image-preview:large","max-video-preview":"max-video-preview:-1"},"canonical":"https:\/\/automotoecoledestoril.fr\/","og_locale":"fr_FR","og_type":"article","og_title":"Page d'accueil - Auto Ecole d&#039;Estoril","og_description":"TOUTE L\u2019\u00c9QUIPE DE L\u2019AUTO-\u00c9COLE D\u2019ESTORIL VOUS SOUHAITE LA BIENVENUE POUR L\u2019APPRENTISSAGE DE LA CONDUITE ET DE LA S\u00c9CURIT\u00c9 ROUTI\u00c8RE!Que ce soit au code ou pour la conduite, nous sommes l\u00e0 pour vous accompagner vers votre r\u00e9ussite!HORAIRES D\u2019OUVERTURE&nbsp;CODECONDUITELundiFerm\u00e9Ferm\u00e9Mardi15h00-19h009h00-20h00Mercredi&nbsp;15h00-19h009h00-20h00Jeudi15h00-19h009h00-20h00Vendredi15h00-19h009h00-20h00Samedi10h00-12h00\/14h00-16h009h00-18h00 &nbsp; Pour toutes demandes de renseignements ou r\u00e9clamations, n\u2019h\u00e9sitez pas \u00e0 remplir le formulaire ci-dessous. Une r\u00e9ponse par&hellip; Lire la suite","og_url":"https:\/\/automotoecoledestoril.fr\/","og_site_name":"Auto Ecole d&#039;Estoril","article_modified_time":"2025-03-22T10:09:35+00:00","og_image":[{"url":"https:\/\/automotoecoledestoril.fr\/wp-content\/uploads\/2025\/03\/image.png"}],"twitter_misc":{"Dur\u00e9e de lecture estim\u00e9e":"2 minutes"},"schema":{"@context":"https:\/\/schema.org","@graph":[{"@type":"WebPage","@id":"https:\/\/automotoecoledestoril.fr\/","url":"https:\/\/automotoecoledestoril.fr\/","name":"Page d'accueil - Auto Ecole d&#039;Estoril","isPartOf":{"@id":"https:\/\/automotoecoledestoril.fr\/#website"},"datePublished":"2023-01-09T13:40:21+00:00","dateModified":"2025-03-22T10:09:35+00:00","inLanguage":"fr-FR","potentialAction":[{"@type":"ReadAction","target":["https:\/\/automotoecoledestoril.fr\/"]}]},{"@type":"WebSite","@id":"https:\/\/automotoecoledestoril.fr\/#website","url":"https:\/\/automotoecoledestoril.fr\/","name":"Auto Ecole d&#039;Estoril","description":"","publisher":{"@id":"https:\/\/automotoecoledestoril.fr\/#organization"},"potentialAction":[{"@type":"SearchAction","target":{"@type":"EntryPoint","urlTemplate":"https:\/\/automotoecoledestoril.fr\/?s={search_term_string}"},"query-input":"required name=search_term_string"}],"inLanguage":"fr-FR"},{"@type":"Organization","@id":"https:\/\/automotoecoledestoril.fr\/#organization","name":"Auto Ecole d&#039;Estoril","url":"https:\/\/automotoecoledestoril.fr\/","logo":{"@type":"ImageObject","inLanguage":"fr-FR","@id":"https:\/\/automotoecoledestoril.fr\/#\/schema\/logo\/image\/","url":"https:\/\/automotoecoledestoril.fr\/wp-content\/uploads\/2023\/11\/cropped-estoril.png","contentUrl":"https:\/\/automotoecoledestoril.fr\/wp-content\/uploads\/2023\/11\/cropped-estoril.png","width":1071,"height":358,"caption":"Auto Ecole d&#039;Estoril"},"image":{"@id":"https:\/\/automotoecoledestoril.fr\/#\/schema\/logo\/image\/"}}]}},"_links":{"self":[{"href":"https:\/\/automotoecoledestoril.fr\/index.php?rest_route=\/wp\/v2\/pages\/96"}],"collection":[{"href":"https:\/\/automotoecoledestoril.fr\/index.php?rest_route=\/wp\/v2\/pages"}],"about":[{"href":"https:\/\/automotoecoledestoril.fr\/index.php?rest_route=\/wp\/v2\/types\/page"}],"author":[{"embeddable":true,"href":"https:\/\/automotoecoledestoril.fr\/index.php?rest_route=\/wp\/v2\/users\/1"}],"replies":[{"embeddable":true,"href":"https:\/\/automotoecoledestoril.fr\/index.php?rest_route=%2Fwp%2Fv2%2Fcomments&post=96"}],"version-history":[{"count":31,"href":"https:\/\/automotoecoledestoril.fr\/index.php?rest_route=\/wp\/v2\/pages\/96\/revisions"}],"predecessor-version":[{"id":372,"href":"https:\/\/automotoecoledestoril.fr\/index.php?rest_route=\/wp\/v2\/pages\/96\/revisions\/372"}],"wp:attachment":[{"href":"https:\/\/automotoecoledestoril.fr\/index.php?rest_route=%2Fwp%2Fv2%2Fmedia&parent=96"}],"curies":[{"name":"wp","href":"https:\/\/api.w.org\/{rel}","templated":true}]}}