{"id":334,"date":"2025-03-21T16:34:29","date_gmt":"2025-03-21T15:34:29","guid":{"rendered":"https:\/\/automotoecoledestoril.fr\/?page_id=334"},"modified":"2025-03-21T18:47:00","modified_gmt":"2025-03-21T17:47:00","slug":"documentation","status":"publish","type":"page","link":"https:\/\/automotoecoledestoril.fr\/?page_id=334","title":{"rendered":"LABEL QUALIT\u00c9"},"content":{"rendered":"\n<figure class=\"wp-block-image size-full\"><a href=\"https:\/\/automotoecoledestoril.fr\/wp-content\/uploads\/2025\/03\/LOGO-LABEl-rotated.jpg\"><img width=\"403\" height=\"392\"  alt=\"\" class=\"wp-image-348 lws-optimize-lazyload\"\/ data-src=\"https:\/\/automotoecoledestoril.fr\/wp-content\/uploads\/2025\/03\/LOGO-LABEl-rotated.jpg\" srcset=\"https:\/\/automotoecoledestoril.fr\/wp-content\/uploads\/2025\/03\/LOGO-LABEl-rotated.jpg 403w, https:\/\/automotoecoledestoril.fr\/wp-content\/uploads\/2025\/03\/LOGO-LABEl-300x292.jpg 300w\" sizes=\"(max-width: 403px) 100vw, 403px\" \/><\/a><\/figure>\n\n\n\n<h2 class=\"wp-block-heading\">Label : qualit\u00e9 des formations au sein des \u00e9coles de conduite<\/h2>\n\n\n\n<p>Le Conseil sup\u00e9rieur de l\u2019\u00e9ducation routi\u00e8re a d\u00e9fini l\u2019ensemble des crit\u00e8res de qualit\u00e9 relatifs \u00e0 la qualit\u00e9 des actions de la formation professionnelle continue.<\/p>\n\n\n\n<p>Ces crit\u00e8res ont \u00e9t\u00e9 retenus dans le cadre du label \u00ab qualit\u00e9 des formations au sein des \u00e9coles de conduite \u00bb dont certains doivent obligatoirement appara\u00eetre sur le site Internet.<\/p>\n\n\n\n<p>Ce label est gratuit et repose avant tout sur une d\u00e9marche volontaire des \u00e9coles de conduite et des associations agr\u00e9\u00e9es qui feront cependant l&rsquo;objet de contr\u00f4les de la part des inspecteurs du permis de conduire et de la s\u00e9curit\u00e9 routi\u00e8re (IPCSR) afin d&rsquo;en v\u00e9rifier le respect.<\/p>\n\n\n\n<h3 class=\"wp-block-heading\">Le label autorise l\u2019auto-\u00e9cole \u00e0 proposer<\/h3>\n\n\n\n<p>\u2714\ufe0f La formation compl\u00e9mentaire \u00ab&nbsp;postpermis&nbsp;\u00bb<br>\u2714\ufe0f La formation bo\u00eetes manuelles de 7 h suite au permis de conduire en bo\u00eete automatique<br>\u2714\ufe0f La formation de 7 h pour la conduite d\u2019un v\u00e9hicule attel\u00e9 \u00e0 une remorque<\/p>\n\n\n\n<h3 class=\"wp-block-heading\">Les engagement de l\u2019auto-\u00e9cole labellis\u00e9e<\/h3>\n\n\n\n<p>\u2714\ufe0f Des offres et tarifs transparents<br>\u2714\ufe0f Une \u00e9quipe p\u00e9dagogique qualifi\u00e9e et des formations de qualit\u00e9<br>\u2714\ufe0f Un accompagnement personnalis\u00e9<br>\u2714\ufe0f Une \u00e9cole \u00e9valu\u00e9e par ses \u00e9l\u00e8ves<br>\u2714\ufe0f Une s\u00e9curit\u00e9 financi\u00e8re<\/p>\n","protected":false},"excerpt":{"rendered":"<p>Label : qualit\u00e9 des formations au sein des \u00e9coles de conduite Le Conseil sup\u00e9rieur de l\u2019\u00e9ducation routi\u00e8re a d\u00e9fini l\u2019ensemble des crit\u00e8res de qualit\u00e9 relatifs \u00e0 la qualit\u00e9 des actions de la formation professionnelle continue. Ces crit\u00e8res ont \u00e9t\u00e9 retenus dans le cadre du label \u00ab qualit\u00e9 des formations au sein des \u00e9coles de conduite&hellip; <br \/> <a class=\"button small blue\" href=\"https:\/\/automotoecoledestoril.fr\/?page_id=334\">Lire la suite<\/a><\/p>\n","protected":false},"author":1,"featured_media":0,"parent":0,"menu_order":0,"comment_status":"closed","ping_status":"closed","template":"","meta":{"footnotes":""},"yoast_head":"<!-- This site is optimized with the Yoast SEO plugin v21.5 - https:\/\/yoast.com\/wordpress\/plugins\/seo\/ -->\n<title>LABEL QUALIT\u00c9 - Auto Ecole d&#039;Estoril<\/title>\n<meta name=\"robots\" content=\"index, follow, max-snippet:-1, max-image-preview:large, max-video-preview:-1\" \/>\n<link rel=\"canonical\" href=\"https:\/\/automotoecoledestoril.fr\/?page_id=334\" \/>\n<meta property=\"og:locale\" content=\"fr_FR\" \/>\n<meta property=\"og:type\" content=\"article\" \/>\n<meta property=\"og:title\" content=\"LABEL QUALIT\u00c9 - Auto Ecole d&#039;Estoril\" \/>\n<meta property=\"og:description\" content=\"Label : qualit\u00e9 des formations au sein des \u00e9coles de conduite Le Conseil sup\u00e9rieur de l\u2019\u00e9ducation routi\u00e8re a d\u00e9fini l\u2019ensemble des crit\u00e8res de qualit\u00e9 relatifs \u00e0 la qualit\u00e9 des actions de la formation professionnelle continue. Ces crit\u00e8res ont \u00e9t\u00e9 retenus dans le cadre du label \u00ab qualit\u00e9 des formations au sein des \u00e9coles de conduite&hellip; Lire la suite\" \/>\n<meta property=\"og:url\" content=\"https:\/\/automotoecoledestoril.fr\/?page_id=334\" \/>\n<meta property=\"og:site_name\" content=\"Auto Ecole d&#039;Estoril\" \/>\n<meta property=\"article:modified_time\" content=\"2025-03-21T17:47:00+00:00\" \/>\n<meta property=\"og:image\" content=\"https:\/\/automotoecoledestoril.fr\/wp-content\/uploads\/2025\/03\/LOGO-LABEl-rotated.jpg\" \/>\n<meta name=\"twitter:label1\" content=\"Dur\u00e9e de lecture estim\u00e9e\" \/>\n\t<meta name=\"twitter:data1\" content=\"2 minutes\" \/>\n<script type=\"application\/ld+json\" class=\"yoast-schema-graph\">{\"@context\":\"https:\/\/schema.org\",\"@graph\":[{\"@type\":\"WebPage\",\"@id\":\"https:\/\/automotoecoledestoril.fr\/?page_id=334\",\"url\":\"https:\/\/automotoecoledestoril.fr\/?page_id=334\",\"name\":\"LABEL QUALIT\u00c9 - Auto Ecole d&#039;Estoril\",\"isPartOf\":{\"@id\":\"https:\/\/automotoecoledestoril.fr\/#website\"},\"datePublished\":\"2025-03-21T15:34:29+00:00\",\"dateModified\":\"2025-03-21T17:47:00+00:00\",\"inLanguage\":\"fr-FR\",\"potentialAction\":[{\"@type\":\"ReadAction\",\"target\":[\"https:\/\/automotoecoledestoril.fr\/?page_id=334\"]}]},{\"@type\":\"WebSite\",\"@id\":\"https:\/\/automotoecoledestoril.fr\/#website\",\"url\":\"https:\/\/automotoecoledestoril.fr\/\",\"name\":\"Auto Ecole d&#039;Estoril\",\"description\":\"\",\"publisher\":{\"@id\":\"https:\/\/automotoecoledestoril.fr\/#organization\"},\"potentialAction\":[{\"@type\":\"SearchAction\",\"target\":{\"@type\":\"EntryPoint\",\"urlTemplate\":\"https:\/\/automotoecoledestoril.fr\/?s={search_term_string}\"},\"query-input\":\"required name=search_term_string\"}],\"inLanguage\":\"fr-FR\"},{\"@type\":\"Organization\",\"@id\":\"https:\/\/automotoecoledestoril.fr\/#organization\",\"name\":\"Auto Ecole d&#039;Estoril\",\"url\":\"https:\/\/automotoecoledestoril.fr\/\",\"logo\":{\"@type\":\"ImageObject\",\"inLanguage\":\"fr-FR\",\"@id\":\"https:\/\/automotoecoledestoril.fr\/#\/schema\/logo\/image\/\",\"url\":\"https:\/\/automotoecoledestoril.fr\/wp-content\/uploads\/2023\/11\/cropped-estoril.png\",\"contentUrl\":\"https:\/\/automotoecoledestoril.fr\/wp-content\/uploads\/2023\/11\/cropped-estoril.png\",\"width\":1071,\"height\":358,\"caption\":\"Auto Ecole d&#039;Estoril\"},\"image\":{\"@id\":\"https:\/\/automotoecoledestoril.fr\/#\/schema\/logo\/image\/\"}}]}<\/script>\n<!-- \/ Yoast SEO plugin. -->","yoast_head_json":{"title":"LABEL QUALIT\u00c9 - Auto Ecole d&#039;Estoril","robots":{"index":"index","follow":"follow","max-snippet":"max-snippet:-1","max-image-preview":"max-image-preview:large","max-video-preview":"max-video-preview:-1"},"canonical":"https:\/\/automotoecoledestoril.fr\/?page_id=334","og_locale":"fr_FR","og_type":"article","og_title":"LABEL QUALIT\u00c9 - Auto Ecole d&#039;Estoril","og_description":"Label : qualit\u00e9 des formations au sein des \u00e9coles de conduite Le Conseil sup\u00e9rieur de l\u2019\u00e9ducation routi\u00e8re a d\u00e9fini l\u2019ensemble des crit\u00e8res de qualit\u00e9 relatifs \u00e0 la qualit\u00e9 des actions de la formation professionnelle continue. Ces crit\u00e8res ont \u00e9t\u00e9 retenus dans le cadre du label \u00ab qualit\u00e9 des formations au sein des \u00e9coles de conduite&hellip; Lire la suite","og_url":"https:\/\/automotoecoledestoril.fr\/?page_id=334","og_site_name":"Auto Ecole d&#039;Estoril","article_modified_time":"2025-03-21T17:47:00+00:00","og_image":[{"url":"https:\/\/automotoecoledestoril.fr\/wp-content\/uploads\/2025\/03\/LOGO-LABEl-rotated.jpg"}],"twitter_misc":{"Dur\u00e9e de lecture estim\u00e9e":"2 minutes"},"schema":{"@context":"https:\/\/schema.org","@graph":[{"@type":"WebPage","@id":"https:\/\/automotoecoledestoril.fr\/?page_id=334","url":"https:\/\/automotoecoledestoril.fr\/?page_id=334","name":"LABEL QUALIT\u00c9 - Auto Ecole d&#039;Estoril","isPartOf":{"@id":"https:\/\/automotoecoledestoril.fr\/#website"},"datePublished":"2025-03-21T15:34:29+00:00","dateModified":"2025-03-21T17:47:00+00:00","inLanguage":"fr-FR","potentialAction":[{"@type":"ReadAction","target":["https:\/\/automotoecoledestoril.fr\/?page_id=334"]}]},{"@type":"WebSite","@id":"https:\/\/automotoecoledestoril.fr\/#website","url":"https:\/\/automotoecoledestoril.fr\/","name":"Auto Ecole d&#039;Estoril","description":"","publisher":{"@id":"https:\/\/automotoecoledestoril.fr\/#organization"},"potentialAction":[{"@type":"SearchAction","target":{"@type":"EntryPoint","urlTemplate":"https:\/\/automotoecoledestoril.fr\/?s={search_term_string}"},"query-input":"required name=search_term_string"}],"inLanguage":"fr-FR"},{"@type":"Organization","@id":"https:\/\/automotoecoledestoril.fr\/#organization","name":"Auto Ecole d&#039;Estoril","url":"https:\/\/automotoecoledestoril.fr\/","logo":{"@type":"ImageObject","inLanguage":"fr-FR","@id":"https:\/\/automotoecoledestoril.fr\/#\/schema\/logo\/image\/","url":"https:\/\/automotoecoledestoril.fr\/wp-content\/uploads\/2023\/11\/cropped-estoril.png","contentUrl":"https:\/\/automotoecoledestoril.fr\/wp-content\/uploads\/2023\/11\/cropped-estoril.png","width":1071,"height":358,"caption":"Auto Ecole d&#039;Estoril"},"image":{"@id":"https:\/\/automotoecoledestoril.fr\/#\/schema\/logo\/image\/"}}]}},"_links":{"self":[{"href":"https:\/\/automotoecoledestoril.fr\/index.php?rest_route=\/wp\/v2\/pages\/334"}],"collection":[{"href":"https:\/\/automotoecoledestoril.fr\/index.php?rest_route=\/wp\/v2\/pages"}],"about":[{"href":"https:\/\/automotoecoledestoril.fr\/index.php?rest_route=\/wp\/v2\/types\/page"}],"author":[{"embeddable":true,"href":"https:\/\/automotoecoledestoril.fr\/index.php?rest_route=\/wp\/v2\/users\/1"}],"replies":[{"embeddable":true,"href":"https:\/\/automotoecoledestoril.fr\/index.php?rest_route=%2Fwp%2Fv2%2Fcomments&post=334"}],"version-history":[{"count":3,"href":"https:\/\/automotoecoledestoril.fr\/index.php?rest_route=\/wp\/v2\/pages\/334\/revisions"}],"predecessor-version":[{"id":350,"href":"https:\/\/automotoecoledestoril.fr\/index.php?rest_route=\/wp\/v2\/pages\/334\/revisions\/350"}],"wp:attachment":[{"href":"https:\/\/automotoecoledestoril.fr\/index.php?rest_route=%2Fwp%2Fv2%2Fmedia&parent=334"}],"curies":[{"name":"wp","href":"https:\/\/api.w.org\/{rel}","templated":true}]}}