{"id":109,"date":"2023-01-09T15:55:22","date_gmt":"2023-01-09T14:55:22","guid":{"rendered":"https:\/\/automotoecoledestoril.fr\/?page_id=109"},"modified":"2023-12-13T09:47:55","modified_gmt":"2023-12-13T08:47:55","slug":"simulateur","status":"publish","type":"page","link":"https:\/\/automotoecoledestoril.fr\/?page_id=109","title":{"rendered":"Simulateur"},"content":{"rendered":"<div  data-label=\"About us\" data-id=\"about-image-section-pro\" data-category=\"about\" class=\"about-image-section-pro\" id=\"about-us-2\" style=\"background-color: rgb(246, 246, 246);\"> <div  class=\"gridContainer\"> <div  class=\"row about-image-gridcol-pro\"> <div  class=\"about-image-textcol-pro\" data-type=\"column\">  <p  class=\"\">L\u2019arr\u00eat\u00e9 du 16 juillet 2019 indique qu\u2019il est possible d\u2019effectuer jusqu\u2019\u00e0 10\u2009heures de formation sur un simulateur de conduite dans le cadre d\u2019un forfait 20\u2009heures pour la formation\u2009B, il ne donne pas d\u2019indications quant \u00e0 la pr\u00e9sence obligatoire ou non d\u2019un enseignant de la conduite.&nbsp;<br ><br >\nNous vous proposons 5 heures de formation dans les forfait 13 heures et 7 heures de fomations dans les forfaits 20 et 25 heures reparties comme tel :\n<br ><br >\n\uf0d8 5 heures pour le d\u00e9but de la comp\u00e9tence 1 :<br >\no on y travaille les trajectoires, le regard<br >\no la manipulation du volant<br >\no les d\u00e9marrages \u00e0 plat et en c\u00f4te (avec utilisation du frein \u00e0 main)<br >\no le passage de vitesse\n<br ><br >\n\u2022 1 heure pour le d\u00e9but de la comp\u00e9tence 2 : recherche des indices formels et informels pour d\u00e9tecter les r\u00e9gimes de priorit\u00e9 et pouvoir y adapter l\u2019allure\n<br ><br >\n\u2022 1 heure pour le d\u00e9but de comp\u00e9tence 3 : franchissement de tunnel, d\u2019obstacle, de travaux, conduite sur neige\/glace\/pluie + INITIATION \u00e0 l\u2019ECO-CONDUITE\n<br ><br >\n<span  style=\"text-decoration: underline;\"><span  style=\"font-weight: 700;\">AVANTAGES :<\/span><\/span><br >\n\u2013 Commencer formation sans \u00eatre stress\u00e9 avec la circulation exterieure<br >\n\u2013 Rencontre des situations de conduite fr\u00e9quente, plus de r\u00e9p\u00e9tition, m\u00e9morisation plus rapide<br >\n\u2013 Exercices complets<br >\n\u2013 Formation plus facile<br >\n\u2013 Formation \u00e0 l\u2019\u00e9co-conduite<\/p> <img  decoding=\"async\" class=\"custom-image lws-optimize-lazyload\"  alt=\"\" data-src=\"https:\/\/automotoecoledestoril.fr\/wp-content\/uploads\/2023\/12\/IMG_1109.heic\"><img decoding=\"async\"  class=\"custom-image lws-optimize-lazyload\"  alt=\"\" data-src=\"https:\/\/automotoecoledestoril.fr\/wp-content\/uploads\/2023\/12\/3212501558879345687.jpg\"><\/div> <div  data-type=\"column\" class=\"\">  <\/div> <\/div> <\/div> <\/div>","protected":false},"excerpt":{"rendered":"<p>L\u2019arr\u00eat\u00e9 du 16 juillet 2019 indique qu\u2019il est possible d\u2019effectuer jusqu\u2019\u00e0 10\u2009heures de formation sur un simulateur de conduite dans le cadre d\u2019un forfait 20\u2009heures pour la formation\u2009B, il ne donne pas d\u2019indications quant \u00e0 la pr\u00e9sence obligatoire ou non d\u2019un enseignant de la conduite.&nbsp; Nous vous proposons 5 heures de formation dans les forfait&hellip; <br \/> <a class=\"button small blue\" href=\"https:\/\/automotoecoledestoril.fr\/?p=1\">Lire la suite<\/a><\/p>\n","protected":false},"author":1,"featured_media":0,"parent":0,"menu_order":0,"comment_status":"closed","ping_status":"closed","template":"full-width-page.php","meta":{"footnotes":""},"yoast_head":"<!-- This site is optimized with the Yoast SEO plugin v21.5 - https:\/\/yoast.com\/wordpress\/plugins\/seo\/ -->\n<title>Simulateur - Auto Ecole d&#039;Estoril<\/title>\n<meta name=\"robots\" content=\"index, follow, max-snippet:-1, max-image-preview:large, max-video-preview:-1\" \/>\n<link rel=\"canonical\" href=\"https:\/\/automotoecoledestoril.fr\/?page_id=109\" \/>\n<meta property=\"og:locale\" content=\"fr_FR\" \/>\n<meta property=\"og:type\" content=\"article\" \/>\n<meta property=\"og:title\" content=\"Simulateur - Auto Ecole d&#039;Estoril\" \/>\n<meta property=\"og:description\" content=\"L\u2019arr\u00eat\u00e9 du 16 juillet 2019 indique qu\u2019il est possible d\u2019effectuer jusqu\u2019\u00e0 10\u2009heures de formation sur un simulateur de conduite dans le cadre d\u2019un forfait 20\u2009heures pour la formation\u2009B, il ne donne pas d\u2019indications quant \u00e0 la pr\u00e9sence obligatoire ou non d\u2019un enseignant de la conduite.&nbsp; Nous vous proposons 5 heures de formation dans les forfait&hellip; Lire la suite\" \/>\n<meta property=\"og:url\" content=\"https:\/\/automotoecoledestoril.fr\/?page_id=109\" \/>\n<meta property=\"og:site_name\" content=\"Auto Ecole d&#039;Estoril\" \/>\n<meta property=\"article:modified_time\" content=\"2023-12-13T08:47:55+00:00\" \/>\n<meta property=\"og:image\" content=\"https:\/\/automotoecoledestoril.fr\/wp-content\/uploads\/2023\/12\/IMG_1109.heic\" \/>\n<meta name=\"twitter:label1\" content=\"Dur\u00e9e de lecture estim\u00e9e\" \/>\n\t<meta name=\"twitter:data1\" content=\"1 minute\" \/>\n<script type=\"application\/ld+json\" class=\"yoast-schema-graph\">{\"@context\":\"https:\/\/schema.org\",\"@graph\":[{\"@type\":\"WebPage\",\"@id\":\"https:\/\/automotoecoledestoril.fr\/?page_id=109\",\"url\":\"https:\/\/automotoecoledestoril.fr\/?page_id=109\",\"name\":\"Simulateur - Auto Ecole d&#039;Estoril\",\"isPartOf\":{\"@id\":\"https:\/\/automotoecoledestoril.fr\/#website\"},\"datePublished\":\"2023-01-09T14:55:22+00:00\",\"dateModified\":\"2023-12-13T08:47:55+00:00\",\"inLanguage\":\"fr-FR\",\"potentialAction\":[{\"@type\":\"ReadAction\",\"target\":[\"https:\/\/automotoecoledestoril.fr\/?page_id=109\"]}]},{\"@type\":\"WebSite\",\"@id\":\"https:\/\/automotoecoledestoril.fr\/#website\",\"url\":\"https:\/\/automotoecoledestoril.fr\/\",\"name\":\"Auto Ecole d&#039;Estoril\",\"description\":\"\",\"publisher\":{\"@id\":\"https:\/\/automotoecoledestoril.fr\/#organization\"},\"potentialAction\":[{\"@type\":\"SearchAction\",\"target\":{\"@type\":\"EntryPoint\",\"urlTemplate\":\"https:\/\/automotoecoledestoril.fr\/?s={search_term_string}\"},\"query-input\":\"required name=search_term_string\"}],\"inLanguage\":\"fr-FR\"},{\"@type\":\"Organization\",\"@id\":\"https:\/\/automotoecoledestoril.fr\/#organization\",\"name\":\"Auto Ecole d&#039;Estoril\",\"url\":\"https:\/\/automotoecoledestoril.fr\/\",\"logo\":{\"@type\":\"ImageObject\",\"inLanguage\":\"fr-FR\",\"@id\":\"https:\/\/automotoecoledestoril.fr\/#\/schema\/logo\/image\/\",\"url\":\"https:\/\/automotoecoledestoril.fr\/wp-content\/uploads\/2023\/11\/cropped-estoril.png\",\"contentUrl\":\"https:\/\/automotoecoledestoril.fr\/wp-content\/uploads\/2023\/11\/cropped-estoril.png\",\"width\":1071,\"height\":358,\"caption\":\"Auto Ecole d&#039;Estoril\"},\"image\":{\"@id\":\"https:\/\/automotoecoledestoril.fr\/#\/schema\/logo\/image\/\"}}]}<\/script>\n<!-- \/ Yoast SEO plugin. -->","yoast_head_json":{"title":"Simulateur - Auto Ecole d&#039;Estoril","robots":{"index":"index","follow":"follow","max-snippet":"max-snippet:-1","max-image-preview":"max-image-preview:large","max-video-preview":"max-video-preview:-1"},"canonical":"https:\/\/automotoecoledestoril.fr\/?page_id=109","og_locale":"fr_FR","og_type":"article","og_title":"Simulateur - Auto Ecole d&#039;Estoril","og_description":"L\u2019arr\u00eat\u00e9 du 16 juillet 2019 indique qu\u2019il est possible d\u2019effectuer jusqu\u2019\u00e0 10\u2009heures de formation sur un simulateur de conduite dans le cadre d\u2019un forfait 20\u2009heures pour la formation\u2009B, il ne donne pas d\u2019indications quant \u00e0 la pr\u00e9sence obligatoire ou non d\u2019un enseignant de la conduite.&nbsp; Nous vous proposons 5 heures de formation dans les forfait&hellip; Lire la suite","og_url":"https:\/\/automotoecoledestoril.fr\/?page_id=109","og_site_name":"Auto Ecole d&#039;Estoril","article_modified_time":"2023-12-13T08:47:55+00:00","og_image":[{"url":"https:\/\/automotoecoledestoril.fr\/wp-content\/uploads\/2023\/12\/IMG_1109.heic"}],"twitter_misc":{"Dur\u00e9e de lecture estim\u00e9e":"1 minute"},"schema":{"@context":"https:\/\/schema.org","@graph":[{"@type":"WebPage","@id":"https:\/\/automotoecoledestoril.fr\/?page_id=109","url":"https:\/\/automotoecoledestoril.fr\/?page_id=109","name":"Simulateur - Auto Ecole d&#039;Estoril","isPartOf":{"@id":"https:\/\/automotoecoledestoril.fr\/#website"},"datePublished":"2023-01-09T14:55:22+00:00","dateModified":"2023-12-13T08:47:55+00:00","inLanguage":"fr-FR","potentialAction":[{"@type":"ReadAction","target":["https:\/\/automotoecoledestoril.fr\/?page_id=109"]}]},{"@type":"WebSite","@id":"https:\/\/automotoecoledestoril.fr\/#website","url":"https:\/\/automotoecoledestoril.fr\/","name":"Auto Ecole d&#039;Estoril","description":"","publisher":{"@id":"https:\/\/automotoecoledestoril.fr\/#organization"},"potentialAction":[{"@type":"SearchAction","target":{"@type":"EntryPoint","urlTemplate":"https:\/\/automotoecoledestoril.fr\/?s={search_term_string}"},"query-input":"required name=search_term_string"}],"inLanguage":"fr-FR"},{"@type":"Organization","@id":"https:\/\/automotoecoledestoril.fr\/#organization","name":"Auto Ecole d&#039;Estoril","url":"https:\/\/automotoecoledestoril.fr\/","logo":{"@type":"ImageObject","inLanguage":"fr-FR","@id":"https:\/\/automotoecoledestoril.fr\/#\/schema\/logo\/image\/","url":"https:\/\/automotoecoledestoril.fr\/wp-content\/uploads\/2023\/11\/cropped-estoril.png","contentUrl":"https:\/\/automotoecoledestoril.fr\/wp-content\/uploads\/2023\/11\/cropped-estoril.png","width":1071,"height":358,"caption":"Auto Ecole d&#039;Estoril"},"image":{"@id":"https:\/\/automotoecoledestoril.fr\/#\/schema\/logo\/image\/"}}]}},"_links":{"self":[{"href":"https:\/\/automotoecoledestoril.fr\/index.php?rest_route=\/wp\/v2\/pages\/109"}],"collection":[{"href":"https:\/\/automotoecoledestoril.fr\/index.php?rest_route=\/wp\/v2\/pages"}],"about":[{"href":"https:\/\/automotoecoledestoril.fr\/index.php?rest_route=\/wp\/v2\/types\/page"}],"author":[{"embeddable":true,"href":"https:\/\/automotoecoledestoril.fr\/index.php?rest_route=\/wp\/v2\/users\/1"}],"replies":[{"embeddable":true,"href":"https:\/\/automotoecoledestoril.fr\/index.php?rest_route=%2Fwp%2Fv2%2Fcomments&post=109"}],"version-history":[{"count":8,"href":"https:\/\/automotoecoledestoril.fr\/index.php?rest_route=\/wp\/v2\/pages\/109\/revisions"}],"predecessor-version":[{"id":294,"href":"https:\/\/automotoecoledestoril.fr\/index.php?rest_route=\/wp\/v2\/pages\/109\/revisions\/294"}],"wp:attachment":[{"href":"https:\/\/automotoecoledestoril.fr\/index.php?rest_route=%2Fwp%2Fv2%2Fmedia&parent=109"}],"curies":[{"name":"wp","href":"https:\/\/api.w.org\/{rel}","templated":true}]}}