{"id":108,"date":"2023-01-09T15:55:21","date_gmt":"2023-01-09T14:55:21","guid":{"rendered":"https:\/\/automotoecoledestoril.fr\/?page_id=108"},"modified":"2023-12-08T11:07:58","modified_gmt":"2023-12-08T10:07:58","slug":"programme-de-formation","status":"publish","type":"page","link":"https:\/\/automotoecoledestoril.fr\/?page_id=108","title":{"rendered":"Programme de Formation"},"content":{"rendered":"<div data-label=\"About us\" data-id=\"about-image-section-pro\" data-category=\"about\" class=\"about-image-section-pro\" id=\"about-us-2\"  style=\"background-color: rgb(255, 255, 255); background-image: none;\" data-ovid=\"ovid-about-us-2-505\"> <div class=\"gridContainer\" > <div class=\"row about-image-gridcol-pro\" > <div class=\"about-image-textcol-pro\" data-type=\"column\" > <h2 class=\"\" > Programme de formation B<\/h2> <p class=\"\" ><span style=\"text-decoration: underline;\" ><span style=\"font-weight: 700;\" >LES OBJECTIFS DE LA FORMATION :<\/span><\/span><br >\n\u2022\tAcqu\u00e9rir les connaissances techniques, r\u00e9glementaires, et de s\u00e9curit\u00e9 routi\u00e8re permettant de se pr\u00e9senter avec succ\u00e8s \u00e0 l&rsquo;examen du permis de conduire de la cat\u00e9gorie B\n<br ><br >\n<span style=\"font-weight: 700;\" >PROGRAMME DE LA FORMATION :<\/span><br >\nComp\u00e9tences et sous-comp\u00e9tences travaill\u00e9es<\/p> <\/div> <div data-type=\"column\" class=\"\" > <img class=\"about-image-img-pro lws-optimize-lazyload\"   alt=\"\" data-src=\"https:\/\/automotoecoledestoril.fr\/wp-content\/uploads\/2023\/12\/Capture-decran-2023-12-08-105917.png\"> <p  class=\"\"><span style=\"text-decoration: underline;\" ><span style=\"font-weight: 700;\" >PUBLIC VISE &amp; PREREQUIS<\/span><\/span><br >\n\u2022\tAvoir 18 ans<br >\n\u2022\tSavoir lire et \u00e9crire la langue Fran\u00e7aise<br >\n\u2022\tAvoir satisfait \u00e9ventuellement \u00e0 une \u00e9valuation pr\u00e9alable<br >\n\u2022\tNota : il faut passer l\u2019Epreuve Th\u00e9orique G\u00e9n\u00e9rale si le dernier permis obtenu date de plus de cinq ans.\n<br ><br >\n<span style=\"text-decoration: underline; font-weight: 700;\" >RESULTATS ATTENDUS<\/span><br >\n\u2022\tPermis de conduire de la cat\u00e9gorie B\n<br ><br >\n<span style=\"text-decoration: underline; font-weight: 700;\" >ENCADREMENT<\/span><br >\nEnseignant de la conduite et de la s\u00e9curit\u00e9 routi\u00e8re dipl\u00f4m\u00e9 et titulaire d\u2019une autorisation d\u2019enseigner en cours de validit\u00e9.\n<br ><br >\n<span style=\"text-decoration: underline;\" ><span style=\"font-weight: 700;\" >METHODES &amp; MOYENS PEDAGOGIQUES<\/span><\/span><br >\n\u2022\tM\u00e9thodes actives adapt\u00e9es \u00e0 la formation des adultes (explications, d\u00e9monstrations, applications, r\u00e9p\u00e9titions, contr\u00f4les).<br >\n\u2022\tAlternance de th\u00e9orie et de pratique<br >\n\u2022\tSalles de cours \u00e9quip\u00e9es de moyens multim\u00e9dia.<br >\n\u2022\tV\u00e9hicules adapt\u00e9s \u00e0 l\u2019enseignement.<br >\n\u2022\tFiche de suivi et livret d\u2019apprentissage.<br >\n\u2022\tFourniture de supports p\u00e9dagogiques sp\u00e9cifiques (fiches techniques d\u00e9taill\u00e9es sur comp\u00e9tences cibl\u00e9es, croquis\u2026)\n<br ><br >\n<span style=\"text-decoration: underline; font-weight: 700;\" >EVALUATION DE LA FORMATION &amp; CONDITIONS DE REUSSITE<\/span><br >\n\u2022\tFeuilles de pr\u00e9sence \u00e9marg\u00e9es par les stagiaires pour les formations d\u2019inscrivant dans le cadre de la formation professionnelle<br >\n\u2022\tUn livret d\u2019apprentissage est utilis\u00e9 pour suivre l\u2019acquisition ou l\u2019am\u00e9lioration des comp\u00e9tences en formation<br >\n\u2022\tUn bilan est r\u00e9alisable \u00e0 tout moment de la formation sur simple demande<br >\n\u2022\tUn questionnaire est utilis\u00e9 pour mesurer la satisfaction globale des stagiaires sur l\u2019organisation, les qualit\u00e9s p\u00e9dagogiques du formateur, les m\u00e9thodes et supports utilis\u00e9s\u2026<br >\n\u2022\tConditions de r\u00e9ussite : satisfaire un examen blanc\n<br ><br ><span style=\"text-decoration: underline; font-weight: 700;\" >\nSANCTION DE LA FORMATION<\/span><br >\nExamen et validation par l\u2019Inspecteur du Permis de Conduire et de la S\u00e9curit\u00e9 Routi\u00e8re.<\/p><\/div> <\/div> <\/div> <\/div><div data-label=\"About us\" data-id=\"about-image-section-pro-1\" data-category=\"about\" class=\"about-image-section-pro about-image-section-pro-1\" id=\"about-us-1\"  style=\"background-color: rgb(246, 246, 246);\"> <div class=\"gridContainer\" > <div class=\"row about-image-gridcol-pro\" > <div class=\"about-image-textcol-pro\" data-type=\"column\" > <h2 class=\"\" >PROGRAMMES DE FORMATION AAC<br >\nAPPRENTISSAGE ANTICIP\u00c9 DE LA CONDUITE<\/h2> <p class=\"\" ><span style=\"font-weight: 400;\" >Depuis le 1er novembre 2014 la conduite accompagn\u00e9e est accessible d\u00e8s 15 ans. Elle offre l&rsquo;avantage de pouvoir passer l&rsquo;examen du permis de conduire d\u00e8s 17 ans. Le candidat pourra ainsi conduire seul le premier jour de sa majorit\u00e9.\n<\/span><br ><br >\n<span style=\"text-decoration: underline; font-weight: 700;\" >LES OBJECTIFS DE LA FORMATION :<\/span><br >\nL&rsquo;apprentissage anticip\u00e9 de la conduite permet :<br >\n\u2022\tde r\u00e9duire la p\u00e9riode probatoire du permis \u00e0 2 ans au lieu de 3 (les nouveaux titulaires du permis de conduire disposent de 6 points sur leur permis et doivent attendre deux ans sans infraction avant d\u2019en obtenir 12) ;<br >\n\u2022\tde commencer la formation initiale en \u00e9cole de conduite (code et conduite) d\u00e8s 15 ans ;<br >\n\u2022\td\u2019acqu\u00e9rir de l\u2019exp\u00e9rience de conduite ;<br >\n\u2022\tde passer l\u2019\u00e9preuve du permis de conduire \u00e0 17 ans.<br >\n\u2022\td\u2019augmenter sensiblement ses chances de r\u00e9ussite \u00e0 l\u2019examen du permis de conduire ; souvent d\u2019obtenir un tarif pr\u00e9f\u00e9rentiel sur son assurance \u00ab jeune conducteur \u00bb.\n<br ><br >\n<span style=\"text-decoration: underline;\" ><span style=\"font-weight: 700;\" >PROGRAMME DE FORMATION :<\/span><\/span><br >\nDur\u00e9e de la formation :<br >\nElle se d\u00e9roule sur une dur\u00e9e minimum d\u2019un an avec un parcours de 3000 km minimum :<br >\n\u2022\tformation initiale : formation th\u00e9orique + formation pratique (20 heures minimum)<br >\n\u2022\tun rendez-vous p\u00e9dagogique pr\u00e9alable de 2 heures minimum avec l\u2019accompagnateur<br >\n\u2022\t1er rendez-vous p\u00e9dagogique avec un parcours d\u2019environ 1000 km<br >\n\u2022\t2\u00e8me rendez-p\u00e9dagogique au terme des 3000 km parcouru\n<br ><br >\n<span style=\"text-decoration: underline;\" >Programme :<\/span><br >\n1)  Une \u00e9valuation de d\u00e9part afin de d\u00e9terminer le nombre d\u2019heures moyen et le co\u00fbt de la formation.<br >\n2) Une formation th\u00e9orique : pr\u00e9paration \u00e0 l\u2019\u00e9preuve th\u00e9orique g\u00e9n\u00e9rale (ETG) par des cours de code sur les th\u00e8mes de la signalisation, intersections et priorit\u00e9s, r\u00e8gles de circulation, autoroutes et routes \u00e0 acc\u00e8s r\u00e9glement\u00e9, tunnels routiers et autoroutiers, croisements \u2013 d\u00e9passements, arr\u00eats-stationnement visibilit\u00e9-\u00e9clairage, conduite pratique, \u00e9co-conduite et v\u00e9hicule, usagers vuln\u00e9rables\/partage de l\u2019espace public et prise de conscience des risques et sanction-formation.<br >\n3) Une formation pratique :<br >\n\u2022\tMa\u00eetriser le v\u00e9hicule \u00e0 allure lente ou mod\u00e9r\u00e9e<br >\n\u2022\tChoisir la position sur la chauss\u00e9e, franchir une intersection ou y changer de direction.<br >\n\u2022\tCirculer dans des conditions normales sur la route et en agglom\u00e9ration.<br >\n\u2022\tConna\u00eetre les situations pr\u00e9sentant des difficult\u00e9s particuli\u00e8res.<\/p> <\/div> <div data-type=\"column\" class=\"\" > <img class=\"about-image-img-pro lws-optimize-lazyload\"   alt=\"\" data-src=\"https:\/\/automotoecoledestoril.fr\/wp-content\/uploads\/2023\/12\/Capture-decran-2023-12-08-110507.png\"> <p  class=\"\"><span style=\"text-decoration: underline;\" ><span style=\"font-weight: 700;\" >ENCADREMENT<\/span><\/span><br >\n\u2022\tEnseignant de la conduite et de la s\u00e9curit\u00e9 routi\u00e8re dipl\u00f4m\u00e9 et titulaire d\u2019une autorisation d\u2019enseigner en cours de validit\u00e9.<br >\n\u2022\tL&rsquo;accompagnateur doit : \u00eatre titulaire du permis B (permis automobile) depuis au moins cinq ans sans interruption ; avoir obtenu l&rsquo;accord de son assureur (une attestation est consign\u00e9e dans le livret d\u2019apprentissage de l\u2019\u00e9l\u00e8ve. Elle est aussi remise \u00e0 la compagnie d\u2019assurance du candidat, car elle est indispensable pour commencer la conduite accompagn\u00e9e); \u00eatre mentionn\u00e9 dans le contrat sign\u00e9 avec l&rsquo;\u00e9cole de conduite. Il est possible d&rsquo;avoir plusieurs accompagnateurs, \u00e9galement hors du cadre familial.<br >\n\u2022\tToutes les r\u00e8gles du code de la route doivent \u00eatre respect\u00e9es par vous comme par votre accompagnateur.<br >\n\u2022\tVous ne pouvez pas conduire en dehors des fronti\u00e8res nationales et devez respecter les limitations de vitesse qui s&rsquo;appliquent aux conducteurs novices.<br >\n\u2022\tAttention : en conduite accompagn\u00e9e, vous devez toujours garder avec vous le formulaire de demande de permis de conduire ou sa photocopie, le livret d\u2019apprentissage et le document d\u2019extension de garantie de l\u2019assurance. Seul le formulaire de demande de permis de conduire permet de justifier de la situation d\u2019apprentissage de la conduite, en cas de contr\u00f4le par les forces de l\u2019ordre.\n<br ><br >\n<span style=\"text-decoration: underline; font-weight: 700;\" >METHODES &amp; MOYENS PEDAGOGIQUES<\/span><br >\n\u2022\tM\u00e9thodes actives adapt\u00e9es \u00e0 la formation des adultes (explications, d\u00e9monstrations, applications, r\u00e9p\u00e9titions, contr\u00f4les)<br >\n\u2022\tAlternance de th\u00e9orie et de pratique<br >\n\u2022\tSalles de cours \u00e9quip\u00e9es de moyens multim\u00e9dia.<br >\n\u2022\tV\u00e9hicules adapt\u00e9s \u00e0 l\u2019enseignement.<br >\n\u2022\tFiche de suivi et livret d\u2019apprentissage.<br >\n\u2022\tFourniture de supports p\u00e9dagogiques sp\u00e9cifiques (fiches techniques d\u00e9taill\u00e9es sur comp\u00e9tences cibl\u00e9es, croquis\u2026)\n<br ><br >\n<span style=\"text-decoration: underline;\" ><span style=\"font-weight: 700;\" >EVALUATION DE LA FORMATION &amp; CONDITIONS DE REUSSITE<\/span><\/span><br >\n\u2022\tUn livret d\u2019apprentissage est utilis\u00e9 pour suivre l\u2019acquisition ou l\u2019am\u00e9lioration des comp\u00e9tences en formation<br >\n\u2022\tUn questionnaire est utilis\u00e9 pour mesurer la satisfaction globale des stagiaires sur l\u2019organisation, les qualit\u00e9s p\u00e9dagogiques du formateur, les m\u00e9thodes et supports utilis\u00e9s\u2026<br >\n\u2022\tConditions de r\u00e9ussite : satisfaire un examen blanc<br ><br >\n<span style=\"text-decoration: underline;\" ><span style=\"font-weight: 700;\" >SANCTION DE LA FORMATION<\/span><\/span><br >\nExamen et validation par l\u2019Inspecteur du Permis de Conduire et de la S\u00e9curit\u00e9<\/p><\/div> <\/div> <\/div> <\/div><div data-label=\"About us\" data-id=\"about-image-section-pro-2\" data-category=\"about\" class=\"about-image-section-pro about-image-section-pro-2\" id=\"about-us-3\"  style=\"background-color: rgb(255, 255, 255);\"> <div class=\"gridContainer\" > <div class=\"row about-image-gridcol-pro\" > <div class=\"about-image-textcol-pro\" data-type=\"column\" > <h2 class=\"\" > Programme passerelle B<\/h2>  <\/div> <div data-type=\"column\" class=\"\" > <img class=\"about-image-img-pro lws-optimize-lazyload\"   alt=\"\" data-src=\"https:\/\/automotoecoledestoril.fr\/wp-content\/uploads\/2023\/12\/Capture-decran-2023-12-08-110729.png\"> <\/div> <\/div> <\/div> <\/div>","protected":false},"excerpt":{"rendered":"<p>Programme de formation B LES OBJECTIFS DE LA FORMATION : \u2022 Acqu\u00e9rir les connaissances techniques, r\u00e9glementaires, et de s\u00e9curit\u00e9 routi\u00e8re permettant de se pr\u00e9senter avec succ\u00e8s \u00e0 l&rsquo;examen du permis de conduire de la cat\u00e9gorie B PROGRAMME DE LA FORMATION : Comp\u00e9tences et sous-comp\u00e9tences travaill\u00e9es PUBLIC VISE &amp; PREREQUIS \u2022 Avoir 18 ans \u2022 Savoir&hellip; <br \/> <a class=\"button small blue\" href=\"https:\/\/automotoecoledestoril.fr\/?p=1\">Lire la suite<\/a><\/p>\n","protected":false},"author":1,"featured_media":0,"parent":0,"menu_order":0,"comment_status":"closed","ping_status":"closed","template":"full-width-page.php","meta":{"footnotes":""},"yoast_head":"<!-- This site is optimized with the Yoast SEO plugin v21.5 - https:\/\/yoast.com\/wordpress\/plugins\/seo\/ -->\n<title>Programme de Formation - Auto Ecole d&#039;Estoril<\/title>\n<meta name=\"robots\" content=\"index, follow, max-snippet:-1, max-image-preview:large, max-video-preview:-1\" \/>\n<link rel=\"canonical\" href=\"https:\/\/automotoecoledestoril.fr\/?page_id=108\" \/>\n<meta property=\"og:locale\" content=\"fr_FR\" \/>\n<meta property=\"og:type\" content=\"article\" \/>\n<meta property=\"og:title\" content=\"Programme de Formation - Auto Ecole d&#039;Estoril\" \/>\n<meta property=\"og:description\" content=\"Programme de formation B LES OBJECTIFS DE LA FORMATION : \u2022 Acqu\u00e9rir les connaissances techniques, r\u00e9glementaires, et de s\u00e9curit\u00e9 routi\u00e8re permettant de se pr\u00e9senter avec succ\u00e8s \u00e0 l&rsquo;examen du permis de conduire de la cat\u00e9gorie B PROGRAMME DE LA FORMATION : Comp\u00e9tences et sous-comp\u00e9tences travaill\u00e9es PUBLIC VISE &amp; PREREQUIS \u2022 Avoir 18 ans \u2022 Savoir&hellip; Lire la suite\" \/>\n<meta property=\"og:url\" content=\"https:\/\/automotoecoledestoril.fr\/?page_id=108\" \/>\n<meta property=\"og:site_name\" content=\"Auto Ecole d&#039;Estoril\" \/>\n<meta property=\"article:modified_time\" content=\"2023-12-08T10:07:58+00:00\" \/>\n<meta property=\"og:image\" content=\"https:\/\/automotoecoledestoril.fr\/wp-content\/uploads\/2023\/12\/Capture-decran-2023-12-08-105917.png\" \/>\n<meta name=\"twitter:label1\" content=\"Dur\u00e9e de lecture estim\u00e9e\" \/>\n\t<meta name=\"twitter:data1\" content=\"5 minutes\" \/>\n<script type=\"application\/ld+json\" class=\"yoast-schema-graph\">{\"@context\":\"https:\/\/schema.org\",\"@graph\":[{\"@type\":\"WebPage\",\"@id\":\"https:\/\/automotoecoledestoril.fr\/?page_id=108\",\"url\":\"https:\/\/automotoecoledestoril.fr\/?page_id=108\",\"name\":\"Programme de Formation - Auto Ecole d&#039;Estoril\",\"isPartOf\":{\"@id\":\"https:\/\/automotoecoledestoril.fr\/#website\"},\"datePublished\":\"2023-01-09T14:55:21+00:00\",\"dateModified\":\"2023-12-08T10:07:58+00:00\",\"inLanguage\":\"fr-FR\",\"potentialAction\":[{\"@type\":\"ReadAction\",\"target\":[\"https:\/\/automotoecoledestoril.fr\/?page_id=108\"]}]},{\"@type\":\"WebSite\",\"@id\":\"https:\/\/automotoecoledestoril.fr\/#website\",\"url\":\"https:\/\/automotoecoledestoril.fr\/\",\"name\":\"Auto Ecole d&#039;Estoril\",\"description\":\"\",\"publisher\":{\"@id\":\"https:\/\/automotoecoledestoril.fr\/#organization\"},\"potentialAction\":[{\"@type\":\"SearchAction\",\"target\":{\"@type\":\"EntryPoint\",\"urlTemplate\":\"https:\/\/automotoecoledestoril.fr\/?s={search_term_string}\"},\"query-input\":\"required name=search_term_string\"}],\"inLanguage\":\"fr-FR\"},{\"@type\":\"Organization\",\"@id\":\"https:\/\/automotoecoledestoril.fr\/#organization\",\"name\":\"Auto Ecole d&#039;Estoril\",\"url\":\"https:\/\/automotoecoledestoril.fr\/\",\"logo\":{\"@type\":\"ImageObject\",\"inLanguage\":\"fr-FR\",\"@id\":\"https:\/\/automotoecoledestoril.fr\/#\/schema\/logo\/image\/\",\"url\":\"https:\/\/automotoecoledestoril.fr\/wp-content\/uploads\/2023\/11\/cropped-estoril.png\",\"contentUrl\":\"https:\/\/automotoecoledestoril.fr\/wp-content\/uploads\/2023\/11\/cropped-estoril.png\",\"width\":1071,\"height\":358,\"caption\":\"Auto Ecole d&#039;Estoril\"},\"image\":{\"@id\":\"https:\/\/automotoecoledestoril.fr\/#\/schema\/logo\/image\/\"}}]}<\/script>\n<!-- \/ Yoast SEO plugin. -->","yoast_head_json":{"title":"Programme de Formation - Auto Ecole d&#039;Estoril","robots":{"index":"index","follow":"follow","max-snippet":"max-snippet:-1","max-image-preview":"max-image-preview:large","max-video-preview":"max-video-preview:-1"},"canonical":"https:\/\/automotoecoledestoril.fr\/?page_id=108","og_locale":"fr_FR","og_type":"article","og_title":"Programme de Formation - Auto Ecole d&#039;Estoril","og_description":"Programme de formation B LES OBJECTIFS DE LA FORMATION : \u2022 Acqu\u00e9rir les connaissances techniques, r\u00e9glementaires, et de s\u00e9curit\u00e9 routi\u00e8re permettant de se pr\u00e9senter avec succ\u00e8s \u00e0 l&rsquo;examen du permis de conduire de la cat\u00e9gorie B PROGRAMME DE LA FORMATION : Comp\u00e9tences et sous-comp\u00e9tences travaill\u00e9es PUBLIC VISE &amp; PREREQUIS \u2022 Avoir 18 ans \u2022 Savoir&hellip; Lire la suite","og_url":"https:\/\/automotoecoledestoril.fr\/?page_id=108","og_site_name":"Auto Ecole d&#039;Estoril","article_modified_time":"2023-12-08T10:07:58+00:00","og_image":[{"url":"https:\/\/automotoecoledestoril.fr\/wp-content\/uploads\/2023\/12\/Capture-decran-2023-12-08-105917.png"}],"twitter_misc":{"Dur\u00e9e de lecture estim\u00e9e":"5 minutes"},"schema":{"@context":"https:\/\/schema.org","@graph":[{"@type":"WebPage","@id":"https:\/\/automotoecoledestoril.fr\/?page_id=108","url":"https:\/\/automotoecoledestoril.fr\/?page_id=108","name":"Programme de Formation - Auto Ecole d&#039;Estoril","isPartOf":{"@id":"https:\/\/automotoecoledestoril.fr\/#website"},"datePublished":"2023-01-09T14:55:21+00:00","dateModified":"2023-12-08T10:07:58+00:00","inLanguage":"fr-FR","potentialAction":[{"@type":"ReadAction","target":["https:\/\/automotoecoledestoril.fr\/?page_id=108"]}]},{"@type":"WebSite","@id":"https:\/\/automotoecoledestoril.fr\/#website","url":"https:\/\/automotoecoledestoril.fr\/","name":"Auto Ecole d&#039;Estoril","description":"","publisher":{"@id":"https:\/\/automotoecoledestoril.fr\/#organization"},"potentialAction":[{"@type":"SearchAction","target":{"@type":"EntryPoint","urlTemplate":"https:\/\/automotoecoledestoril.fr\/?s={search_term_string}"},"query-input":"required name=search_term_string"}],"inLanguage":"fr-FR"},{"@type":"Organization","@id":"https:\/\/automotoecoledestoril.fr\/#organization","name":"Auto Ecole d&#039;Estoril","url":"https:\/\/automotoecoledestoril.fr\/","logo":{"@type":"ImageObject","inLanguage":"fr-FR","@id":"https:\/\/automotoecoledestoril.fr\/#\/schema\/logo\/image\/","url":"https:\/\/automotoecoledestoril.fr\/wp-content\/uploads\/2023\/11\/cropped-estoril.png","contentUrl":"https:\/\/automotoecoledestoril.fr\/wp-content\/uploads\/2023\/11\/cropped-estoril.png","width":1071,"height":358,"caption":"Auto Ecole d&#039;Estoril"},"image":{"@id":"https:\/\/automotoecoledestoril.fr\/#\/schema\/logo\/image\/"}}]}},"_links":{"self":[{"href":"https:\/\/automotoecoledestoril.fr\/index.php?rest_route=\/wp\/v2\/pages\/108"}],"collection":[{"href":"https:\/\/automotoecoledestoril.fr\/index.php?rest_route=\/wp\/v2\/pages"}],"about":[{"href":"https:\/\/automotoecoledestoril.fr\/index.php?rest_route=\/wp\/v2\/types\/page"}],"author":[{"embeddable":true,"href":"https:\/\/automotoecoledestoril.fr\/index.php?rest_route=\/wp\/v2\/users\/1"}],"replies":[{"embeddable":true,"href":"https:\/\/automotoecoledestoril.fr\/index.php?rest_route=%2Fwp%2Fv2%2Fcomments&post=108"}],"version-history":[{"count":2,"href":"https:\/\/automotoecoledestoril.fr\/index.php?rest_route=\/wp\/v2\/pages\/108\/revisions"}],"predecessor-version":[{"id":230,"href":"https:\/\/automotoecoledestoril.fr\/index.php?rest_route=\/wp\/v2\/pages\/108\/revisions\/230"}],"wp:attachment":[{"href":"https:\/\/automotoecoledestoril.fr\/index.php?rest_route=%2Fwp%2Fv2%2Fmedia&parent=108"}],"curies":[{"name":"wp","href":"https:\/\/api.w.org\/{rel}","templated":true}]}}