{"id":106,"date":"2023-01-09T15:55:20","date_gmt":"2023-01-09T14:55:20","guid":{"rendered":"https:\/\/automotoecoledestoril.fr\/?page_id=106"},"modified":"2025-03-21T19:13:57","modified_gmt":"2025-03-21T18:13:57","slug":"formation-post-permis","status":"publish","type":"page","link":"https:\/\/automotoecoledestoril.fr\/?page_id=106","title":{"rendered":"Formation Post-Permis"},"content":{"rendered":"<strong>Les titulaires d\u2019un premier permis de conduire qui choisissent de suivre une formation compl\u00e9mentaire \u00ab postpermis \u00bb, entre 6 et 12 mois apr\u00e8s l\u2019obtention du permis, b\u00e9n\u00e9ficient d\u2019une r\u00e9duction de la p\u00e9riode probatoire.<\/strong>\n<h2 class=\"wp-block-heading\"><strong>Un stage postpermis : pourquoi et pour qui ?<\/strong><\/h2>\n<p style=\"text-align: center;\">Cette formation d\u2019une journ\u00e9e, si elle est suivie\u00a0<strong>entre six et douze mois apr\u00e8s l\u2019obtention du permis<\/strong>, a pour objectif d\u2019engager une prise de conscience sur le risque afin d\u2019\u00e9viter un sentiment de surconfiance au moment o\u00f9 le jeune conducteur a\u00a0acquis davantage d\u2019assurance au volant.<\/p>\n<p style=\"text-align: center;\">Pr\u00e8s d\u2019un quart des accidents impliquent\u00a0un conducteur novice, ayant moins de 2 deux ans de permis.<\/p>\n\n<h3 class=\"wp-block-heading\" style=\"text-align: center;\">R\u00e9duction de la p\u00e9riode probatoire<\/h3>\n<p style=\"text-align: center;\">En suivant ce stage, la p\u00e9riode probatoire est r\u00e9duite \u00e0 2 deux ans, au lieu de trois pour les formations traditionnelles (et \u00e0 un an et demi au lieu de 2 ans pour ceux ayant b\u00e9n\u00e9fici\u00e9 de la conduite accompagn\u00e9e), sous r\u00e9serve de ne pas avoir commis d\u2019infraction entra\u00eenant la perte de \u00a0points sur son permis.<\/p>\n\n<figure class=\"wp-block-image size-full is-resized\"><a class=\"\" href=\"https:\/\/automotoecoledestoril.fr\/wp-content\/uploads\/2023\/12\/1.6-POST-PERMIS-AFFICHE-2.docx\" target=\"_self\" rel=\"noopener\"><img class=\"wp-image-277 aligncenter lws-optimize-lazyload\" style=\"aspect-ratio: 1 \/ 1; width: 736px; height: 736px;\"  alt=\"\" \/ data-src=\"https:\/\/automotoecoledestoril.fr\/wp-content\/uploads\/2023\/12\/Image1.png\"><\/a><\/figure>\n<a href=\"https:\/\/automotoecoledestoril.fr\/wp-content\/uploads\/2023\/12\/Image2.png\"><img class=\"aligncenter wp-image-288 size-one-page-express-full-hd lws-optimize-lazyload\"  alt=\"\" width=\"742\" height=\"1080\" \/ data-src=\"https:\/\/automotoecoledestoril.fr\/wp-content\/uploads\/2023\/12\/Image2-742x1080.png\" srcset=\"https:\/\/automotoecoledestoril.fr\/wp-content\/uploads\/2023\/12\/Image2-742x1080.png 742w, https:\/\/automotoecoledestoril.fr\/wp-content\/uploads\/2023\/12\/Image2-206x300.png 206w, https:\/\/automotoecoledestoril.fr\/wp-content\/uploads\/2023\/12\/Image2-703x1024.png 703w, https:\/\/automotoecoledestoril.fr\/wp-content\/uploads\/2023\/12\/Image2-768x1118.png 768w, https:\/\/automotoecoledestoril.fr\/wp-content\/uploads\/2023\/12\/Image2-1055x1536.png 1055w, https:\/\/automotoecoledestoril.fr\/wp-content\/uploads\/2023\/12\/Image2-1407x2048.png 1407w, https:\/\/automotoecoledestoril.fr\/wp-content\/uploads\/2023\/12\/Image2-1024x1491.png 1024w, https:\/\/automotoecoledestoril.fr\/wp-content\/uploads\/2023\/12\/Image2.png 1435w\" sizes=\"(max-width: 742px) 100vw, 742px\" \/><\/a>","protected":false},"excerpt":{"rendered":"<p>Les titulaires d\u2019un premier permis de conduire qui choisissent de suivre une formation compl\u00e9mentaire \u00ab postpermis \u00bb, entre 6 et 12 mois apr\u00e8s l\u2019obtention du permis, b\u00e9n\u00e9ficient d\u2019une r\u00e9duction de la p\u00e9riode probatoire. Un stage postpermis : pourquoi et pour qui ? Cette formation d\u2019une journ\u00e9e, si elle est suivie\u00a0entre six et douze mois apr\u00e8s&hellip; <br \/> <a class=\"button small blue\" href=\"https:\/\/automotoecoledestoril.fr\/?p=1\">Lire la suite<\/a><\/p>\n","protected":false},"author":1,"featured_media":0,"parent":0,"menu_order":0,"comment_status":"closed","ping_status":"closed","template":"full-width-page.php","meta":{"footnotes":""},"yoast_head":"<!-- This site is optimized with the Yoast SEO plugin v21.5 - https:\/\/yoast.com\/wordpress\/plugins\/seo\/ -->\n<title>Formation Post-Permis - Auto Ecole d&#039;Estoril<\/title>\n<meta name=\"robots\" content=\"index, follow, max-snippet:-1, max-image-preview:large, max-video-preview:-1\" \/>\n<link rel=\"canonical\" href=\"https:\/\/automotoecoledestoril.fr\/?page_id=106\" \/>\n<meta property=\"og:locale\" content=\"fr_FR\" \/>\n<meta property=\"og:type\" content=\"article\" \/>\n<meta property=\"og:title\" content=\"Formation Post-Permis - Auto Ecole d&#039;Estoril\" \/>\n<meta property=\"og:description\" content=\"Les titulaires d\u2019un premier permis de conduire qui choisissent de suivre une formation compl\u00e9mentaire \u00ab postpermis \u00bb, entre 6 et 12 mois apr\u00e8s l\u2019obtention du permis, b\u00e9n\u00e9ficient d\u2019une r\u00e9duction de la p\u00e9riode probatoire. Un stage postpermis : pourquoi et pour qui ? Cette formation d\u2019une journ\u00e9e, si elle est suivie\u00a0entre six et douze mois apr\u00e8s&hellip; Lire la suite\" \/>\n<meta property=\"og:url\" content=\"https:\/\/automotoecoledestoril.fr\/?page_id=106\" \/>\n<meta property=\"og:site_name\" content=\"Auto Ecole d&#039;Estoril\" \/>\n<meta property=\"article:modified_time\" content=\"2025-03-21T18:13:57+00:00\" \/>\n<meta property=\"og:image\" content=\"https:\/\/automotoecoledestoril.fr\/wp-content\/uploads\/2023\/12\/Image1.png\" \/>\n<meta name=\"twitter:label1\" content=\"Dur\u00e9e de lecture estim\u00e9e\" \/>\n\t<meta name=\"twitter:data1\" content=\"2 minutes\" \/>\n<script type=\"application\/ld+json\" class=\"yoast-schema-graph\">{\"@context\":\"https:\/\/schema.org\",\"@graph\":[{\"@type\":\"WebPage\",\"@id\":\"https:\/\/automotoecoledestoril.fr\/?page_id=106\",\"url\":\"https:\/\/automotoecoledestoril.fr\/?page_id=106\",\"name\":\"Formation Post-Permis - Auto Ecole d&#039;Estoril\",\"isPartOf\":{\"@id\":\"https:\/\/automotoecoledestoril.fr\/#website\"},\"datePublished\":\"2023-01-09T14:55:20+00:00\",\"dateModified\":\"2025-03-21T18:13:57+00:00\",\"inLanguage\":\"fr-FR\",\"potentialAction\":[{\"@type\":\"ReadAction\",\"target\":[\"https:\/\/automotoecoledestoril.fr\/?page_id=106\"]}]},{\"@type\":\"WebSite\",\"@id\":\"https:\/\/automotoecoledestoril.fr\/#website\",\"url\":\"https:\/\/automotoecoledestoril.fr\/\",\"name\":\"Auto Ecole d&#039;Estoril\",\"description\":\"\",\"publisher\":{\"@id\":\"https:\/\/automotoecoledestoril.fr\/#organization\"},\"potentialAction\":[{\"@type\":\"SearchAction\",\"target\":{\"@type\":\"EntryPoint\",\"urlTemplate\":\"https:\/\/automotoecoledestoril.fr\/?s={search_term_string}\"},\"query-input\":\"required name=search_term_string\"}],\"inLanguage\":\"fr-FR\"},{\"@type\":\"Organization\",\"@id\":\"https:\/\/automotoecoledestoril.fr\/#organization\",\"name\":\"Auto Ecole d&#039;Estoril\",\"url\":\"https:\/\/automotoecoledestoril.fr\/\",\"logo\":{\"@type\":\"ImageObject\",\"inLanguage\":\"fr-FR\",\"@id\":\"https:\/\/automotoecoledestoril.fr\/#\/schema\/logo\/image\/\",\"url\":\"https:\/\/automotoecoledestoril.fr\/wp-content\/uploads\/2023\/11\/cropped-estoril.png\",\"contentUrl\":\"https:\/\/automotoecoledestoril.fr\/wp-content\/uploads\/2023\/11\/cropped-estoril.png\",\"width\":1071,\"height\":358,\"caption\":\"Auto Ecole d&#039;Estoril\"},\"image\":{\"@id\":\"https:\/\/automotoecoledestoril.fr\/#\/schema\/logo\/image\/\"}}]}<\/script>\n<!-- \/ Yoast SEO plugin. -->","yoast_head_json":{"title":"Formation Post-Permis - Auto Ecole d&#039;Estoril","robots":{"index":"index","follow":"follow","max-snippet":"max-snippet:-1","max-image-preview":"max-image-preview:large","max-video-preview":"max-video-preview:-1"},"canonical":"https:\/\/automotoecoledestoril.fr\/?page_id=106","og_locale":"fr_FR","og_type":"article","og_title":"Formation Post-Permis - Auto Ecole d&#039;Estoril","og_description":"Les titulaires d\u2019un premier permis de conduire qui choisissent de suivre une formation compl\u00e9mentaire \u00ab postpermis \u00bb, entre 6 et 12 mois apr\u00e8s l\u2019obtention du permis, b\u00e9n\u00e9ficient d\u2019une r\u00e9duction de la p\u00e9riode probatoire. Un stage postpermis : pourquoi et pour qui ? Cette formation d\u2019une journ\u00e9e, si elle est suivie\u00a0entre six et douze mois apr\u00e8s&hellip; Lire la suite","og_url":"https:\/\/automotoecoledestoril.fr\/?page_id=106","og_site_name":"Auto Ecole d&#039;Estoril","article_modified_time":"2025-03-21T18:13:57+00:00","og_image":[{"url":"https:\/\/automotoecoledestoril.fr\/wp-content\/uploads\/2023\/12\/Image1.png"}],"twitter_misc":{"Dur\u00e9e de lecture estim\u00e9e":"2 minutes"},"schema":{"@context":"https:\/\/schema.org","@graph":[{"@type":"WebPage","@id":"https:\/\/automotoecoledestoril.fr\/?page_id=106","url":"https:\/\/automotoecoledestoril.fr\/?page_id=106","name":"Formation Post-Permis - Auto Ecole d&#039;Estoril","isPartOf":{"@id":"https:\/\/automotoecoledestoril.fr\/#website"},"datePublished":"2023-01-09T14:55:20+00:00","dateModified":"2025-03-21T18:13:57+00:00","inLanguage":"fr-FR","potentialAction":[{"@type":"ReadAction","target":["https:\/\/automotoecoledestoril.fr\/?page_id=106"]}]},{"@type":"WebSite","@id":"https:\/\/automotoecoledestoril.fr\/#website","url":"https:\/\/automotoecoledestoril.fr\/","name":"Auto Ecole d&#039;Estoril","description":"","publisher":{"@id":"https:\/\/automotoecoledestoril.fr\/#organization"},"potentialAction":[{"@type":"SearchAction","target":{"@type":"EntryPoint","urlTemplate":"https:\/\/automotoecoledestoril.fr\/?s={search_term_string}"},"query-input":"required name=search_term_string"}],"inLanguage":"fr-FR"},{"@type":"Organization","@id":"https:\/\/automotoecoledestoril.fr\/#organization","name":"Auto Ecole d&#039;Estoril","url":"https:\/\/automotoecoledestoril.fr\/","logo":{"@type":"ImageObject","inLanguage":"fr-FR","@id":"https:\/\/automotoecoledestoril.fr\/#\/schema\/logo\/image\/","url":"https:\/\/automotoecoledestoril.fr\/wp-content\/uploads\/2023\/11\/cropped-estoril.png","contentUrl":"https:\/\/automotoecoledestoril.fr\/wp-content\/uploads\/2023\/11\/cropped-estoril.png","width":1071,"height":358,"caption":"Auto Ecole d&#039;Estoril"},"image":{"@id":"https:\/\/automotoecoledestoril.fr\/#\/schema\/logo\/image\/"}}]}},"_links":{"self":[{"href":"https:\/\/automotoecoledestoril.fr\/index.php?rest_route=\/wp\/v2\/pages\/106"}],"collection":[{"href":"https:\/\/automotoecoledestoril.fr\/index.php?rest_route=\/wp\/v2\/pages"}],"about":[{"href":"https:\/\/automotoecoledestoril.fr\/index.php?rest_route=\/wp\/v2\/types\/page"}],"author":[{"embeddable":true,"href":"https:\/\/automotoecoledestoril.fr\/index.php?rest_route=\/wp\/v2\/users\/1"}],"replies":[{"embeddable":true,"href":"https:\/\/automotoecoledestoril.fr\/index.php?rest_route=%2Fwp%2Fv2%2Fcomments&post=106"}],"version-history":[{"count":8,"href":"https:\/\/automotoecoledestoril.fr\/index.php?rest_route=\/wp\/v2\/pages\/106\/revisions"}],"predecessor-version":[{"id":370,"href":"https:\/\/automotoecoledestoril.fr\/index.php?rest_route=\/wp\/v2\/pages\/106\/revisions\/370"}],"wp:attachment":[{"href":"https:\/\/automotoecoledestoril.fr\/index.php?rest_route=%2Fwp%2Fv2%2Fmedia&parent=106"}],"curies":[{"name":"wp","href":"https:\/\/api.w.org\/{rel}","templated":true}]}}