{"id":105,"date":"2023-01-09T15:55:19","date_gmt":"2023-01-09T14:55:19","guid":{"rendered":"https:\/\/automotoecoledestoril.fr\/?page_id=105"},"modified":"2025-03-21T16:20:23","modified_gmt":"2025-03-21T15:20:23","slug":"boite-automatique","status":"publish","type":"page","link":"https:\/\/automotoecoledestoril.fr\/?page_id=105","title":{"rendered":"Bo\u00eete Automatique"},"content":{"rendered":"\n<p>La formation est possible en traditionnel, en CONDUITE ACCOMPAGNEE et en CONDUITE SUPERVISEE.<\/p>\n\n\n\n<p>Depuis le 1<sup>er<\/sup>&nbsp;janvier 2017, il est possible de passer le permis de conduire en bo\u00eete automatique et la dur\u00e9e minimum de formation est de 13H contre 20H en bo\u00eete manuelle.<\/p>\n\n\n\n<p>Le permis B bo\u00eete automatique ne permet de conduire que des v\u00e9hicules \u00e9quip\u00e9s d\u2019une boite de vitesses automatique et\/ou manuelle (ex : bo\u00eete s\u00e9quentielle) et d&rsquo;un embrayage automatique.<\/p>\n\n\n\n<h4 class=\"wp-block-heading\"><strong>Avantages du permis bo\u00eete de vitesses automatique ?<\/strong><\/h4>\n\n\n\n<p>\u00b7&nbsp;&nbsp;&nbsp;&nbsp;&nbsp;&nbsp;&nbsp;une plus grande simplicit\u00e9 de la conduite<\/p>\n\n\n\n<p>\u00b7&nbsp;&nbsp;&nbsp;&nbsp;&nbsp;&nbsp;&nbsp;permet au candidat de se concentrer davantage sur son environnement<\/p>\n\n\n\n<p>\u00b7&nbsp;&nbsp;&nbsp;&nbsp;&nbsp;&nbsp;&nbsp;augmenter ainsi sa s\u00e9curit\u00e9, et celle des autres, sur la route<\/p>\n\n\n\n<p>\u00b7&nbsp;&nbsp;&nbsp;&nbsp;&nbsp;&nbsp;&nbsp;moins cher<\/p>\n\n\n\n<p>\u00b7&nbsp;&nbsp;&nbsp;&nbsp;&nbsp;&nbsp;&nbsp;formation plus rapide<\/p>\n\n\n\n<p>Les d\u00e9roul\u00e9s de la formation et de l&rsquo;examen sont les m\u00eame que pour le permis B.<\/p>\n\n\n\n<p><strong>Une formation de 7 heures<\/strong>&nbsp;remplace la proc\u00e9dure de r\u00e9gularisation consistant \u00e0 repasser l\u2019examen de conduite devant un inspecteur, charg\u00e9 de v\u00e9rifier l\u2019aptitude du conducteur \u00e0 utiliser efficacement les commandes d\u2019un v\u00e9hicule \u00e0 bo\u00eete manuelle.<\/p>\n\n\n\n<p>Attention, seules les \u00e9coles labellis\u00e9es \u00ab\u00c9cole, conduite, qualit\u00e9\u00bb peuvent proposer cette formation de 7 heures.<em>\ue740<\/em><\/p>\n\n\n\n<figure class=\"wp-block-table\"><table><tbody><tr><td colspan=\"6\"><strong>Forfait 13 heures de formation \u00e0 la Conduite<\/strong><\/td><\/tr><tr><td colspan=\"4\">Frais de dossier et livret num\u00e9rique<\/td><td>&nbsp;<\/td><td>144,00 \u20ac<\/td><\/tr><tr><td colspan=\"4\">13 heures de formation \u00e0 la conduite<\/td><td><\/td><td>746,00 \u20ac<\/td><\/tr><tr><td colspan=\"4\">1 accompagnement \u00e0 l&rsquo;examen<\/td><td><\/td><td>65,00 \u20ac<\/td><\/tr><tr><td colspan=\"6\">(\u00e0 r\u00e9gler au moment de la r\u00e9servation sur RDV PERMIS)<\/td><\/tr><tr><td colspan=\"6\">&nbsp;<\/td><\/tr><tr><td>&nbsp;<\/td><td><\/td><td><\/td><td><\/td><td><\/td><td>&nbsp;<\/td><\/tr><tr><td>&nbsp;<\/td><td><\/td><td><\/td><td><\/td><td><\/td><td>&nbsp;<\/td><\/tr><tr><td colspan=\"2\"><strong>Prix total TTC**<\/strong><\/td><td colspan=\"2\"><strong>955,00 \u20ac<\/strong><\/td><td><\/td><td>&nbsp;<\/td><\/tr><tr><td colspan=\"6\">&nbsp;<\/td><\/tr><tr><td colspan=\"6\">**Possibilit\u00e9 de paiement en 2 fois : (445\u20ac \u00e0 l&rsquo;\u00e9tblissement du planning,<\/td><\/tr><tr><td colspan=\"6\">445 \u20ac \u00e0 la 5\u00e8me heure de conduite et 65\u20ac \u00e0 la r\u00e9servation de la date)<\/td><\/tr><\/tbody><\/table><\/figure>\n\n\n\n<figure class=\"wp-block-table\"><table><tbody><tr><td colspan=\"4\"><strong>Forfait 13 heures de formation \u00e0 la Conduite CS<\/strong><\/td><\/tr><tr><td colspan=\"2\">Frais de dossier et livret num\u00e9rique<\/td><td>&nbsp;<\/td><td>144,00 \u20ac<\/td><\/tr><tr><td colspan=\"2\">13 heures de formation \u00e0 la conduite<\/td><td><\/td><td>746,00 \u20ac<\/td><\/tr><tr><td colspan=\"2\">1 rdv pr\u00e9alable (2h)<\/td><td><\/td><td>130,00 \u20ac<\/td><\/tr><tr><td colspan=\"2\">1 accompagnement \u00e0 l&rsquo;examen<\/td><td><\/td><td>65,00 \u20ac<\/td><\/tr><tr><td colspan=\"3\">(\u00e0 r\u00e9gler au moment de la r\u00e9servation sur RDV PERMIS)<\/td><td>&nbsp;<\/td><\/tr><tr><td><strong>Prix total TTC**<\/strong><\/td><td><strong>1085,00\u20ac<\/strong><\/td><td><\/td><td>&nbsp;<\/td><\/tr><tr><td colspan=\"4\">&nbsp;<\/td><\/tr><tr><td colspan=\"4\">**Possibilit\u00e9 de paiement en 2 fois : (445\u20ac \u00e0 l&rsquo;\u00e9tablissement du planning,<\/td><\/tr><tr><td colspan=\"4\">445 \u20ac \u00e0 la 5\u00e8me heure de conduite et 65\u20ac \u00e0 la r\u00e9servation de la date)<\/td><\/tr><\/tbody><\/table><\/figure>\n\n\n\n<figure class=\"wp-block-table\"><table><tbody><tr><td colspan=\"4\"><strong>Forfait 13 heures de formation \u00e0 la Conduite AAC<\/strong><\/td><\/tr><tr><td colspan=\"2\">Frais de dossier et livret num\u00e9rique<\/td><td>&nbsp;<\/td><td>144,00 \u20ac<\/td><\/tr><tr><td colspan=\"2\">13 heures de formation \u00e0 la conduite<\/td><td><\/td><td>746,00 \u20ac<\/td><\/tr><tr><td colspan=\"2\">1 rdv pr\u00e9alable (2h)<\/td><td><\/td><td>130,00 \u20ac<\/td><\/tr><tr><td colspan=\"2\">2 rdv p\u00e9dagogiques (environ 1000km) en voiture<\/td><td><\/td><td>130,00 \u20ac<\/td><\/tr><tr><td colspan=\"2\">2 rdv p\u00e9dagogiques (environ 300km) en salle<\/td><td><\/td><td>160,00 \u20ac<\/td><\/tr><tr><td colspan=\"2\">1 accompagnement \u00e0 l&rsquo;examen<\/td><td><\/td><td>65,00 \u20ac<\/td><\/tr><tr><td colspan=\"3\">(\u00e0 r\u00e9gler au moment de la r\u00e9servation sur RDV PERMIS)<\/td><td>&nbsp;<\/td><\/tr><tr><td><strong>Prix total TTC**<\/strong><\/td><td><strong>1375,00\u20ac<\/strong><\/td><td><\/td><td>&nbsp;<\/td><\/tr><tr><td colspan=\"4\">&nbsp;<\/td><\/tr><tr><td colspan=\"4\">**Possibilit\u00e9 de paiement en 2 fois : (400\u20ac \u00e0 l&rsquo;\u00e9tablissement du planning,<\/td><\/tr><tr><td colspan=\"4\">400 \u20ac \u00e0 la 5\u00e8me heure de conduite et 61\u20ac \u00e0 la r\u00e9servation de la date)<\/td><\/tr><tr><td><\/td><td><\/td><td><\/td><td><\/td><\/tr><\/tbody><\/table><\/figure>\n\n\n\n<p>Pour toutes formations, vous avez le choix d\u2019utiliser ou non le simulateur, les r\u00e9glements se font au fur et \u00e0 mesure de ce que vous consommez.<\/p>\n\n\n\n<p><strong>Une formation de 7 heures<\/strong>&nbsp;remplace la proc\u00e9dure de r\u00e9gularisation consistant \u00e0 repasser l\u2019examen de conduite devant un inspecteur.<\/p>\n\n\n\n<p>L\u2019enseignement durant ces 7 heures consiste \u00e0 atteindre une niveau efficace d\u2019utilisation des commandes d\u2019un v\u00e9hicule \u00e0 bo\u00eete manuelle.<\/p>\n\n\n\n<p>Attention, seules les \u00e9coles labellis\u00e9es \u00ab\u00c9cole, conduite, qualit\u00e9\u00bb peuvent proposer cette formation de 7 heures.<\/p>\n\n\n\n<figure class=\"wp-block-table\"><table><tbody><tr><td colspan=\"6\"><strong>Forfait 7 heures de formation \u00e0 la Conduite<\/strong><\/td><\/tr><tr><td colspan=\"4\"><\/td><td>&nbsp;<\/td><td><\/td><\/tr><tr><td colspan=\"4\">7 heures de formation \u00e0 la conduite<\/td><td><\/td><td>390\u20ac<\/td><\/tr><tr><td colspan=\"6\"><\/td><\/tr><tr><td colspan=\"6\">&nbsp;<\/td><\/tr><tr><td>&nbsp;Attestation de formation<\/td><td><\/td><td><\/td><td><\/td><td><\/td><td>\u00a0<br><\/td><\/tr><tr><td>&nbsp;<\/td><td><\/td><td><\/td><td><\/td><td><\/td><td>&nbsp;<\/td><\/tr><tr><td colspan=\"2\"><strong>Prix total TTC**<\/strong><\/td><td colspan=\"2\"><strong>390\u20ac<\/strong><\/td><td><\/td><td>&nbsp;<\/td><\/tr><tr><td colspan=\"6\">&nbsp;<\/td><\/tr><tr><td colspan=\"6\"><\/td><\/tr><tr><td colspan=\"6\"><\/td><\/tr><\/tbody><\/table><\/figure>\n","protected":false},"excerpt":{"rendered":"<p>La formation est possible en traditionnel, en CONDUITE ACCOMPAGNEE et en CONDUITE SUPERVISEE. Depuis le 1er&nbsp;janvier 2017, il est possible de passer le permis de conduire en bo\u00eete automatique et la dur\u00e9e minimum de formation est de 13H contre 20H en bo\u00eete manuelle. Le permis B bo\u00eete automatique ne permet de conduire que des v\u00e9hicules&hellip; <br \/> <a class=\"button small blue\" href=\"https:\/\/automotoecoledestoril.fr\/?page_id=105\">Lire la suite<\/a><\/p>\n","protected":false},"author":1,"featured_media":0,"parent":0,"menu_order":0,"comment_status":"closed","ping_status":"closed","template":"","meta":{"footnotes":""},"yoast_head":"<!-- This site is optimized with the Yoast SEO plugin v21.5 - https:\/\/yoast.com\/wordpress\/plugins\/seo\/ -->\n<title>Bo\u00eete Automatique - Auto Ecole d&#039;Estoril<\/title>\n<meta name=\"robots\" content=\"index, follow, max-snippet:-1, max-image-preview:large, max-video-preview:-1\" \/>\n<link rel=\"canonical\" href=\"https:\/\/automotoecoledestoril.fr\/?page_id=105\" \/>\n<meta property=\"og:locale\" content=\"fr_FR\" \/>\n<meta property=\"og:type\" content=\"article\" \/>\n<meta property=\"og:title\" content=\"Bo\u00eete Automatique - Auto Ecole d&#039;Estoril\" \/>\n<meta property=\"og:description\" content=\"La formation est possible en traditionnel, en CONDUITE ACCOMPAGNEE et en CONDUITE SUPERVISEE. Depuis le 1er&nbsp;janvier 2017, il est possible de passer le permis de conduire en bo\u00eete automatique et la dur\u00e9e minimum de formation est de 13H contre 20H en bo\u00eete manuelle. Le permis B bo\u00eete automatique ne permet de conduire que des v\u00e9hicules&hellip; Lire la suite\" \/>\n<meta property=\"og:url\" content=\"https:\/\/automotoecoledestoril.fr\/?page_id=105\" \/>\n<meta property=\"og:site_name\" content=\"Auto Ecole d&#039;Estoril\" \/>\n<meta property=\"article:modified_time\" content=\"2025-03-21T15:20:23+00:00\" \/>\n<meta name=\"twitter:label1\" content=\"Dur\u00e9e de lecture estim\u00e9e\" \/>\n\t<meta name=\"twitter:data1\" content=\"3 minutes\" \/>\n<script type=\"application\/ld+json\" class=\"yoast-schema-graph\">{\"@context\":\"https:\/\/schema.org\",\"@graph\":[{\"@type\":\"WebPage\",\"@id\":\"https:\/\/automotoecoledestoril.fr\/?page_id=105\",\"url\":\"https:\/\/automotoecoledestoril.fr\/?page_id=105\",\"name\":\"Bo\u00eete Automatique - Auto Ecole d&#039;Estoril\",\"isPartOf\":{\"@id\":\"https:\/\/automotoecoledestoril.fr\/#website\"},\"datePublished\":\"2023-01-09T14:55:19+00:00\",\"dateModified\":\"2025-03-21T15:20:23+00:00\",\"inLanguage\":\"fr-FR\",\"potentialAction\":[{\"@type\":\"ReadAction\",\"target\":[\"https:\/\/automotoecoledestoril.fr\/?page_id=105\"]}]},{\"@type\":\"WebSite\",\"@id\":\"https:\/\/automotoecoledestoril.fr\/#website\",\"url\":\"https:\/\/automotoecoledestoril.fr\/\",\"name\":\"Auto Ecole d&#039;Estoril\",\"description\":\"\",\"publisher\":{\"@id\":\"https:\/\/automotoecoledestoril.fr\/#organization\"},\"potentialAction\":[{\"@type\":\"SearchAction\",\"target\":{\"@type\":\"EntryPoint\",\"urlTemplate\":\"https:\/\/automotoecoledestoril.fr\/?s={search_term_string}\"},\"query-input\":\"required name=search_term_string\"}],\"inLanguage\":\"fr-FR\"},{\"@type\":\"Organization\",\"@id\":\"https:\/\/automotoecoledestoril.fr\/#organization\",\"name\":\"Auto Ecole d&#039;Estoril\",\"url\":\"https:\/\/automotoecoledestoril.fr\/\",\"logo\":{\"@type\":\"ImageObject\",\"inLanguage\":\"fr-FR\",\"@id\":\"https:\/\/automotoecoledestoril.fr\/#\/schema\/logo\/image\/\",\"url\":\"https:\/\/automotoecoledestoril.fr\/wp-content\/uploads\/2023\/11\/cropped-estoril.png\",\"contentUrl\":\"https:\/\/automotoecoledestoril.fr\/wp-content\/uploads\/2023\/11\/cropped-estoril.png\",\"width\":1071,\"height\":358,\"caption\":\"Auto Ecole d&#039;Estoril\"},\"image\":{\"@id\":\"https:\/\/automotoecoledestoril.fr\/#\/schema\/logo\/image\/\"}}]}<\/script>\n<!-- \/ Yoast SEO plugin. -->","yoast_head_json":{"title":"Bo\u00eete Automatique - Auto Ecole d&#039;Estoril","robots":{"index":"index","follow":"follow","max-snippet":"max-snippet:-1","max-image-preview":"max-image-preview:large","max-video-preview":"max-video-preview:-1"},"canonical":"https:\/\/automotoecoledestoril.fr\/?page_id=105","og_locale":"fr_FR","og_type":"article","og_title":"Bo\u00eete Automatique - Auto Ecole d&#039;Estoril","og_description":"La formation est possible en traditionnel, en CONDUITE ACCOMPAGNEE et en CONDUITE SUPERVISEE. Depuis le 1er&nbsp;janvier 2017, il est possible de passer le permis de conduire en bo\u00eete automatique et la dur\u00e9e minimum de formation est de 13H contre 20H en bo\u00eete manuelle. Le permis B bo\u00eete automatique ne permet de conduire que des v\u00e9hicules&hellip; Lire la suite","og_url":"https:\/\/automotoecoledestoril.fr\/?page_id=105","og_site_name":"Auto Ecole d&#039;Estoril","article_modified_time":"2025-03-21T15:20:23+00:00","twitter_misc":{"Dur\u00e9e de lecture estim\u00e9e":"3 minutes"},"schema":{"@context":"https:\/\/schema.org","@graph":[{"@type":"WebPage","@id":"https:\/\/automotoecoledestoril.fr\/?page_id=105","url":"https:\/\/automotoecoledestoril.fr\/?page_id=105","name":"Bo\u00eete Automatique - Auto Ecole d&#039;Estoril","isPartOf":{"@id":"https:\/\/automotoecoledestoril.fr\/#website"},"datePublished":"2023-01-09T14:55:19+00:00","dateModified":"2025-03-21T15:20:23+00:00","inLanguage":"fr-FR","potentialAction":[{"@type":"ReadAction","target":["https:\/\/automotoecoledestoril.fr\/?page_id=105"]}]},{"@type":"WebSite","@id":"https:\/\/automotoecoledestoril.fr\/#website","url":"https:\/\/automotoecoledestoril.fr\/","name":"Auto Ecole d&#039;Estoril","description":"","publisher":{"@id":"https:\/\/automotoecoledestoril.fr\/#organization"},"potentialAction":[{"@type":"SearchAction","target":{"@type":"EntryPoint","urlTemplate":"https:\/\/automotoecoledestoril.fr\/?s={search_term_string}"},"query-input":"required name=search_term_string"}],"inLanguage":"fr-FR"},{"@type":"Organization","@id":"https:\/\/automotoecoledestoril.fr\/#organization","name":"Auto Ecole d&#039;Estoril","url":"https:\/\/automotoecoledestoril.fr\/","logo":{"@type":"ImageObject","inLanguage":"fr-FR","@id":"https:\/\/automotoecoledestoril.fr\/#\/schema\/logo\/image\/","url":"https:\/\/automotoecoledestoril.fr\/wp-content\/uploads\/2023\/11\/cropped-estoril.png","contentUrl":"https:\/\/automotoecoledestoril.fr\/wp-content\/uploads\/2023\/11\/cropped-estoril.png","width":1071,"height":358,"caption":"Auto Ecole d&#039;Estoril"},"image":{"@id":"https:\/\/automotoecoledestoril.fr\/#\/schema\/logo\/image\/"}}]}},"_links":{"self":[{"href":"https:\/\/automotoecoledestoril.fr\/index.php?rest_route=\/wp\/v2\/pages\/105"}],"collection":[{"href":"https:\/\/automotoecoledestoril.fr\/index.php?rest_route=\/wp\/v2\/pages"}],"about":[{"href":"https:\/\/automotoecoledestoril.fr\/index.php?rest_route=\/wp\/v2\/types\/page"}],"author":[{"embeddable":true,"href":"https:\/\/automotoecoledestoril.fr\/index.php?rest_route=\/wp\/v2\/users\/1"}],"replies":[{"embeddable":true,"href":"https:\/\/automotoecoledestoril.fr\/index.php?rest_route=%2Fwp%2Fv2%2Fcomments&post=105"}],"version-history":[{"count":4,"href":"https:\/\/automotoecoledestoril.fr\/index.php?rest_route=\/wp\/v2\/pages\/105\/revisions"}],"predecessor-version":[{"id":333,"href":"https:\/\/automotoecoledestoril.fr\/index.php?rest_route=\/wp\/v2\/pages\/105\/revisions\/333"}],"wp:attachment":[{"href":"https:\/\/automotoecoledestoril.fr\/index.php?rest_route=%2Fwp%2Fv2%2Fmedia&parent=105"}],"curies":[{"name":"wp","href":"https:\/\/api.w.org\/{rel}","templated":true}]}}