{"id":103,"date":"2023-01-09T15:55:18","date_gmt":"2023-01-09T14:55:18","guid":{"rendered":"https:\/\/automotoecoledestoril.fr\/?page_id=103"},"modified":"2025-01-10T15:00:57","modified_gmt":"2025-01-10T14:00:57","slug":"code","status":"publish","type":"page","link":"https:\/\/automotoecoledestoril.fr\/?page_id=103","title":{"rendered":"Code"},"content":{"rendered":"<div id=\"about-us-2\" class=\"about-image-section-pro\" style=\"background-color: #ffffff;\" data-label=\"About us\" data-id=\"about-image-section-pro\" data-category=\"about\">\n<div class=\"gridContainer\">\n<div class=\"row about-image-gridcol-pro\">\n<div class=\"about-image-textcol-pro\" data-type=\"column\">\n<p class=\"\"><span style=\"text-decoration: underline;\">Pour l\u2019examen th\u00e9orique nous vous proposons des s\u00e9ances de test et des cours tous les jours, ainsi que des stages en acc\u00e9l\u00e9r\u00e9.<br \/><\/span><\/p>\n<p>L&rsquo;\u00e9valuation de d\u00e9part est obligatoire, elle prot\u00e8ge le consommateur des techniques abusives et vous permet d&rsquo;\u00eatre inform\u00e9, d\u00e8s le d\u00e9but de votre formation du nombre d&rsquo;heures que vous pouvez mettre \u00e0 apprendre \u00e0 conduire et le prix au quel cela peut vous revenir.<\/p>\n<p>Pour cela, nous proc\u00e9dons \u00e0 une EVALUATION DE DEPART avant chaque conclusion de contrat.<\/p>\n<p>EVALUATION DE DEPART 65,00\u20ac<\/p>\n<\/div>\n<div class=\"\" data-type=\"column\">\n<p class=\"\">STAGE CODE ACCELERE<\/p>\n<p>N\u2019h\u00e9sitez pas \u00e0 nous contacter pour conna\u00eetre les dates des prochains stages, le nombre de participants est limit\u00e9, l\u2019apprentissage est moins facile lorsque l\u2019on est trop nombreux.<\/p>\n<\/div>\n<\/div>\n<\/div>\n<\/div>\n<div id=\"pricing-tables-3\" class=\"pricing-double-colors-section\" style=\"background-color: #f6f6f6; background-image: none;\" data-label=\"Pricing-tables\" data-id=\"pricing-double-colors-section\" data-category=\"pricing-tables\" data-featured-class=\"pricing-featured\" data-ovid=\"ovid-pricing-tables-3-234\">\n<div class=\"gridContainer\">\n<div class=\"section-title-col dynamic-color\" data-type=\"column\">\u00a0<\/div>\n<div class=\"pricing-double-colors-row row\" data-type=\"row\">\n<div class=\"pricing-double-colors-pricecol border-bottom-alt-color cp6cols-tablet cp6cols\">\n<div class=\"pricing-double-colors-titlerow white-text bg-alt-color\" data-type=\"column\">\n<h4 class=\"pricing-double-colors-title\">Forfait de formation au Code de la route<\/h4>\n<p>Sur internet\/application mobile<\/p>\n<\/div>\n<div class=\"pricing-double-colors-pricerow bg-alt-color\" data-type=\"column\">\n<p class=\"pricing-double-colors-price-text\"><span style=\"font-size: 27.972px;\">160\u20ac<\/span><\/p>\n<p class=\"pricing-double-colors-featured-text\">Most popular<\/p>\n<\/div>\n<div class=\"pricing-double-colors-featuresrow\">\n<ul class=\"pricing-double-colors-features-list\">\n<li class=\"pricing-double-colors-feature-item\">1 Acc\u00e8s code mobile (valable 3mois)<\/li>\n<li class=\"pricing-double-colors-feature-item\">Pr\u00e9voir 30\u20ac de redevance ETG \u00e0 l&rsquo;op\u00e9rateur de votre choix * Paiement \u00e0 l&rsquo;inscription<\/li>\n<\/ul>\n<p><a class=\"button bg-alt-color\" href=\"#\"> CHOOSE PLAN <\/a><\/p>\n<\/div>\n<\/div>\n<div class=\"pricing-double-colors-pricecol border-bottom-alt-color cp6cols-tablet cp6cols pricing-featured\">\n<div class=\"pricing-double-colors-titlerow white-text bg-alt-color\" data-type=\"column\">\n<h4 class=\"pricing-double-colors-title\">Forfait de formation au Code de la route<\/h4>\n<p>Sur internet et en salle<\/p>\n<\/div>\n<div class=\"pricing-double-colors-pricerow bg-alt-color\" data-type=\"column\">\n<p class=\"pricing-double-colors-price-text\"><span style=\"font-size: 27.972px;\">260\u20ac<\/span><\/p>\n<p class=\"pricing-double-colors-featured-text\">Le plus populaire<\/p>\n<\/div>\n<div class=\"pricing-double-colors-featuresrow\">\n<ul class=\"pricing-double-colors-features-list\">\n<li class=\"pricing-double-colors-feature-item\">1 Acc\u00e8s code mobile (valable 6 mois)<\/li>\n<li class=\"pricing-double-colors-feature-item\">1 Livre de code<\/li>\n<li class=\"pricing-double-colors-feature-item\">Cours et tests de Code illimit\u00e9s (forfait valable 6 mois)<\/li>\n<li class=\"pricing-double-colors-feature-item\">\u00a0<\/li>\n<li class=\"pricing-double-colors-feature-item\">Pr\u00e9voir 30\u20ac de redevance ETG \u00e0 l&rsquo;op\u00e9rateur de votre choix * Paiement \u00e0 l&rsquo;inscription<\/li>\n<\/ul>\n<p><a class=\"button bg-alt-color\" href=\"#\"> CHOOSE PLAN <\/a><\/p>\n<\/div>\n<\/div>\n<\/div>\n<\/div>\n<\/div>\n<div id=\"about-us-1\" class=\"about-image-section-pro about-image-section-pro-1\" style=\"background-color: #ffffff; background-image: none;\" data-label=\"About us\" data-id=\"about-image-section-pro-1\" data-category=\"about\" data-ovid=\"ovid-about-us-1-472\">\n<div class=\"gridContainer\">\n<div class=\"row about-image-gridcol-pro\">\n<div class=\"about-image-textcol-pro\" data-type=\"column\">\n<p class=\"\"><span style=\"text-decoration: underline;\"><span style=\"font-weight: 600;\">L&rsquo;\u00e9preuve pratique permet d&rsquo;\u00e9valuer les points suivants :<\/span><\/span><\/p>\n<p>\u2022 Respect des dispositions du code de la route<\/p>\n<p>\u2022 Connaissance du v\u00e9hicule et capacit\u00e9 \u00e0 d\u00e9celer les d\u00e9fauts techniques les plus importants<\/p>\n<p>\u2022 Ma\u00eetrise des commandes et manipulation du v\u00e9hicule<\/p>\n<p>\u2022 Capacit\u00e9 \u00e0 assurer sa propre s\u00e9curit\u00e9 et celles des autres usagers sur tout type de route<\/p>\n<p>\u2022 Capacit\u00e9 \u00e0 percevoir et anticiper les dangers par la circulation et \u00e0 agir de fa\u00e7on appropri\u00e9e<\/p>\n<p>\u2022 Connaissance des notions \u00e9l\u00e9mentaires de premiers secours<\/p>\n<p>\u2022 Degr\u00e9 d&rsquo;autonomie dans la r\u00e9alisation d&rsquo;un trajet<\/p>\n<p>\u2022 Capacit\u00e9 \u00e0 conduire en respectant l&rsquo;environnement et en adoptant un comportement courtois et pr\u00e9venant envers les autres usagers<\/p>\n<p><span style=\"text-decoration: underline;\"><span style=\"font-weight: 500;\">DOCUMENTS A FOURNIR POUR S\u2019INSCRIRE :<\/span><\/span><\/p>\n<p>Les enregistrements en pr\u00e9fecture se font dor\u00e9navant de mani\u00e8re d\u00e9mat\u00e9rialis\u00e9s, via le site internet de L &lsquo;Agence Nationale des Titres Securis\u00e9s ANTS.<\/p>\n<p><span style=\"text-decoration: underline;\">VOUS POUVEZ DESORMAIS FAIRE PARVENIR VOS DOCUMENTS SOUS FORMAT PDF OU JPEG<\/span><\/p>\n<p>\u2022 photos d\u2019identit\u00e9 AVEC SIGNATURE NUMERISEES E-PHOTOS AGREES ANTS<\/p>\n<p>\u2022 1 copie recto verso de la pi\u00e8ce d\u2019identit\u00e9.<\/p>\n<p>\u2022 1 Justificatif de domicile de moins de 6 mois (les \u00e9ch\u00e9anciers ne sont pas accept\u00e9s).<\/p>\n<p>\u2022 1 attestation d&rsquo;h\u00e9bergement (si le justificatif de domicile n&rsquo;est pas au nom du candidat)<\/p>\n<p>\u2022 1 copie recto verso de la pi\u00e8ce d\u2019identit\u00e9 de l&rsquo;h\u00e9bergeur<\/p>\n<p>\u2022 2 enveloppes autocollantes, format A5<\/p>\n<p>\u2022 2 timbres au tarif prioritaire (rouges).<\/p>\n<p>\u2022 1 copie de l&rsquo;ASSR2<\/p>\n<p>\u2022 R\u00e9sultat de l&rsquo;examen du code de la route<\/p>\n<p>\u2022 1 photocopie de l\u2019attestation de recensement (hommes de moins de 26 ans et femmes n\u00e9es apr\u00e8s 1983) OU copie du certificat individuel de la participation \u00e0 la journ\u00e9e d&rsquo;appel de pr\u00e9paration \u00e0 la d\u00e9fense OU attestation provisoire avec date de validit\u00e9 (si la journ\u00e9e de pr\u00e9paration \u00e0 la d\u00e9fense n&rsquo;est pas faite)<\/p>\n<\/div>\n<div class=\"\" data-type=\"column\">\u00a0<\/div>\n<\/div>\n<\/div>\n<\/div>\n\n\n<p> PROCEDURE DE L&rsquo;EVALUATION<\/p>\n\n\n\n<p>CE TEST SE D\u00c9ROULE AVEC L\u2019ACCOMPAGNEMENT D\u2019UN FORMATEUR PUIS EN AUTONOMIE SUR<br>UN SIMULATEUR DE CONDUITE.<br>Ce test permet de quantifier le nombre d\u2019heures de formation \u00e0 la conduite automobile.<br>Il n\u2019impose pas un nombre d\u2019heures, c\u2019est un pr\u00e9visionnel.<br>Il pourra \u00eatre revu \u00e0 la baisse, par l\u2019implication de l\u2019\u00e9l\u00e8ve dans la formation, ainsi que par la fr\u00e9quence<br>des heures.<br>Cette \u00e9valuation permettra, en concertation avec l\u2019\u00e9cole de conduite, d\u2019organiser un calendrier de<br>formation.<br>Elle se d\u00e9compose en trois parties :<\/p>\n\n\n\n<ul>\n<li>La premi\u00e8re concerne l\u2019identit\u00e9 et regroupe quelques informations g\u00e9n\u00e9rales sur le parcours de<br>l\u2019\u00e9l\u00e8ve.<\/li>\n\n\n\n<li>La deuxi\u00e8me permet de mesurer les connaissances en mati\u00e8re de signalisation et de r\u00e8gles de<br>conduite.<\/li>\n\n\n\n<li>La troisi\u00e8me mesure les connaissances en mati\u00e8re de m\u00e9canique, les habilet\u00e9s ainsi que la<br>perception visuelle.<br>L\u2019\u00e9valuation vise \u00e0 la production d\u2019un r\u00e9sultat codifi\u00e9 \u00e0 5 niveaux de performance conduisant \u00e0 5<br>tranches de propositions de volumes horaires.<br>Ce test durera environ 45 minutes.<br><br>QUESTIONS \/ EXERCICES CRIT\u00c8RES \u00c9VALU\u00c9S<br>EXP\u00c9RIENCE DE LA CONDUITE <\/li>\n\n\n\n<li>Permis poss\u00e9d\u00e9s<\/li>\n\n\n\n<li>V\u00e9hicules conduits<\/li>\n\n\n\n<li>Zone d\u2019\u00e9volution \u00e0 bord du v\u00e9hicule<\/li>\n\n\n\n<li>Temps de pratique en conduite<\/li>\n\n\n\n<li>Contexte d\u2019accompagnement ou pratique autonome.<br>CONNAISSANCES EN MATI\u00c8RE DE SIGNALISATION Capacit\u00e9 \u00e0 identifier des panneaux de signalisation selon<br>leur forme.<br>CONNAISSANCES EN MATI\u00c8RE DE CODE DE LA<br>ROUTE<br>Capacit\u00e9 \u00e0 r\u00e9pondre \u00e0 un QCM dans un temps limit\u00e9 (s\u00e9rie<br>de 20 questions) sur la base de photographies illustrant<br>des mises en situation de conduite.<br>Connaissances en mati\u00e8re de r\u00e8gles de circulation,<br>signification de la signalisation et priorit\u00e9s de passage.<\/li>\n<\/ul>\n\n\n\n<p>CONNAISSANCES TH\u00c9ORIQUES SUR LE V\u00c9HICULE <\/p>\n\n\n\n<p>Capacit\u00e9 \u00e0 r\u00e9pondre \u00e0 un QCM \u00e0 3 propositions dans<br>un temps limit\u00e9 sur une s\u00e9rie de 12 questions d\u00e9clin\u00e9es<br>en 4 th\u00e8mes techniques : direction &#8211; bo\u00eete de vitesses &#8211;<br>embrayage &#8211; freinage.<br>ATTITUDES \u00c0 L\u2019\u00c9GARD DE L\u2019APPRENTISSAGE <\/p>\n\n\n\n<p>Hi\u00e9rarchisation des raisons du choix de l\u2019\u00e9cole de conduite<br>r\u00e9putation, offre de formation versus prix, proximit\u00e9.<br>ATTITUDES \u00c0 L\u2019\u00c9GARD DE LA S\u00c9CURIT\u00c9 <\/p>\n\n\n\n<p>Hi\u00e9rarchisation des attitudes \u00e0 l\u2019\u00e9gard de la s\u00e9curit\u00e9 :<br>limitation aux aspects techniques et r\u00e9glementaires de<br>la conduite versus adaptation au contexte et partage de<br>l\u2019espace routier.<br>M\u00c9MORISATION <\/p>\n\n\n\n<p>Capacit\u00e9 \u00e0 m\u00e9moriser une s\u00e9quence de 7 points constituant<br>la chronologie d\u2019installation au poste de conduite.<br>S\u00e9quence lue et affich\u00e9e \u00e0 l\u2019\u00e9cran. La demande de<br>restitution intervient \u00e0 la fin de l\u2019\u00e9valuation.<br>Elle s\u2019appuie sur la demande d\u2019attribution d\u2019un num\u00e9ro \u00e0<br>donner aux diff\u00e9rents \u00e9l\u00e9ments de la liste, pr\u00e9sent\u00e9s dans<br>le d\u00e9sordre, pour retrouver la chronologie pr\u00e9sent\u00e9e en<br>d\u00e9but d\u2019\u00e9valuation.<br>HABILET\u00c9S (COORDINATION ET SYNCHRONISATION<br>DES GESTES). CAPACIT\u00c9S D\u2019ACQUISITION<br>RAPIDE DES HABILIT\u00c9S INDISPENSABLES DU<br>CONDUCTEUR. D\u00c9MARRAGES-ARR\u00caTS.<br>Compr\u00e9hension :<br>Suite \u00e0 des explications visuelles et auditives, l\u2019utilisateur<br>doit r\u00e9aliser des d\u00e9marrages-arr\u00eats.<br>Capacit\u00e9 de compr\u00e9hension en prenant en consid\u00e9ration<br>le nombre d\u2019explications qui auront \u00e9t\u00e9 n\u00e9cessaires avant<br>de commencer l\u2019\u00e9valuation sur les d\u00e9marrages-arr\u00eats.<br>Habilet\u00e9s :<br>Habilet\u00e9s \u00e0 utiliser les commandes du v\u00e9hicule en<br>prenant en consid\u00e9ration le nombre d\u2019erreurs faites lors<br>de l\u2019\u00e9valuation sur les d\u00e9marrages-arr\u00eats.<br>MANIPULATION DU VOLANT <\/p>\n\n\n\n<p>L\u2019\u00e9valuation porte sur la comp\u00e9tence \u00e0 suivre une trajectoire<br>\u00e0 une vitesse faible et en manipulant le volant pour faire<br>un parcours en slalom entre des c\u00f4nes. L\u2019intervention sur<br>la p\u00e9dale de frein peut impacter le r\u00e9sultat.<\/p>\n\n\n\n<p><br>TRAJECTOIRE<\/p>\n\n\n\n<p> \u00c9valuation de la lat\u00e9ralit\u00e9 et de la capacit\u00e9 \u00e0 suivre une<br>trajectoire impos\u00e9e.<br>Suivi \u00e0 une vitesse impos\u00e9e, d\u2019une trajectoire dessin\u00e9e<br>sur la route.<\/p>\n\n\n\n<p><br>OBSERVATION, REGARD, \u00c9MOTIVIT\u00c9 <\/p>\n\n\n\n<p>Test de comp\u00e9tences visant \u00e0 mesurer : la capacit\u00e9 de<br>r\u00e9sistance \u00e0 la pression sociale, les capacit\u00e9s d\u2019observation,<br>d\u2019anticipation d\u2019obstacles, de gestion des allures en fonction<br>des prescriptions, de gestion des trajectoires, de respect de<br>la signalisation imposant l\u2019arr\u00eat, de gestion des accessoires<br>de communication.<br>\u00c9valuation des capacit\u00e9s perceptives et le temps de<br>r\u00e9ponse \u00e0 un stimulus visuel.<br>Le v\u00e9hicule avance automatiquement. Il est demand\u00e9 de<br>suivre une cible situ\u00e9e sur la trajectoire.<\/p>\n\n\n\n<p><br>PERCEPTION ET CHAMP VISUEL <\/p>\n\n\n\n<p>D\u00e8s la perception d\u2019une forme g\u00e9om\u00e9trique apparaissant<br>dans les diff\u00e9rentes zones strat\u00e9giques de prise d\u2019information<br>en situation de conduite, il est demand\u00e9 de klaxonner, puis<br>dans un second temps de cliquer \u00e0 l\u2019aide d\u2019une souris dans<br>la zone o\u00f9 la forme g\u00e9om\u00e9trique a \u00e9t\u00e9 per\u00e7ue.<\/p>\n","protected":false},"excerpt":{"rendered":"<p>Pour l\u2019examen th\u00e9orique nous vous proposons des s\u00e9ances de test et des cours tous les jours, ainsi que des stages en acc\u00e9l\u00e9r\u00e9. L&rsquo;\u00e9valuation de d\u00e9part est obligatoire, elle prot\u00e8ge le consommateur des techniques abusives et vous permet d&rsquo;\u00eatre inform\u00e9, d\u00e8s le d\u00e9but de votre formation du nombre d&rsquo;heures que vous pouvez mettre \u00e0 apprendre \u00e0&hellip; <br \/> <a class=\"button small blue\" href=\"https:\/\/automotoecoledestoril.fr\/?p=1\">Lire la suite<\/a><\/p>\n","protected":false},"author":1,"featured_media":0,"parent":0,"menu_order":0,"comment_status":"closed","ping_status":"closed","template":"full-width-page.php","meta":{"footnotes":""},"yoast_head":"<!-- This site is optimized with the Yoast SEO plugin v21.5 - https:\/\/yoast.com\/wordpress\/plugins\/seo\/ -->\n<title>Code - Auto Ecole d&#039;Estoril<\/title>\n<meta name=\"robots\" content=\"index, follow, max-snippet:-1, max-image-preview:large, max-video-preview:-1\" \/>\n<link rel=\"canonical\" href=\"https:\/\/automotoecoledestoril.fr\/?page_id=103\" \/>\n<meta property=\"og:locale\" content=\"fr_FR\" \/>\n<meta property=\"og:type\" content=\"article\" \/>\n<meta property=\"og:title\" content=\"Code - Auto Ecole d&#039;Estoril\" \/>\n<meta property=\"og:description\" content=\"Pour l\u2019examen th\u00e9orique nous vous proposons des s\u00e9ances de test et des cours tous les jours, ainsi que des stages en acc\u00e9l\u00e9r\u00e9. L&rsquo;\u00e9valuation de d\u00e9part est obligatoire, elle prot\u00e8ge le consommateur des techniques abusives et vous permet d&rsquo;\u00eatre inform\u00e9, d\u00e8s le d\u00e9but de votre formation du nombre d&rsquo;heures que vous pouvez mettre \u00e0 apprendre \u00e0&hellip; Lire la suite\" \/>\n<meta property=\"og:url\" content=\"https:\/\/automotoecoledestoril.fr\/?page_id=103\" \/>\n<meta property=\"og:site_name\" content=\"Auto Ecole d&#039;Estoril\" \/>\n<meta property=\"article:modified_time\" content=\"2025-01-10T14:00:57+00:00\" \/>\n<meta name=\"twitter:label1\" content=\"Dur\u00e9e de lecture estim\u00e9e\" \/>\n\t<meta name=\"twitter:data1\" content=\"6 minutes\" \/>\n<script type=\"application\/ld+json\" class=\"yoast-schema-graph\">{\"@context\":\"https:\/\/schema.org\",\"@graph\":[{\"@type\":\"WebPage\",\"@id\":\"https:\/\/automotoecoledestoril.fr\/?page_id=103\",\"url\":\"https:\/\/automotoecoledestoril.fr\/?page_id=103\",\"name\":\"Code - Auto Ecole d&#039;Estoril\",\"isPartOf\":{\"@id\":\"https:\/\/automotoecoledestoril.fr\/#website\"},\"datePublished\":\"2023-01-09T14:55:18+00:00\",\"dateModified\":\"2025-01-10T14:00:57+00:00\",\"inLanguage\":\"fr-FR\",\"potentialAction\":[{\"@type\":\"ReadAction\",\"target\":[\"https:\/\/automotoecoledestoril.fr\/?page_id=103\"]}]},{\"@type\":\"WebSite\",\"@id\":\"https:\/\/automotoecoledestoril.fr\/#website\",\"url\":\"https:\/\/automotoecoledestoril.fr\/\",\"name\":\"Auto Ecole d&#039;Estoril\",\"description\":\"\",\"publisher\":{\"@id\":\"https:\/\/automotoecoledestoril.fr\/#organization\"},\"potentialAction\":[{\"@type\":\"SearchAction\",\"target\":{\"@type\":\"EntryPoint\",\"urlTemplate\":\"https:\/\/automotoecoledestoril.fr\/?s={search_term_string}\"},\"query-input\":\"required name=search_term_string\"}],\"inLanguage\":\"fr-FR\"},{\"@type\":\"Organization\",\"@id\":\"https:\/\/automotoecoledestoril.fr\/#organization\",\"name\":\"Auto Ecole d&#039;Estoril\",\"url\":\"https:\/\/automotoecoledestoril.fr\/\",\"logo\":{\"@type\":\"ImageObject\",\"inLanguage\":\"fr-FR\",\"@id\":\"https:\/\/automotoecoledestoril.fr\/#\/schema\/logo\/image\/\",\"url\":\"https:\/\/automotoecoledestoril.fr\/wp-content\/uploads\/2023\/11\/cropped-estoril.png\",\"contentUrl\":\"https:\/\/automotoecoledestoril.fr\/wp-content\/uploads\/2023\/11\/cropped-estoril.png\",\"width\":1071,\"height\":358,\"caption\":\"Auto Ecole d&#039;Estoril\"},\"image\":{\"@id\":\"https:\/\/automotoecoledestoril.fr\/#\/schema\/logo\/image\/\"}}]}<\/script>\n<!-- \/ Yoast SEO plugin. -->","yoast_head_json":{"title":"Code - Auto Ecole d&#039;Estoril","robots":{"index":"index","follow":"follow","max-snippet":"max-snippet:-1","max-image-preview":"max-image-preview:large","max-video-preview":"max-video-preview:-1"},"canonical":"https:\/\/automotoecoledestoril.fr\/?page_id=103","og_locale":"fr_FR","og_type":"article","og_title":"Code - Auto Ecole d&#039;Estoril","og_description":"Pour l\u2019examen th\u00e9orique nous vous proposons des s\u00e9ances de test et des cours tous les jours, ainsi que des stages en acc\u00e9l\u00e9r\u00e9. L&rsquo;\u00e9valuation de d\u00e9part est obligatoire, elle prot\u00e8ge le consommateur des techniques abusives et vous permet d&rsquo;\u00eatre inform\u00e9, d\u00e8s le d\u00e9but de votre formation du nombre d&rsquo;heures que vous pouvez mettre \u00e0 apprendre \u00e0&hellip; Lire la suite","og_url":"https:\/\/automotoecoledestoril.fr\/?page_id=103","og_site_name":"Auto Ecole d&#039;Estoril","article_modified_time":"2025-01-10T14:00:57+00:00","twitter_misc":{"Dur\u00e9e de lecture estim\u00e9e":"6 minutes"},"schema":{"@context":"https:\/\/schema.org","@graph":[{"@type":"WebPage","@id":"https:\/\/automotoecoledestoril.fr\/?page_id=103","url":"https:\/\/automotoecoledestoril.fr\/?page_id=103","name":"Code - Auto Ecole d&#039;Estoril","isPartOf":{"@id":"https:\/\/automotoecoledestoril.fr\/#website"},"datePublished":"2023-01-09T14:55:18+00:00","dateModified":"2025-01-10T14:00:57+00:00","inLanguage":"fr-FR","potentialAction":[{"@type":"ReadAction","target":["https:\/\/automotoecoledestoril.fr\/?page_id=103"]}]},{"@type":"WebSite","@id":"https:\/\/automotoecoledestoril.fr\/#website","url":"https:\/\/automotoecoledestoril.fr\/","name":"Auto Ecole d&#039;Estoril","description":"","publisher":{"@id":"https:\/\/automotoecoledestoril.fr\/#organization"},"potentialAction":[{"@type":"SearchAction","target":{"@type":"EntryPoint","urlTemplate":"https:\/\/automotoecoledestoril.fr\/?s={search_term_string}"},"query-input":"required name=search_term_string"}],"inLanguage":"fr-FR"},{"@type":"Organization","@id":"https:\/\/automotoecoledestoril.fr\/#organization","name":"Auto Ecole d&#039;Estoril","url":"https:\/\/automotoecoledestoril.fr\/","logo":{"@type":"ImageObject","inLanguage":"fr-FR","@id":"https:\/\/automotoecoledestoril.fr\/#\/schema\/logo\/image\/","url":"https:\/\/automotoecoledestoril.fr\/wp-content\/uploads\/2023\/11\/cropped-estoril.png","contentUrl":"https:\/\/automotoecoledestoril.fr\/wp-content\/uploads\/2023\/11\/cropped-estoril.png","width":1071,"height":358,"caption":"Auto Ecole d&#039;Estoril"},"image":{"@id":"https:\/\/automotoecoledestoril.fr\/#\/schema\/logo\/image\/"}}]}},"_links":{"self":[{"href":"https:\/\/automotoecoledestoril.fr\/index.php?rest_route=\/wp\/v2\/pages\/103"}],"collection":[{"href":"https:\/\/automotoecoledestoril.fr\/index.php?rest_route=\/wp\/v2\/pages"}],"about":[{"href":"https:\/\/automotoecoledestoril.fr\/index.php?rest_route=\/wp\/v2\/types\/page"}],"author":[{"embeddable":true,"href":"https:\/\/automotoecoledestoril.fr\/index.php?rest_route=\/wp\/v2\/users\/1"}],"replies":[{"embeddable":true,"href":"https:\/\/automotoecoledestoril.fr\/index.php?rest_route=%2Fwp%2Fv2%2Fcomments&post=103"}],"version-history":[{"count":6,"href":"https:\/\/automotoecoledestoril.fr\/index.php?rest_route=\/wp\/v2\/pages\/103\/revisions"}],"predecessor-version":[{"id":306,"href":"https:\/\/automotoecoledestoril.fr\/index.php?rest_route=\/wp\/v2\/pages\/103\/revisions\/306"}],"wp:attachment":[{"href":"https:\/\/automotoecoledestoril.fr\/index.php?rest_route=%2Fwp%2Fv2%2Fmedia&parent=103"}],"curies":[{"name":"wp","href":"https:\/\/api.w.org\/{rel}","templated":true}]}}