{"id":102,"date":"2023-01-09T15:55:17","date_gmt":"2023-01-09T14:55:17","guid":{"rendered":"https:\/\/automotoecoledestoril.fr\/?page_id=102"},"modified":"2025-03-06T18:12:17","modified_gmt":"2025-03-06T17:12:17","slug":"conduite-supervisee","status":"publish","type":"page","link":"https:\/\/automotoecoledestoril.fr\/?page_id=102","title":{"rendered":"Conduite Supervis\u00e9e"},"content":{"rendered":"\n<p class=\"has-luminous-vivid-orange-color has-text-color has-link-color wp-elements-6af1948643562e58ec896aa1f63bacde\">UNE FORTE ACQUISITION D\u2019EXP\u00c9RIENCES ET DE CONFIANCE EN SOI DANS UN D\u00c9LAI COURT.<\/p>\n\n\n\n<p>Une formation compl\u00e8te, avec l\u2019aide d\u2019un enseignant et d\u2019un accompagnateur qu\u2019on conna\u00eet bien. Un choix que l\u2019on peut faire \u00e0 tout moment.<\/p>\n\n\n\n<p class=\"has-luminous-vivid-orange-color has-text-color has-link-color wp-elements-e57f205a2b30dd904c3d68106999a09d\">D\u00e8s 18 ans, je peux choisir la Conduite Supervis\u00e9e.<\/p>\n\n\n\n<p>Inscrit dans une \u00e9cole de conduite, j\u2019ai la possibilit\u00e9 de compl\u00e9ter ma formation initiale par une phase de conduite supervis\u00e9e me permettant d\u2019acqu\u00e9rir davantage d\u2019exp\u00e9riences, afin de passer ensuite l\u2019\u00e9preuve pratique dans des conditions sereines. Comme pour la conduite accompagn\u00e9e, je dois au pr\u00e9alable avoir r\u00e9ussi l\u2019\u00e9preuve du code et avoir suivi au moins 20h de conduite en \u00e9cole de conduite (13 heures en cas de formation sur bo\u00eete de vitesses automatique).<\/p>\n\n\n\n<p>\u00c0 la fin de la formation initiale, c\u2019est l\u2019enseignant qui m\u2019autorise \u00e0 opter pour la conduite supervis\u00e9e en fonction de mes comp\u00e9tences et de mes comportements.<\/p>\n\n\n\n<p>Avant de partir en conduite supervis\u00e9e avec un accompagnateur, je dois faire un rendez-vous pr\u00e9alable. D\u2019une dur\u00e9e minimale de 2h, le RV pr\u00e9alable consiste en une s\u00e9quence de conduite sur un v\u00e9hicule de l\u2019\u00e9tablissement. Il r\u00e9unit l\u2019\u00e9l\u00e8ve, install\u00e9 au poste de conduite, l\u2019enseignant \u00e0 ses c\u00f4t\u00e9s et<\/p>\n\n\n\n<p>l\u2019accompagnateur assis \u00e0 l\u2019arri\u00e8re, afin de r\u00e9aliser le \u00ab passage de relais \u00bb entre l\u2019enseignant de la conduite et l\u2019accompagnateur.<\/p>\n\n\n\n<p>\u00c0 la fin de cette s\u00e9ance, un guide est remis \u00e0 l\u2019accompagnateur, dans lequel il trouvera les informations utiles \u00e0 la formation du futur conducteur.<\/p>\n\n\n\n<p>Pendant toute la p\u00e9riode de conduite supervis\u00e9e : <\/p>\n\n\n\n<p><strong>=&gt;<\/strong>je ne franchis pas les fronti\u00e8res fran\u00e7aises;<\/p>\n\n\n\n<p><strong>=&gt;<\/strong>mon v\u00e9hicule est \u00e9quip\u00e9 de 2 r\u00e9troviseurs lat\u00e9raux (l\u2019accompagnateur peut ajouter un second r\u00e9troviseur droit et un second r\u00e9troviseur central pour mieux voir vers l\u2019arri\u00e8re) ; <\/p>\n\n\n\n<p><strong>=&gt;<\/strong>j\u2019ajoute le disque \u00ab conduite accompagn\u00e9e \u00bb.<\/p>\n\n\n\n<figure class=\"wp-block-table\"><table><tbody><tr><td class=\"has-text-align-center\" data-align=\"center\"><strong>FORFAIT  BOITE AUTO 13H<\/strong><\/td><\/tr><tr><td class=\"has-text-align-center\" data-align=\"center\"><strong>895\u20ac<\/strong> avec 3h sur simulateur\/<strong>1085\u20ac<\/strong> sans simulateur<\/td><\/tr><tr><td class=\"has-text-align-center\" data-align=\"center\">(accompagnement \u00e0 l&rsquo;examen inclus\/possibilit\u00e9 de r\u00e9gler en 2x)<\/td><\/tr><\/tbody><\/table><\/figure>\n\n\n\n<figure class=\"wp-block-table\"><table><tbody><tr><td class=\"has-text-align-center\" data-align=\"center\"><strong>FORFAIT 20H BOITE MANUELLE<\/strong><\/td><\/tr><tr><td class=\"has-text-align-center\" data-align=\"center\"><strong>1200\u20ac<\/strong> avec 5h sur simulateur\/<strong>1425\u20ac<\/strong> sans simulateur<\/td><\/tr><tr><td class=\"has-text-align-center\" data-align=\"center\">(accompagnement \u00e0 l&rsquo;examen inclus\/possibilit\u00e9 de r\u00e9gler en 3x)<\/td><\/tr><\/tbody><\/table><\/figure>\n\n\n\n<figure class=\"wp-block-table\"><table><tbody><tr><td class=\"has-text-align-center\" data-align=\"center\"><strong>FORFAIT 20H BOITE MANUELLE<\/strong><\/td><\/tr><tr><td class=\"has-text-align-center\" data-align=\"center\"><strong>1434\u20ac<\/strong> avec 5h sur simulateur\/<strong>1644\u20ac<\/strong> sans simulateur<\/td><\/tr><tr><td class=\"has-text-align-center\" data-align=\"center\">(accompagnement \u00e0 l&rsquo;examen inclus\/possibilit\u00e9 de r\u00e9gler en 3x)<\/td><\/tr><\/tbody><\/table><\/figure>\n","protected":false},"excerpt":{"rendered":"<p>UNE FORTE ACQUISITION D\u2019EXP\u00c9RIENCES ET DE CONFIANCE EN SOI DANS UN D\u00c9LAI COURT. Une formation compl\u00e8te, avec l\u2019aide d\u2019un enseignant et d\u2019un accompagnateur qu\u2019on conna\u00eet bien. Un choix que l\u2019on peut faire \u00e0 tout moment. D\u00e8s 18 ans, je peux choisir la Conduite Supervis\u00e9e. Inscrit dans une \u00e9cole de conduite, j\u2019ai la possibilit\u00e9 de compl\u00e9ter&hellip; <br \/> <a class=\"button small blue\" href=\"https:\/\/automotoecoledestoril.fr\/?page_id=102\">Lire la suite<\/a><\/p>\n","protected":false},"author":1,"featured_media":0,"parent":0,"menu_order":0,"comment_status":"closed","ping_status":"closed","template":"","meta":{"footnotes":""},"yoast_head":"<!-- This site is optimized with the Yoast SEO plugin v21.5 - https:\/\/yoast.com\/wordpress\/plugins\/seo\/ -->\n<title>Conduite Supervis\u00e9e - Auto Ecole d&#039;Estoril<\/title>\n<meta name=\"robots\" content=\"index, follow, max-snippet:-1, max-image-preview:large, max-video-preview:-1\" \/>\n<link rel=\"canonical\" href=\"https:\/\/automotoecoledestoril.fr\/?page_id=102\" \/>\n<meta property=\"og:locale\" content=\"fr_FR\" \/>\n<meta property=\"og:type\" content=\"article\" \/>\n<meta property=\"og:title\" content=\"Conduite Supervis\u00e9e - Auto Ecole d&#039;Estoril\" \/>\n<meta property=\"og:description\" content=\"UNE FORTE ACQUISITION D\u2019EXP\u00c9RIENCES ET DE CONFIANCE EN SOI DANS UN D\u00c9LAI COURT. Une formation compl\u00e8te, avec l\u2019aide d\u2019un enseignant et d\u2019un accompagnateur qu\u2019on conna\u00eet bien. Un choix que l\u2019on peut faire \u00e0 tout moment. D\u00e8s 18 ans, je peux choisir la Conduite Supervis\u00e9e. Inscrit dans une \u00e9cole de conduite, j\u2019ai la possibilit\u00e9 de compl\u00e9ter&hellip; Lire la suite\" \/>\n<meta property=\"og:url\" content=\"https:\/\/automotoecoledestoril.fr\/?page_id=102\" \/>\n<meta property=\"og:site_name\" content=\"Auto Ecole d&#039;Estoril\" \/>\n<meta property=\"article:modified_time\" content=\"2025-03-06T17:12:17+00:00\" \/>\n<meta name=\"twitter:label1\" content=\"Dur\u00e9e de lecture estim\u00e9e\" \/>\n\t<meta name=\"twitter:data1\" content=\"2 minutes\" \/>\n<script type=\"application\/ld+json\" class=\"yoast-schema-graph\">{\"@context\":\"https:\/\/schema.org\",\"@graph\":[{\"@type\":\"WebPage\",\"@id\":\"https:\/\/automotoecoledestoril.fr\/?page_id=102\",\"url\":\"https:\/\/automotoecoledestoril.fr\/?page_id=102\",\"name\":\"Conduite Supervis\u00e9e - Auto Ecole d&#039;Estoril\",\"isPartOf\":{\"@id\":\"https:\/\/automotoecoledestoril.fr\/#website\"},\"datePublished\":\"2023-01-09T14:55:17+00:00\",\"dateModified\":\"2025-03-06T17:12:17+00:00\",\"inLanguage\":\"fr-FR\",\"potentialAction\":[{\"@type\":\"ReadAction\",\"target\":[\"https:\/\/automotoecoledestoril.fr\/?page_id=102\"]}]},{\"@type\":\"WebSite\",\"@id\":\"https:\/\/automotoecoledestoril.fr\/#website\",\"url\":\"https:\/\/automotoecoledestoril.fr\/\",\"name\":\"Auto Ecole d&#039;Estoril\",\"description\":\"\",\"publisher\":{\"@id\":\"https:\/\/automotoecoledestoril.fr\/#organization\"},\"potentialAction\":[{\"@type\":\"SearchAction\",\"target\":{\"@type\":\"EntryPoint\",\"urlTemplate\":\"https:\/\/automotoecoledestoril.fr\/?s={search_term_string}\"},\"query-input\":\"required name=search_term_string\"}],\"inLanguage\":\"fr-FR\"},{\"@type\":\"Organization\",\"@id\":\"https:\/\/automotoecoledestoril.fr\/#organization\",\"name\":\"Auto Ecole d&#039;Estoril\",\"url\":\"https:\/\/automotoecoledestoril.fr\/\",\"logo\":{\"@type\":\"ImageObject\",\"inLanguage\":\"fr-FR\",\"@id\":\"https:\/\/automotoecoledestoril.fr\/#\/schema\/logo\/image\/\",\"url\":\"https:\/\/automotoecoledestoril.fr\/wp-content\/uploads\/2023\/11\/cropped-estoril.png\",\"contentUrl\":\"https:\/\/automotoecoledestoril.fr\/wp-content\/uploads\/2023\/11\/cropped-estoril.png\",\"width\":1071,\"height\":358,\"caption\":\"Auto Ecole d&#039;Estoril\"},\"image\":{\"@id\":\"https:\/\/automotoecoledestoril.fr\/#\/schema\/logo\/image\/\"}}]}<\/script>\n<!-- \/ Yoast SEO plugin. -->","yoast_head_json":{"title":"Conduite Supervis\u00e9e - Auto Ecole d&#039;Estoril","robots":{"index":"index","follow":"follow","max-snippet":"max-snippet:-1","max-image-preview":"max-image-preview:large","max-video-preview":"max-video-preview:-1"},"canonical":"https:\/\/automotoecoledestoril.fr\/?page_id=102","og_locale":"fr_FR","og_type":"article","og_title":"Conduite Supervis\u00e9e - Auto Ecole d&#039;Estoril","og_description":"UNE FORTE ACQUISITION D\u2019EXP\u00c9RIENCES ET DE CONFIANCE EN SOI DANS UN D\u00c9LAI COURT. Une formation compl\u00e8te, avec l\u2019aide d\u2019un enseignant et d\u2019un accompagnateur qu\u2019on conna\u00eet bien. Un choix que l\u2019on peut faire \u00e0 tout moment. D\u00e8s 18 ans, je peux choisir la Conduite Supervis\u00e9e. Inscrit dans une \u00e9cole de conduite, j\u2019ai la possibilit\u00e9 de compl\u00e9ter&hellip; Lire la suite","og_url":"https:\/\/automotoecoledestoril.fr\/?page_id=102","og_site_name":"Auto Ecole d&#039;Estoril","article_modified_time":"2025-03-06T17:12:17+00:00","twitter_misc":{"Dur\u00e9e de lecture estim\u00e9e":"2 minutes"},"schema":{"@context":"https:\/\/schema.org","@graph":[{"@type":"WebPage","@id":"https:\/\/automotoecoledestoril.fr\/?page_id=102","url":"https:\/\/automotoecoledestoril.fr\/?page_id=102","name":"Conduite Supervis\u00e9e - Auto Ecole d&#039;Estoril","isPartOf":{"@id":"https:\/\/automotoecoledestoril.fr\/#website"},"datePublished":"2023-01-09T14:55:17+00:00","dateModified":"2025-03-06T17:12:17+00:00","inLanguage":"fr-FR","potentialAction":[{"@type":"ReadAction","target":["https:\/\/automotoecoledestoril.fr\/?page_id=102"]}]},{"@type":"WebSite","@id":"https:\/\/automotoecoledestoril.fr\/#website","url":"https:\/\/automotoecoledestoril.fr\/","name":"Auto Ecole d&#039;Estoril","description":"","publisher":{"@id":"https:\/\/automotoecoledestoril.fr\/#organization"},"potentialAction":[{"@type":"SearchAction","target":{"@type":"EntryPoint","urlTemplate":"https:\/\/automotoecoledestoril.fr\/?s={search_term_string}"},"query-input":"required name=search_term_string"}],"inLanguage":"fr-FR"},{"@type":"Organization","@id":"https:\/\/automotoecoledestoril.fr\/#organization","name":"Auto Ecole d&#039;Estoril","url":"https:\/\/automotoecoledestoril.fr\/","logo":{"@type":"ImageObject","inLanguage":"fr-FR","@id":"https:\/\/automotoecoledestoril.fr\/#\/schema\/logo\/image\/","url":"https:\/\/automotoecoledestoril.fr\/wp-content\/uploads\/2023\/11\/cropped-estoril.png","contentUrl":"https:\/\/automotoecoledestoril.fr\/wp-content\/uploads\/2023\/11\/cropped-estoril.png","width":1071,"height":358,"caption":"Auto Ecole d&#039;Estoril"},"image":{"@id":"https:\/\/automotoecoledestoril.fr\/#\/schema\/logo\/image\/"}}]}},"_links":{"self":[{"href":"https:\/\/automotoecoledestoril.fr\/index.php?rest_route=\/wp\/v2\/pages\/102"}],"collection":[{"href":"https:\/\/automotoecoledestoril.fr\/index.php?rest_route=\/wp\/v2\/pages"}],"about":[{"href":"https:\/\/automotoecoledestoril.fr\/index.php?rest_route=\/wp\/v2\/types\/page"}],"author":[{"embeddable":true,"href":"https:\/\/automotoecoledestoril.fr\/index.php?rest_route=\/wp\/v2\/users\/1"}],"replies":[{"embeddable":true,"href":"https:\/\/automotoecoledestoril.fr\/index.php?rest_route=%2Fwp%2Fv2%2Fcomments&post=102"}],"version-history":[{"count":4,"href":"https:\/\/automotoecoledestoril.fr\/index.php?rest_route=\/wp\/v2\/pages\/102\/revisions"}],"predecessor-version":[{"id":319,"href":"https:\/\/automotoecoledestoril.fr\/index.php?rest_route=\/wp\/v2\/pages\/102\/revisions\/319"}],"wp:attachment":[{"href":"https:\/\/automotoecoledestoril.fr\/index.php?rest_route=%2Fwp%2Fv2%2Fmedia&parent=102"}],"curies":[{"name":"wp","href":"https:\/\/api.w.org\/{rel}","templated":true}]}}