{"id":101,"date":"2023-01-09T15:55:16","date_gmt":"2023-01-09T14:55:16","guid":{"rendered":"https:\/\/automotoecoledestoril.fr\/?page_id=101"},"modified":"2025-03-06T18:34:06","modified_gmt":"2025-03-06T17:34:06","slug":"conduite-accompagnee","status":"publish","type":"page","link":"https:\/\/automotoecoledestoril.fr\/?page_id=101","title":{"rendered":"Conduite Accompagn\u00e9e"},"content":{"rendered":"\n<p>Depuis le 1er novembre 2014 la\u00a0<strong>conduite accompagn\u00e9e est accessible d\u00e8s 15 ans<\/strong>. Elle offre l&rsquo;avantage de pouvoir passer l&rsquo;examen du permis de conduire d\u00e8s 17 ans. Le candidat pourra ainsi conduire seul le premier jour de sa majorit\u00e9.<\/p>\n\n\n\n<p>LES OBJECTIFS DE LA FORMATION&nbsp;:<\/p>\n\n\n\n<p>L&rsquo;apprentissage anticip\u00e9 de la conduite permet :<\/p>\n\n\n\n<ul>\n<li>de r\u00e9duire la p\u00e9riode probatoire du permis \u00e0 2 ans au lieu de 3 (les nouveaux titulaires du permis de conduire disposent de 6 points sur leur permis et doivent attendre deux ans sans infraction avant d\u2019en obtenir 12) ;<\/li>\n\n\n\n<li>de commencer la formation initiale en \u00e9cole de conduite (code et conduite) d\u00e8s 15 ans ;<\/li>\n\n\n\n<li>d\u2019acqu\u00e9rir de l\u2019exp\u00e9rience de conduite ;<\/li>\n\n\n\n<li>de passer l\u2019\u00e9preuve du permis de conduire \u00e0 17 ans.<\/li>\n\n\n\n<li>d\u2019augmenter sensiblement ses chances de r\u00e9ussite \u00e0 l\u2019examen du permis de conduire\u00a0; souvent d\u2019obtenir un tarif pr\u00e9f\u00e9rentiel sur son assurance \u00ab jeune conducteur \u00bb.<\/li>\n<\/ul>\n\n\n\n<p>PROGRAMME DE FORMATION&nbsp;:<\/p>\n\n\n\n<p><strong><u>Dur\u00e9e de la formation<\/u><\/strong> :<\/p>\n\n\n\n<p>Elle se d\u00e9roule sur une dur\u00e9e minimum d\u2019un an avec un parcours de 3000 km minimum&nbsp;:<\/p>\n\n\n\n<ul>\n<li>formation initiale : formation th\u00e9orique + formation pratique (20 heures minimum)<\/li>\n\n\n\n<li>un rendez-vous p\u00e9dagogique pr\u00e9alable de 2 heures minimum avec l\u2019accompagnateur<\/li>\n\n\n\n<li>1er rendez-vous p\u00e9dagogique avec un parcours d\u2019environ 1000 km<\/li>\n\n\n\n<li>2\u00e8me rendez-p\u00e9dagogique au terme des 3000 km parcourus<\/li>\n\n\n\n<li><\/li>\n<\/ul>\n\n\n\n<p><strong><u>Programme<\/u><\/strong> :<\/p>\n\n\n\n<p>1)&nbsp; <strong>Une \u00e9valuation de d\u00e9part<\/strong> afin de d\u00e9terminer le nombre d\u2019heures moyen et le co\u00fbt de la formation.<\/p>\n\n\n\n<p>2) <strong>Une formation th\u00e9orique<\/strong> : pr\u00e9paration \u00e0 l\u2019\u00e9preuve th\u00e9orique g\u00e9n\u00e9rale (ETG) par des cours de code sur les th\u00e8mes de la signalisation, intersections et priorit\u00e9s, r\u00e8gles de circulation, autoroutes et routes \u00e0 acc\u00e8s r\u00e9glement\u00e9, tunnels routiers et autoroutiers, croisements \u2013 d\u00e9passements, arr\u00eats-stationnement visibilit\u00e9-\u00e9clairage, conduite pratique, \u00e9co-conduite et v\u00e9hicule, usagers vuln\u00e9rables\/partage de l\u2019espace public et prise de conscience des risques et sanction-formation.<\/p>\n\n\n\n<p>3) <strong>Une formation pratique<\/strong> :<\/p>\n\n\n\n<ul>\n<li>Ma\u00eetriser le v\u00e9hicule \u00e0 allure lente ou mod\u00e9r\u00e9e<\/li>\n\n\n\n<li>Choisir la position sur la chauss\u00e9e, franchir une intersection ou y changer de direction.<\/li>\n\n\n\n<li>Circuler dans des conditions normales sur la route et en agglom\u00e9ration.<\/li>\n\n\n\n<li>Conna\u00eetre les situations pr\u00e9sentant des difficult\u00e9s particuli\u00e8res.<\/li>\n<\/ul>\n\n\n\n<p><em>QUELS CONDITIONS POUR L\u2019ACCOMPAGNATEUR ?<\/em><\/p>\n\n\n\n<p>L\u2019accompagnateur doit remplir toutes les conditions suivantes :<\/p>\n\n\n\n<p>\u2022 Avoir le permis B depuis 5 ans ou plus<\/p>\n\n\n\n<p>\u2022 Avoir l\u2019accord de son assurance auto pour la conduite du ou des v\u00e9hicules utilis\u00e9s au cours de la conduite accompagn\u00e9e. Une extension de garantie peut \u00eatre n\u00e9cessaire selon votre contrat.<\/p>\n\n\n\n<p>\u2022 Ne pas avoir eu d\u2019annulation ou d\u2019invalidation du permis dans les 5 ann\u00e9es pr\u00e9c\u00e9dentes<\/p>\n\n\n\n<p>Il est possible d\u2019avoir plusieurs accompagnateurs, dans ou hors du cadre familial.<\/p>\n\n\n\n<p>QUELLES SONT LES REGLES DURANT L\u2019APPRENTISSAGE ANTICIPE DE LA CONDUITE ?<\/p>\n\n\n\n<p>Vous devez participer \u00e0 2 rendez-vous p\u00e9dagogiques d\u2019une dur\u00e9e de 3 heures chacun :<\/p>\n\n\n\n<p>\u2022 Le 1er rendez-vous a lieu entre 4 et 6 mois apr\u00e8s la d\u00e9livrance de l\u2019AFFI<\/p>\n\n\n\n<p>\u2022 Le 2e rendez-vous doit avoir lieu lorsque vous avez parcouru 3 000 km au minimum<\/p>\n\n\n\n<p>Ces rendez-vous comportent une partie pratique et une partie th\u00e9orique.<\/p>\n\n\n\n<p>La pr\u00e9sence d\u2019au moins un des accompagnateurs est obligatoire \u00e0 chaque rendez-vous.<\/p>\n\n\n\n<p>Un 3e rendez-vous peut \u00eatre organis\u00e9 sur les conseils de l\u2019auto-\u00e9cole ou \u00e0 votre demande ou \u00e0 la demande d\u2019un accompagnateur.<\/p>\n\n\n\n<p>Vous devez aussi respecter les r\u00e8gles de conduite suivantes :<\/p>\n\n\n\n<p>\u2022 Conduire pendant 1 an minimum<\/p>\n\n\n\n<p>\u2022 Parcourir 3 000 km minimum<\/p>\n\n\n\n<p>\u2022 Conduire en France. La circulation \u00e0 l\u2019\u00e9tranger est interdite.<\/p>\n\n\n\n<p>\u2022 Conduire sur le r\u00e9seau routier et autoroutier<\/p>\n\n\n\n<p>\u2022 Respecter des limitations de vitesse sp\u00e9cifiques<\/p>\n\n\n\n<p>OU PLACER LE DISQUE CONDUITE ACCOMPAGNEE ?<\/p>\n\n\n\n<p>Pour identifier le v\u00e9hicule comme v\u00e9hicule d\u2019apprentissage, vous devez placer un signe distinctif autocollant ou magn\u00e9tis\u00e9 \u00e0 l\u2019arri\u00e8re gauche (et sur la remorque si n\u00e9cessaire).<\/p>\n\n\n\n<p>la dur\u00e9e du permis probatoire est de 2 ans en cas d\u2019apprentissage anticip\u00e9 de la conduite (au lieu de 3 ans).<\/p>\n\n\n<div id=\"about-us-2\" class=\"about-image-section-pro\" style=\"background-color: #ffffff;\" data-label=\"About us\" data-id=\"about-image-section-pro\" data-category=\"about\">\n<div class=\"gridContainer\">\n<div class=\"row about-image-gridcol-pro\">\n<div class=\"about-image-textcol-pro\" data-type=\"column\">\n<p>\u00a0<\/p>\n<p>L\u2019\u00e9valuation de d\u00e9part est obligatoire, elle prot\u00e8ge le consommateur des techniques abusives et vous permet d\u2019\u00eatre inform\u00e9, d\u00e8s le d\u00e9but de votre formation du nombre d\u2019heures que vous pouvez mettre \u00e0 apprendre \u00e0 conduire et le prix au quel cela peut vous revenir.<\/p>\n<p>Pour cela, nous proc\u00e9dons \u00e0 une EVALUATION DE DEPART avant chaque conclusion de contrat.<\/p>\n<p>EVALUATION DE DEPART 65,00\u20ac<\/p>\n<p><img class=\"custom-image lws-optimize-lazyload\"  alt=\"\" \/ data-src=\"https:\/\/automotoecoledestoril.fr\/wp-content\/uploads\/2023\/12\/CONTINUUM-PEDAGOGIQUE-Estoril-AAC-apercu.jpg\"><\/p>\n<\/div>\n<div class=\"\" data-type=\"column\">\u00a0<\/div>\n<\/div>\n<\/div>\n<\/div>\n<div id=\"pricing-tables-3\" class=\"pricing-double-colors-section\" style=\"background-color: #f6f6f6; background-image: none;\" data-label=\"Pricing-tables\" data-id=\"pricing-double-colors-section\" data-category=\"pricing-tables\" data-featured-class=\"pricing-featured\" data-ovid=\"ovid-pricing-tables-3-578\">\n<div class=\"gridContainer\">\n<div class=\"section-title-col dynamic-color\" data-type=\"column\">\n<h2 class=\"\">Tarifs<\/h2>\n<\/div>\n<div class=\"pricing-double-colors-row row\" data-type=\"row\">\n<div class=\"pricing-double-colors-pricecol border-bottom-alt-color cp6cols-tablet cp3cols\">\n<div class=\"pricing-double-colors-titlerow white-text bg-alt-color\" data-type=\"column\">\n<h4 class=\"pricing-double-colors-title\">\u2022 Forfait 20 heures de formation la conduite avec simulateur<\/h4>\n<\/div>\n<div class=\"pricing-double-colors-pricerow bg-alt-color\" data-type=\"column\">\n<p class=\"pricing-double-colors-price-text\"><span style=\"font-size: 27.972px;\">1478\u20ac<\/span><\/p>\n<p class=\"pricing-double-colors-featured-text\">Most popular<\/p>\n<\/div>\n<div class=\"pricing-double-colors-featuresrow\">\n<ul class=\"pricing-double-colors-features-list\">\n<li class=\"pricing-double-colors-feature-item\">Frais de dossier et livret num\u00e9rique 144\u20ac<\/li>\n<li class=\"pricing-double-colors-feature-item\">20 heures de formation \u00e0 la conduite dont : 879\u20ac<\/li>\n<li class=\"pricing-double-colors-feature-item\">\u2013 5 heures sur simulateur (d\u00e9but comp\u00e9tence 1)<\/li>\n<li class=\"pricing-double-colors-feature-item\">\u2013 15 heures de conduite sur v\u00e9hicule<\/li>\n<li class=\"pricing-double-colors-feature-item\">1 rdv pr\u00e9alable (2h) 118\u20ac<\/li>\n<li class=\"pricing-double-colors-feature-item\">2 rdv p\u00e9dagogique (environ 1000km) en voiture 118\u20ac<\/li>\n<li class=\"pricing-double-colors-feature-item\">2 rdv p\u00e9dagogiques (environ 300km) en salle 160\u20ac<\/li>\n<li class=\"pricing-double-colors-feature-item\">1 accompagnement \u00e0 l\u2019examen 59\u20ac<\/li>\n<\/ul>\n<\/div>\n<\/div>\n<div class=\"pricing-double-colors-pricecol border-bottom-alt-color cp6cols-tablet cp3cols\">\n<div class=\"pricing-double-colors-titlerow white-text bg-alt-color\" data-type=\"column\">\n<h4 class=\"pricing-double-colors-title\">\u2022 Forfait 20 heures de formation la conduite sans simulateur<\/h4>\n<\/div>\n<div class=\"pricing-double-colors-pricerow bg-alt-color\" data-type=\"column\">\n<p class=\"pricing-double-colors-price-text\"><span style=\"font-size: 27.972px;\">1703\u20ac<\/span><\/p>\n<p class=\"pricing-double-colors-featured-text\">Le plus souscrit<\/p>\n<\/div>\n<div class=\"pricing-double-colors-featuresrow\">\n<ul class=\"pricing-double-colors-features-list\">\n<li class=\"pricing-double-colors-feature-item\">Frais de dossier et livret num\u00e9rique 144\u20ac<\/li>\n<li class=\"pricing-double-colors-feature-item\">20 heures de formation \u00e0 la conduite 1104\u20ac<\/li>\n<li class=\"pricing-double-colors-feature-item\">1 rdv pr\u00e9alable (2h) 118\u20ac<\/li>\n<li class=\"pricing-double-colors-feature-item\">2 rdv p\u00e9dagogiques (environ 1000km) en voiture 118\u20ac<\/li>\n<li class=\"pricing-double-colors-feature-item\">2 rdv p\u00e9dagogiques (environ 300km) en salle 160\u20ac<\/li>\n<li class=\"pricing-double-colors-feature-item\">1 accompagnement \u00e0 l\u2019examen (\u00e0 r\u00e9gler au moment de la r\u00e9servation sur RDV PERMIS) 59\u20ac<\/li>\n<\/ul>\n<p><a class=\"button bg-alt-color\" href=\"#\"> CHOOSE PLAN <\/a><\/p>\n<\/div>\n<\/div>\n<div class=\"pricing-double-colors-pricecol border-bottom-alt-color cp6cols-tablet cp3cols pricing-featured\">\n<div class=\"pricing-double-colors-titlerow white-text bg-alt-color\" data-type=\"column\">\n<h4 class=\"pricing-double-colors-title\">\u2022 Forfait 25 heures de formation la conduite avec simulateur<\/h4>\n<\/div>\n<div class=\"pricing-double-colors-pricerow bg-alt-color\" data-type=\"column\">\n<p class=\"pricing-double-colors-price-text\"><span style=\"font-size: 27.972px;\">1712\u20ac<\/span><\/p>\n<p class=\"pricing-double-colors-featured-text\">Le plus souscrit<\/p>\n<\/div>\n<div class=\"pricing-double-colors-featuresrow\">\n<ul class=\"pricing-double-colors-features-list\">\n<li class=\"pricing-double-colors-feature-item\">Frais de dossier et livret num\u00e9rique 144\u20ac<\/li>\n<li class=\"pricing-double-colors-feature-item\">25 heures de formation \u00e0 la conduite dont : 1173\u20ac<\/li>\n<li class=\"pricing-double-colors-feature-item\">\u2013 5 heures sur simulateur (d\u00e9but comp\u00e9tence 1)<\/li>\n<li class=\"pricing-double-colors-feature-item\">\u2013 20 heures de conduite sur v\u00e9hicule<\/li>\n<li class=\"pricing-double-colors-feature-item\">1 rdv pr\u00e9alable (2h) 118\u20ac<\/li>\n<li class=\"pricing-double-colors-feature-item\">2 rdv p\u00e9dagogiques (environ 1000km) en voiture 118\u20ac<\/li>\n<li class=\"pricing-double-colors-feature-item\">2 rdv p\u00e9dagogiques (environ 300km) en salle 160\u20ac<\/li>\n<li class=\"pricing-double-colors-feature-item\">1 accompagnement \u00e0 l\u2019examen (\u00e0 r\u00e9gler au moment de la r\u00e9servation sur RDV PERMIS) 59\u20ac<\/li>\n<\/ul>\n<p><a class=\"button bg-alt-color\" href=\"#\"> CHOOSE PLAN <\/a><\/p>\n<\/div>\n<\/div>\n<div class=\"pricing-double-colors-pricecol border-bottom-alt-color cp6cols-tablet cp3cols\">\n<div class=\"pricing-double-colors-titlerow white-text bg-alt-color\" data-type=\"column\">\n<h4 class=\"pricing-double-colors-title\">\u2022 Forfait 25 heures de formation la conduite sans simulateur<\/h4>\n<\/div>\n<div class=\"pricing-double-colors-pricerow bg-alt-color\" data-type=\"column\">\n<p class=\"pricing-double-colors-price-text\"><span style=\"font-size: 27.972px;\">1922\u20ac<\/span><\/p>\n<p class=\"pricing-double-colors-featured-text\">Most popular<\/p>\n<\/div>\n<div class=\"pricing-double-colors-featuresrow\">\n<ul class=\"pricing-double-colors-features-list\">\n<li class=\"pricing-double-colors-feature-item\">Frais de dossier et livret num\u00e9rique 144\u20ac<\/li>\n<li class=\"pricing-double-colors-feature-item\">25 heures de formation \u00e0 la conduite 1323\u20ac<\/li>\n<li class=\"pricing-double-colors-feature-item\">1 rdv pr\u00e9alable (2h) 118\u20ac<\/li>\n<li class=\"pricing-double-colors-feature-item\">2 rdv p\u00e9dagogiques (environ 1000km) en voiture 118\u20ac<\/li>\n<li class=\"pricing-double-colors-feature-item\">2 rdv p\u00e9dagogiques (environ 300km) en salle 160\u20ac<\/li>\n<li class=\"pricing-double-colors-feature-item\">1 accompagnement \u00e0 l\u2019examen (\u00e0 r\u00e9gler au moment de la r\u00e9servation sur RDV PERMIS) 59\u20ac<\/li>\n<\/ul>\n<p><a class=\"button bg-alt-color\" href=\"#\"> Choose Plan <\/a><\/p>\n<\/div>\n<\/div>\n<\/div>\n<\/div>\n<\/div>\n<div id=\"about-us-1\" class=\"about-image-section-pro about-image-section-pro-1\" style=\"background-color: #ffffff;\" data-label=\"About us\" data-id=\"about-image-section-pro-1\" data-category=\"about\">\n<div class=\"\">\n<div class=\"row about-image-gridcol-pro\">\n<div class=\"about-image-textcol-pro\" data-type=\"column\">\n<p class=\"\"><span style=\"font-weight: 400;\">DOCUMENTS A FOURNIR POUR S\u2019INSCRIRE :<br \/><\/span><\/p>\n<p>Les enregistrements en pr\u00e9fecture se font dor\u00e9navant de mani\u00e8re d\u00e9mat\u00e9rialis\u00e9s,<\/p>\n<p>via le site internet de L \u2018Agence Nationale des Titres Securis\u00e9s ANTS.<\/p>\n<p>VOUS POUVEZ DESORMAIS FAIRE PARVENIR VOS DOCUMENTS SOUS FORMAT PDF OU JPEG<\/p>\n<p>\u2022 photos d\u2019identit\u00e9 AVEC SIGNATURE NUMERISEES E-PHOTOS AGREES ANTS<\/p>\n<p>\u2022 1 copie recto verso de la pi\u00e8ce d\u2019identit\u00e9.<\/p>\n<p>\u2022 1 Justificatif de domicile de moins de 6 mois (les \u00e9ch\u00e9anciers ne sont pas accept\u00e9s).<\/p>\n<p>\u2022 1 attestation d\u2019h\u00e9bergement (si le justificatif de domicile n\u2019est pas au nom du candidat)<\/p>\n<p>\u2022 1 copie recto verso de la pi\u00e8ce d\u2019identit\u00e9 de l\u2019h\u00e9bergeur<\/p>\n<p>\u2022 2 enveloppes autocollantes, format A5<\/p>\n<p>\u2022 2 timbres au tarif prioritaire (rouges).<\/p>\n<p>\u2022 1 copie de l\u2019ASSR2<\/p>\n<p>\u2022 R\u00e9sultat de l\u2019examen du code de la route<\/p>\n<p>\u2022 1 photocopie de l\u2019attestation de recensement (hommes de moins de 26 ans et femmes n\u00e9es apr\u00e8s 1983) OU copie du certificat individuel de la participation \u00e0 la journ\u00e9e d\u2019appel de pr\u00e9paration \u00e0 la d\u00e9fense OU attestation provisoire avec date de validit\u00e9 (si la journ\u00e9e de pr\u00e9paration \u00e0 la d\u00e9fense n\u2019est pas faite)<\/p>\n<p>\u00a0<\/p>\n<p><span style=\"color: #0923f3; font-weight: 600;\">CONSEILS AAC :\u00a0<\/span><\/p>\n<p>\u2022 Afficher le disque \u00ab conduite accompagn\u00e9e \u00bb \u00e0 l\u2019arri\u00e8re de la voiture.<\/p>\n<p>\u2022 Pr\u00e9parez vos d\u00e9placements, mettez-vous d\u2019accord sur l\u2019itin\u00e9raire \u00e0 prendre avant le d\u00e9part pour \u00e9viter les frayeurs en cours de trajet.<\/p>\n<p>\u2022 Vous pouvez \u00e9quiper la voiture avec un dispositif de doubles r\u00e9troviseurs lat\u00e9raux.<\/p>\n<p>\u2022 Respecter le code de la route et les limitations de vitesse jeune conducteur<\/p>\n<p>\u2022 Ne pas conduire \u00e0 l\u2019\u00e9tranger. Si vous le faites, votre assurance ne vous couvrira pas en cas d\u2019accident.<\/p>\n<p>\u2022 Votre accompagnateur peut subir un d\u00e9pistage d\u2019alcool\u00e9mie ou de drogues. Si ce dernier est positif, il risque les m\u00eames sanctions que s\u2019il conduisait lui-m\u00eame.<\/p>\n<p>N\u2019h\u00e9sitez pas \u00e0 changer r\u00e9guli\u00e8rement de chemin pour engranger de l\u2019exp\u00e9rience. Conduisez dans des situations vari\u00e9es : par mauvais temps, le soir, en environnement urbain ou sur autoroute. Vous gagnerez en confiance !<\/p>\n<\/div>\n<div class=\"\" data-type=\"column\">\u00a0<\/div>\n<\/div>\n<\/div>\n<\/div>","protected":false},"excerpt":{"rendered":"<p>Depuis le 1er novembre 2014 la\u00a0conduite accompagn\u00e9e est accessible d\u00e8s 15 ans. Elle offre l&rsquo;avantage de pouvoir passer l&rsquo;examen du permis de conduire d\u00e8s 17 ans. Le candidat pourra ainsi conduire seul le premier jour de sa majorit\u00e9. LES OBJECTIFS DE LA FORMATION&nbsp;: L&rsquo;apprentissage anticip\u00e9 de la conduite permet : PROGRAMME DE FORMATION&nbsp;: Dur\u00e9e de&hellip; <br \/> <a class=\"button small blue\" href=\"https:\/\/automotoecoledestoril.fr\/?p=1\">Lire la suite<\/a><\/p>\n","protected":false},"author":1,"featured_media":0,"parent":0,"menu_order":0,"comment_status":"closed","ping_status":"closed","template":"full-width-page.php","meta":{"footnotes":""},"yoast_head":"<!-- This site is optimized with the Yoast SEO plugin v21.5 - https:\/\/yoast.com\/wordpress\/plugins\/seo\/ -->\n<title>Conduite Accompagn\u00e9e - Auto Ecole d&#039;Estoril<\/title>\n<meta name=\"robots\" content=\"index, follow, max-snippet:-1, max-image-preview:large, max-video-preview:-1\" \/>\n<link rel=\"canonical\" href=\"https:\/\/automotoecoledestoril.fr\/?page_id=101\" \/>\n<meta property=\"og:locale\" content=\"fr_FR\" \/>\n<meta property=\"og:type\" content=\"article\" \/>\n<meta property=\"og:title\" content=\"Conduite Accompagn\u00e9e - Auto Ecole d&#039;Estoril\" \/>\n<meta property=\"og:description\" content=\"Depuis le 1er novembre 2014 la\u00a0conduite accompagn\u00e9e est accessible d\u00e8s 15 ans. Elle offre l&rsquo;avantage de pouvoir passer l&rsquo;examen du permis de conduire d\u00e8s 17 ans. Le candidat pourra ainsi conduire seul le premier jour de sa majorit\u00e9. LES OBJECTIFS DE LA FORMATION&nbsp;: L&rsquo;apprentissage anticip\u00e9 de la conduite permet : PROGRAMME DE FORMATION&nbsp;: Dur\u00e9e de&hellip; Lire la suite\" \/>\n<meta property=\"og:url\" content=\"https:\/\/automotoecoledestoril.fr\/?page_id=101\" \/>\n<meta property=\"og:site_name\" content=\"Auto Ecole d&#039;Estoril\" \/>\n<meta property=\"article:modified_time\" content=\"2025-03-06T17:34:06+00:00\" \/>\n<meta property=\"og:image\" content=\"https:\/\/automotoecoledestoril.fr\/wp-content\/uploads\/2023\/12\/CONTINUUM-PEDAGOGIQUE-Estoril-AAC-apercu.jpg\" \/>\n<meta name=\"twitter:label1\" content=\"Dur\u00e9e de lecture estim\u00e9e\" \/>\n\t<meta name=\"twitter:data1\" content=\"8 minutes\" \/>\n<script type=\"application\/ld+json\" class=\"yoast-schema-graph\">{\"@context\":\"https:\/\/schema.org\",\"@graph\":[{\"@type\":\"WebPage\",\"@id\":\"https:\/\/automotoecoledestoril.fr\/?page_id=101\",\"url\":\"https:\/\/automotoecoledestoril.fr\/?page_id=101\",\"name\":\"Conduite Accompagn\u00e9e - Auto Ecole d&#039;Estoril\",\"isPartOf\":{\"@id\":\"https:\/\/automotoecoledestoril.fr\/#website\"},\"datePublished\":\"2023-01-09T14:55:16+00:00\",\"dateModified\":\"2025-03-06T17:34:06+00:00\",\"inLanguage\":\"fr-FR\",\"potentialAction\":[{\"@type\":\"ReadAction\",\"target\":[\"https:\/\/automotoecoledestoril.fr\/?page_id=101\"]}]},{\"@type\":\"WebSite\",\"@id\":\"https:\/\/automotoecoledestoril.fr\/#website\",\"url\":\"https:\/\/automotoecoledestoril.fr\/\",\"name\":\"Auto Ecole d&#039;Estoril\",\"description\":\"\",\"publisher\":{\"@id\":\"https:\/\/automotoecoledestoril.fr\/#organization\"},\"potentialAction\":[{\"@type\":\"SearchAction\",\"target\":{\"@type\":\"EntryPoint\",\"urlTemplate\":\"https:\/\/automotoecoledestoril.fr\/?s={search_term_string}\"},\"query-input\":\"required name=search_term_string\"}],\"inLanguage\":\"fr-FR\"},{\"@type\":\"Organization\",\"@id\":\"https:\/\/automotoecoledestoril.fr\/#organization\",\"name\":\"Auto Ecole d&#039;Estoril\",\"url\":\"https:\/\/automotoecoledestoril.fr\/\",\"logo\":{\"@type\":\"ImageObject\",\"inLanguage\":\"fr-FR\",\"@id\":\"https:\/\/automotoecoledestoril.fr\/#\/schema\/logo\/image\/\",\"url\":\"https:\/\/automotoecoledestoril.fr\/wp-content\/uploads\/2023\/11\/cropped-estoril.png\",\"contentUrl\":\"https:\/\/automotoecoledestoril.fr\/wp-content\/uploads\/2023\/11\/cropped-estoril.png\",\"width\":1071,\"height\":358,\"caption\":\"Auto Ecole d&#039;Estoril\"},\"image\":{\"@id\":\"https:\/\/automotoecoledestoril.fr\/#\/schema\/logo\/image\/\"}}]}<\/script>\n<!-- \/ Yoast SEO plugin. -->","yoast_head_json":{"title":"Conduite Accompagn\u00e9e - Auto Ecole d&#039;Estoril","robots":{"index":"index","follow":"follow","max-snippet":"max-snippet:-1","max-image-preview":"max-image-preview:large","max-video-preview":"max-video-preview:-1"},"canonical":"https:\/\/automotoecoledestoril.fr\/?page_id=101","og_locale":"fr_FR","og_type":"article","og_title":"Conduite Accompagn\u00e9e - Auto Ecole d&#039;Estoril","og_description":"Depuis le 1er novembre 2014 la\u00a0conduite accompagn\u00e9e est accessible d\u00e8s 15 ans. Elle offre l&rsquo;avantage de pouvoir passer l&rsquo;examen du permis de conduire d\u00e8s 17 ans. Le candidat pourra ainsi conduire seul le premier jour de sa majorit\u00e9. LES OBJECTIFS DE LA FORMATION&nbsp;: L&rsquo;apprentissage anticip\u00e9 de la conduite permet : PROGRAMME DE FORMATION&nbsp;: Dur\u00e9e de&hellip; Lire la suite","og_url":"https:\/\/automotoecoledestoril.fr\/?page_id=101","og_site_name":"Auto Ecole d&#039;Estoril","article_modified_time":"2025-03-06T17:34:06+00:00","og_image":[{"url":"https:\/\/automotoecoledestoril.fr\/wp-content\/uploads\/2023\/12\/CONTINUUM-PEDAGOGIQUE-Estoril-AAC-apercu.jpg"}],"twitter_misc":{"Dur\u00e9e de lecture estim\u00e9e":"8 minutes"},"schema":{"@context":"https:\/\/schema.org","@graph":[{"@type":"WebPage","@id":"https:\/\/automotoecoledestoril.fr\/?page_id=101","url":"https:\/\/automotoecoledestoril.fr\/?page_id=101","name":"Conduite Accompagn\u00e9e - Auto Ecole d&#039;Estoril","isPartOf":{"@id":"https:\/\/automotoecoledestoril.fr\/#website"},"datePublished":"2023-01-09T14:55:16+00:00","dateModified":"2025-03-06T17:34:06+00:00","inLanguage":"fr-FR","potentialAction":[{"@type":"ReadAction","target":["https:\/\/automotoecoledestoril.fr\/?page_id=101"]}]},{"@type":"WebSite","@id":"https:\/\/automotoecoledestoril.fr\/#website","url":"https:\/\/automotoecoledestoril.fr\/","name":"Auto Ecole d&#039;Estoril","description":"","publisher":{"@id":"https:\/\/automotoecoledestoril.fr\/#organization"},"potentialAction":[{"@type":"SearchAction","target":{"@type":"EntryPoint","urlTemplate":"https:\/\/automotoecoledestoril.fr\/?s={search_term_string}"},"query-input":"required name=search_term_string"}],"inLanguage":"fr-FR"},{"@type":"Organization","@id":"https:\/\/automotoecoledestoril.fr\/#organization","name":"Auto Ecole d&#039;Estoril","url":"https:\/\/automotoecoledestoril.fr\/","logo":{"@type":"ImageObject","inLanguage":"fr-FR","@id":"https:\/\/automotoecoledestoril.fr\/#\/schema\/logo\/image\/","url":"https:\/\/automotoecoledestoril.fr\/wp-content\/uploads\/2023\/11\/cropped-estoril.png","contentUrl":"https:\/\/automotoecoledestoril.fr\/wp-content\/uploads\/2023\/11\/cropped-estoril.png","width":1071,"height":358,"caption":"Auto Ecole d&#039;Estoril"},"image":{"@id":"https:\/\/automotoecoledestoril.fr\/#\/schema\/logo\/image\/"}}]}},"_links":{"self":[{"href":"https:\/\/automotoecoledestoril.fr\/index.php?rest_route=\/wp\/v2\/pages\/101"}],"collection":[{"href":"https:\/\/automotoecoledestoril.fr\/index.php?rest_route=\/wp\/v2\/pages"}],"about":[{"href":"https:\/\/automotoecoledestoril.fr\/index.php?rest_route=\/wp\/v2\/types\/page"}],"author":[{"embeddable":true,"href":"https:\/\/automotoecoledestoril.fr\/index.php?rest_route=\/wp\/v2\/users\/1"}],"replies":[{"embeddable":true,"href":"https:\/\/automotoecoledestoril.fr\/index.php?rest_route=%2Fwp%2Fv2%2Fcomments&post=101"}],"version-history":[{"count":10,"href":"https:\/\/automotoecoledestoril.fr\/index.php?rest_route=\/wp\/v2\/pages\/101\/revisions"}],"predecessor-version":[{"id":323,"href":"https:\/\/automotoecoledestoril.fr\/index.php?rest_route=\/wp\/v2\/pages\/101\/revisions\/323"}],"wp:attachment":[{"href":"https:\/\/automotoecoledestoril.fr\/index.php?rest_route=%2Fwp%2Fv2%2Fmedia&parent=101"}],"curies":[{"name":"wp","href":"https:\/\/api.w.org\/{rel}","templated":true}]}}