{"id":100,"date":"2023-01-09T15:55:15","date_gmt":"2023-01-09T14:55:15","guid":{"rendered":"https:\/\/automotoecoledestoril.fr\/?page_id=100"},"modified":"2025-01-10T16:33:43","modified_gmt":"2025-01-10T15:33:43","slug":"permis-b","status":"publish","type":"page","link":"https:\/\/automotoecoledestoril.fr\/?page_id=100","title":{"rendered":"Permis B"},"content":{"rendered":"<div id=\"about-us-2\" class=\"about-image-section-pro\" style=\"background-color: #ffffff;\" data-label=\"About us\" data-id=\"about-image-section-pro\" data-category=\"about\">\n<div class=\"\">\n<div class=\"row about-image-gridcol-pro\">\n<div class=\"about-image-textcol-pro\" data-type=\"column\">\n<p class=\"\">Le permis B permet de conduire des voitures dont le poids en charges est inf\u00e9rieur \u00e0 3,5 tonnes, et qui ne peuvent transporter plus de 8 passagers.<\/p>\nVous pouvez vous inscrire d\u00e8s 17 ans, et obtenir un r\u00e9sultat favorable \u00e0 l\u2019examen th\u00e9orique g\u00e9n\u00e9ral (code de la route) et \u00e0 l\u2019examen pratique\n\nL\u2019\u00e9valuation de d\u00e9part est obligatoire, elle prot\u00e8ge le consommateur des techniques abusives et vous permet d\u2019\u00eatre inform\u00e9, d\u00e8s le d\u00e9but de votre formation du nombre d\u2019heures que vous pouvez mettre \u00e0 apprendre \u00e0 conduire et le prix au quel cela peut vous revenir.\n\nPour cela, nous proc\u00e9dons \u00e0 une EVALUATION DE DEPART avant chaque conclusion de contrat.\n\nEVALUATION DE DEPART 60,00\u20ac\n\n<img class=\"custom-image lws-optimize-lazyload\"  alt=\"\" \/ data-src=\"https:\/\/automotoecoledestoril.fr\/wp-content\/uploads\/2023\/12\/CONTINUUM-PEDAGOGIQUE-Estoril-permisB-apercu.jpg\">\n\n<\/div>\n<div class=\"\" data-type=\"column\"><\/div>\n<\/div>\n<\/div>\n<\/div>\n<div id=\"pricing-tables-3\" class=\"pricing-double-colors-section\" style=\"background-color: #f6f6f6; background-image: none;\" data-label=\"Pricing-tables\" data-id=\"pricing-double-colors-section\" data-category=\"pricing-tables\" data-featured-class=\"pricing-featured\" data-ovid=\"ovid-pricing-tables-3-206\">\n<div class=\"gridContainer\">\n<div class=\"section-title-col dynamic-color\" data-type=\"column\">\n<h2 class=\"\">Tarifs<\/h2>\n<\/div>\n<div class=\"pricing-double-colors-row row\" data-type=\"row\">\n<div class=\"pricing-double-colors-pricecol border-bottom-alt-color cp6cols-tablet cp3cols\">\n<div class=\"pricing-double-colors-titlerow white-text bg-alt-color\" data-type=\"column\">\n<h4 class=\"pricing-double-colors-title\">Forfait 20 heures<\/h4>\nde formation la conduite\n\navec simulateur\n\n<\/div>\n<div class=\"pricing-double-colors-pricerow bg-alt-color\" data-type=\"column\">\n<p class=\"pricing-double-colors-price-text\"><span style=\"font-size: 27.972px;\">1082\u20ac TTC<\/span><\/p>\n<p class=\"pricing-double-colors-featured-text\">Most popular<\/p>\n\n<\/div>\n<div class=\"pricing-double-colors-featuresrow\">\n<ul class=\"pricing-double-colors-features-list\">\n \t<li class=\"pricing-double-colors-feature-item\">Frais de dossier et livret num\u00e9rique (144\u20ac)<\/li>\n \t<li class=\"pricing-double-colors-feature-item\">20 heures de formation \u00e0 la conduite dont : (879\u20ac)<\/li>\n \t<li class=\"pricing-double-colors-feature-item\">5 heures sur simulateur (d\u00e9but comp\u00e9tence 1)<\/li>\n \t<li class=\"pricing-double-colors-feature-item\">15 heures de conduite sur v\u00e9hicule<\/li>\n \t<li class=\"pricing-double-colors-feature-item\">1 accompagnement \u00e0 l\u2019examen (59\u20ac)<\/li>\n<\/ul>\n<\/div>\n<\/div>\n<div class=\"pricing-double-colors-pricecol border-bottom-alt-color cp6cols-tablet cp3cols\">\n<div class=\"pricing-double-colors-titlerow white-text bg-alt-color\" data-type=\"column\">\n<h4 class=\"pricing-double-colors-title\">Forfait 20 heures<\/h4>\nde formation \u00e0 la Conduite\n\nsans simulateur\n\n<\/div>\n<div class=\"pricing-double-colors-pricerow bg-alt-color\" data-type=\"column\">\n<p class=\"pricing-double-colors-price-text\"><span style=\"font-size: 27.972px;\">1307\u20ac TTC<\/span><\/p>\n<p class=\"pricing-double-colors-featured-text\">Most popular<\/p>\n\n<\/div>\n<div class=\"pricing-double-colors-featuresrow\">\n<ul class=\"pricing-double-colors-features-list\">\n \t<li class=\"pricing-double-colors-feature-item\">Frais de dossier et livret num\u00e9rique (144\u20ac)<\/li>\n \t<li class=\"pricing-double-colors-feature-item\">20 heures de formation \u00e0 la conduite (1104\u20ac)<\/li>\n \t<li class=\"pricing-double-colors-feature-item\">1 accompagnement \u00e0 l\u2019examen (59\u20ac)<\/li>\n<\/ul>\n<\/div>\n<\/div>\n<div class=\"pricing-double-colors-pricecol border-bottom-alt-color cp6cols-tablet cp3cols pricing-featured\">\n<div class=\"pricing-double-colors-titlerow white-text bg-alt-color\" data-type=\"column\">\n<h4 class=\"pricing-double-colors-title\">Forfait 25 heures<\/h4>\nde formation la conduite\n\navec simulateur\n\n<\/div>\n<div class=\"pricing-double-colors-pricerow bg-alt-color\" data-type=\"column\">\n<p class=\"pricing-double-colors-price-text\"><span style=\"font-size: 27.972px;\">1316\u20ac TTC<\/span><\/p>\n<p class=\"pricing-double-colors-featured-text\">Le plus souscrit<\/p>\n\n<\/div>\n<div class=\"pricing-double-colors-featuresrow\">\n<ul class=\"pricing-double-colors-features-list\">\n \t<li class=\"pricing-double-colors-feature-item\">Frais de dossier et livret num\u00e9rique (144\u20ac)<\/li>\n \t<li class=\"pricing-double-colors-feature-item\">25 heures de formation \u00e0 la conduite dont : (1113\u20ac)<\/li>\n \t<li class=\"pricing-double-colors-feature-item\">5 heures sur simulateur (d\u00e9but comp\u00e9tence 1)<\/li>\n \t<li class=\"pricing-double-colors-feature-item\">20 heures de conduite sur v\u00e9hicule<\/li>\n \t<li class=\"pricing-double-colors-feature-item\">1 accompagnement \u00e0 l\u2019examen (59\u20ac)<\/li>\n<\/ul>\n<\/div>\n<\/div>\n<div class=\"pricing-double-colors-pricecol border-bottom-alt-color cp6cols-tablet cp3cols\">\n<div class=\"pricing-double-colors-titlerow white-text bg-alt-color\" data-type=\"column\">\n<h4 class=\"pricing-double-colors-title\">Forfait 25 heures<\/h4>\nde formation \u00e0 la Conduite\n\nsans simulateur\n\n<\/div>\n<div class=\"pricing-double-colors-pricerow bg-alt-color\" data-type=\"column\">\n<p class=\"pricing-double-colors-price-text\"><span style=\"font-size: 27.972px;\">1526\u20ac TTC<\/span><\/p>\n<p class=\"pricing-double-colors-featured-text\">Most popular<\/p>\n\n<\/div>\n<div class=\"pricing-double-colors-featuresrow\">\n<ul class=\"pricing-double-colors-features-list\">\n \t<li class=\"pricing-double-colors-feature-item\">Frais de dossier et livret num\u00e9rique (144\u20ac)<\/li>\n \t<li class=\"pricing-double-colors-feature-item\">25 heures de formation \u00e0 la conduite (1323\u20ac)<\/li>\n \t<li class=\"pricing-double-colors-feature-item\">1 accompagnement \u00e0 l\u2019examen (59\u20ac)<\/li>\n<\/ul>\n<\/div>\n<\/div>\n<\/div>\n<\/div>\n<\/div>\n<div id=\"about-us-1\" class=\"about-image-section-pro about-image-section-pro-1\" style=\"background-color: #ffffff;\" data-label=\"About us\" data-id=\"about-image-section-pro-1\" data-category=\"about\">\n<div class=\"\">\n<div class=\"row about-image-gridcol-pro\">\n<div class=\"about-image-textcol-pro\" data-type=\"column\">\n<p class=\"\" style=\"text-align: left;\">Pour toutes formations, vous avez le choix d\u2019utiliser ou non le simulateur, les r\u00e9glements se font au fur et \u00e0 mesure de ce que vous consommez.<\/p>\n<p class=\"\" style=\"text-align: left;\">L\u2019\u00e9preuve pratique dure 32 minutes.<\/p>\n<p class=\"\" style=\"text-align: left;\">L\u2019\u00e9preuve pratique comporte les \u00e9l\u00e9ments suivants :<\/p>\n\u2022 Phase de conduite d\u2019au moins 25 minutes\n\n\u2022 R\u00e9alisation de 2 man\u0153uvres diff\u00e9rentes (un freinage pour s\u2019arr\u00eater avec pr\u00e9cision et une man\u0153uvre en marche arri\u00e8re)\n\n\u2022 V\u00e9rification d\u2019un \u00e9l\u00e9ment technique \u00e0 l\u2019int\u00e9rieur ou \u00e0 l\u2019ext\u00e9rieur du v\u00e9hicule (cette \u00e9preuve est interrompue jusqu\u2019au 30 juin 2022)\n\n\u2022 Question en lien avec la s\u00e9curit\u00e9 routi\u00e8re\n\n\u2022 Question sur les notions \u00e9l\u00e9mentaires de premiers secours\n<p class=\"\" style=\"text-align: left;\">Pour \u00eatre re\u00e7u, vous devez obtenir 20 points ou plus et ne pas commettre d\u2019erreur \u00e9liminatoire.<\/p>\nApr\u00e8s l\u2019\u00e9preuve pratique, l\u2019inspecteur ne vous communique pas oralement le r\u00e9sultat.\n\nVous devez consulter les r\u00e9sultats en ligne sur le site de la S\u00e9curit\u00e9 routi\u00e8re 48 heures apr\u00e8s l\u2019examen.\n\n<span style=\"text-decoration: underline;\"><span style=\"font-weight: bold;\">DOCUMENTS A FOURNIR POUR S\u2019INSCRIRE :\n<\/span><\/span>\n\nLes enregistrements en pr\u00e9fecture se font dor\u00e9navant de mani\u00e8re d\u00e9mat\u00e9rialis\u00e9s,\n\nvia le site internet de L \u2018Agence Nationale des Titres Securis\u00e9s ANTS.\n<p class=\"\" style=\"text-align: left;\">VOUS POUVEZ DESORMAIS FAIRE PARVENIR VOS DOCUMENTS SOUS FORMAT PDF OU JPEG<\/p>\n<p class=\"\" style=\"text-align: left;\">\u2022 photos d\u2019identit\u00e9 AVEC SIGNATURE NUMERISEES E-PHOTOS AGREES ANTS<\/p>\n\u2022 1 copie recto verso de la pi\u00e8ce d\u2019identit\u00e9.\n\n\u2022 1 Justificatif de domicile de moins de 6 mois (les \u00e9ch\u00e9anciers ne sont pas accept\u00e9s).\n\n\u2022 1 attestation d\u2019h\u00e9bergement (si le justificatif de domicile n\u2019est pas au nom du candidat)\n\n\u2022 1 copie recto verso de la pi\u00e8ce d\u2019identit\u00e9 de l\u2019h\u00e9bergeur\n\n\u2022 2 enveloppes autocollantes, format A5\n\n\u2022 2 timbres au tarif prioritaire (rouges).\n\n\u2022 1 copie de l\u2019ASSR2\n\n\u2022 R\u00e9sultat de l\u2019examen du code de la route\n<p class=\"\" style=\"text-align: left;\">\u2022 1 photocopie de l\u2019attestation de recensement (hommes de moins de 26 ans et femmes n\u00e9es apr\u00e8s 1983) OU copie du certificat individuel de la participation \u00e0 la journ\u00e9e d\u2019appel de pr\u00e9paration \u00e0 la d\u00e9fense OU attestation provisoire avec date de validit\u00e9 (si la journ\u00e9e de pr\u00e9paration \u00e0 la d\u00e9fense n\u2019est pas faite)<\/p>\n\n<\/div>\n<div class=\"\" style=\"text-align: left;\" data-type=\"column\"><\/div>\n<\/div>\n<\/div>\n<\/div>","protected":false},"excerpt":{"rendered":"<p>Le permis B permet de conduire des voitures dont le poids en charges est inf\u00e9rieur \u00e0 3,5 tonnes, et qui ne peuvent transporter plus de 8 passagers. Vous pouvez vous inscrire d\u00e8s 17 ans, et obtenir un r\u00e9sultat favorable \u00e0 l\u2019examen th\u00e9orique g\u00e9n\u00e9ral (code de la route) et \u00e0 l\u2019examen pratique L\u2019\u00e9valuation de d\u00e9part est&hellip; <br \/> <a class=\"button small blue\" href=\"https:\/\/automotoecoledestoril.fr\/?p=1\">Lire la suite<\/a><\/p>\n","protected":false},"author":1,"featured_media":0,"parent":0,"menu_order":0,"comment_status":"closed","ping_status":"closed","template":"full-width-page.php","meta":{"footnotes":""},"yoast_head":"<!-- This site is optimized with the Yoast SEO plugin v21.5 - https:\/\/yoast.com\/wordpress\/plugins\/seo\/ -->\n<title>Permis B - Auto Ecole d&#039;Estoril<\/title>\n<meta name=\"robots\" content=\"index, follow, max-snippet:-1, max-image-preview:large, max-video-preview:-1\" \/>\n<link rel=\"canonical\" href=\"https:\/\/automotoecoledestoril.fr\/?page_id=100\" \/>\n<meta property=\"og:locale\" content=\"fr_FR\" \/>\n<meta property=\"og:type\" content=\"article\" \/>\n<meta property=\"og:title\" content=\"Permis B - Auto Ecole d&#039;Estoril\" \/>\n<meta property=\"og:description\" content=\"Le permis B permet de conduire des voitures dont le poids en charges est inf\u00e9rieur \u00e0 3,5 tonnes, et qui ne peuvent transporter plus de 8 passagers. Vous pouvez vous inscrire d\u00e8s 17 ans, et obtenir un r\u00e9sultat favorable \u00e0 l\u2019examen th\u00e9orique g\u00e9n\u00e9ral (code de la route) et \u00e0 l\u2019examen pratique L\u2019\u00e9valuation de d\u00e9part est&hellip; Lire la suite\" \/>\n<meta property=\"og:url\" content=\"https:\/\/automotoecoledestoril.fr\/?page_id=100\" \/>\n<meta property=\"og:site_name\" content=\"Auto Ecole d&#039;Estoril\" \/>\n<meta property=\"article:modified_time\" content=\"2025-01-10T15:33:43+00:00\" \/>\n<meta property=\"og:image\" content=\"https:\/\/automotoecoledestoril.fr\/wp-content\/uploads\/2023\/12\/CONTINUUM-PEDAGOGIQUE-Estoril-permisB-apercu.jpg\" \/>\n<meta name=\"twitter:label1\" content=\"Dur\u00e9e de lecture estim\u00e9e\" \/>\n\t<meta name=\"twitter:data1\" content=\"4 minutes\" \/>\n<script type=\"application\/ld+json\" class=\"yoast-schema-graph\">{\"@context\":\"https:\/\/schema.org\",\"@graph\":[{\"@type\":\"WebPage\",\"@id\":\"https:\/\/automotoecoledestoril.fr\/?page_id=100\",\"url\":\"https:\/\/automotoecoledestoril.fr\/?page_id=100\",\"name\":\"Permis B - Auto Ecole d&#039;Estoril\",\"isPartOf\":{\"@id\":\"https:\/\/automotoecoledestoril.fr\/#website\"},\"datePublished\":\"2023-01-09T14:55:15+00:00\",\"dateModified\":\"2025-01-10T15:33:43+00:00\",\"inLanguage\":\"fr-FR\",\"potentialAction\":[{\"@type\":\"ReadAction\",\"target\":[\"https:\/\/automotoecoledestoril.fr\/?page_id=100\"]}]},{\"@type\":\"WebSite\",\"@id\":\"https:\/\/automotoecoledestoril.fr\/#website\",\"url\":\"https:\/\/automotoecoledestoril.fr\/\",\"name\":\"Auto Ecole d&#039;Estoril\",\"description\":\"\",\"publisher\":{\"@id\":\"https:\/\/automotoecoledestoril.fr\/#organization\"},\"potentialAction\":[{\"@type\":\"SearchAction\",\"target\":{\"@type\":\"EntryPoint\",\"urlTemplate\":\"https:\/\/automotoecoledestoril.fr\/?s={search_term_string}\"},\"query-input\":\"required name=search_term_string\"}],\"inLanguage\":\"fr-FR\"},{\"@type\":\"Organization\",\"@id\":\"https:\/\/automotoecoledestoril.fr\/#organization\",\"name\":\"Auto Ecole d&#039;Estoril\",\"url\":\"https:\/\/automotoecoledestoril.fr\/\",\"logo\":{\"@type\":\"ImageObject\",\"inLanguage\":\"fr-FR\",\"@id\":\"https:\/\/automotoecoledestoril.fr\/#\/schema\/logo\/image\/\",\"url\":\"https:\/\/automotoecoledestoril.fr\/wp-content\/uploads\/2023\/11\/cropped-estoril.png\",\"contentUrl\":\"https:\/\/automotoecoledestoril.fr\/wp-content\/uploads\/2023\/11\/cropped-estoril.png\",\"width\":1071,\"height\":358,\"caption\":\"Auto Ecole d&#039;Estoril\"},\"image\":{\"@id\":\"https:\/\/automotoecoledestoril.fr\/#\/schema\/logo\/image\/\"}}]}<\/script>\n<!-- \/ Yoast SEO plugin. -->","yoast_head_json":{"title":"Permis B - Auto Ecole d&#039;Estoril","robots":{"index":"index","follow":"follow","max-snippet":"max-snippet:-1","max-image-preview":"max-image-preview:large","max-video-preview":"max-video-preview:-1"},"canonical":"https:\/\/automotoecoledestoril.fr\/?page_id=100","og_locale":"fr_FR","og_type":"article","og_title":"Permis B - Auto Ecole d&#039;Estoril","og_description":"Le permis B permet de conduire des voitures dont le poids en charges est inf\u00e9rieur \u00e0 3,5 tonnes, et qui ne peuvent transporter plus de 8 passagers. Vous pouvez vous inscrire d\u00e8s 17 ans, et obtenir un r\u00e9sultat favorable \u00e0 l\u2019examen th\u00e9orique g\u00e9n\u00e9ral (code de la route) et \u00e0 l\u2019examen pratique L\u2019\u00e9valuation de d\u00e9part est&hellip; Lire la suite","og_url":"https:\/\/automotoecoledestoril.fr\/?page_id=100","og_site_name":"Auto Ecole d&#039;Estoril","article_modified_time":"2025-01-10T15:33:43+00:00","og_image":[{"url":"https:\/\/automotoecoledestoril.fr\/wp-content\/uploads\/2023\/12\/CONTINUUM-PEDAGOGIQUE-Estoril-permisB-apercu.jpg"}],"twitter_misc":{"Dur\u00e9e de lecture estim\u00e9e":"4 minutes"},"schema":{"@context":"https:\/\/schema.org","@graph":[{"@type":"WebPage","@id":"https:\/\/automotoecoledestoril.fr\/?page_id=100","url":"https:\/\/automotoecoledestoril.fr\/?page_id=100","name":"Permis B - Auto Ecole d&#039;Estoril","isPartOf":{"@id":"https:\/\/automotoecoledestoril.fr\/#website"},"datePublished":"2023-01-09T14:55:15+00:00","dateModified":"2025-01-10T15:33:43+00:00","inLanguage":"fr-FR","potentialAction":[{"@type":"ReadAction","target":["https:\/\/automotoecoledestoril.fr\/?page_id=100"]}]},{"@type":"WebSite","@id":"https:\/\/automotoecoledestoril.fr\/#website","url":"https:\/\/automotoecoledestoril.fr\/","name":"Auto Ecole d&#039;Estoril","description":"","publisher":{"@id":"https:\/\/automotoecoledestoril.fr\/#organization"},"potentialAction":[{"@type":"SearchAction","target":{"@type":"EntryPoint","urlTemplate":"https:\/\/automotoecoledestoril.fr\/?s={search_term_string}"},"query-input":"required name=search_term_string"}],"inLanguage":"fr-FR"},{"@type":"Organization","@id":"https:\/\/automotoecoledestoril.fr\/#organization","name":"Auto Ecole d&#039;Estoril","url":"https:\/\/automotoecoledestoril.fr\/","logo":{"@type":"ImageObject","inLanguage":"fr-FR","@id":"https:\/\/automotoecoledestoril.fr\/#\/schema\/logo\/image\/","url":"https:\/\/automotoecoledestoril.fr\/wp-content\/uploads\/2023\/11\/cropped-estoril.png","contentUrl":"https:\/\/automotoecoledestoril.fr\/wp-content\/uploads\/2023\/11\/cropped-estoril.png","width":1071,"height":358,"caption":"Auto Ecole d&#039;Estoril"},"image":{"@id":"https:\/\/automotoecoledestoril.fr\/#\/schema\/logo\/image\/"}}]}},"_links":{"self":[{"href":"https:\/\/automotoecoledestoril.fr\/index.php?rest_route=\/wp\/v2\/pages\/100"}],"collection":[{"href":"https:\/\/automotoecoledestoril.fr\/index.php?rest_route=\/wp\/v2\/pages"}],"about":[{"href":"https:\/\/automotoecoledestoril.fr\/index.php?rest_route=\/wp\/v2\/types\/page"}],"author":[{"embeddable":true,"href":"https:\/\/automotoecoledestoril.fr\/index.php?rest_route=\/wp\/v2\/users\/1"}],"replies":[{"embeddable":true,"href":"https:\/\/automotoecoledestoril.fr\/index.php?rest_route=%2Fwp%2Fv2%2Fcomments&post=100"}],"version-history":[{"count":11,"href":"https:\/\/automotoecoledestoril.fr\/index.php?rest_route=\/wp\/v2\/pages\/100\/revisions"}],"predecessor-version":[{"id":310,"href":"https:\/\/automotoecoledestoril.fr\/index.php?rest_route=\/wp\/v2\/pages\/100\/revisions\/310"}],"wp:attachment":[{"href":"https:\/\/automotoecoledestoril.fr\/index.php?rest_route=%2Fwp%2Fv2%2Fmedia&parent=100"}],"curies":[{"name":"wp","href":"https:\/\/api.w.org\/{rel}","templated":true}]}}